{"id":8419,"date":"2025-09-18T16:37:20","date_gmt":"2025-09-18T14:37:20","guid":{"rendered":"https:\/\/mobuilding.eu\/news\/"},"modified":"2025-11-03T15:04:06","modified_gmt":"2025-11-03T14:04:06","slug":"news","status":"publish","type":"page","link":"https:\/\/mobuilding.eu\/es\/news\/","title":{"rendered":"Noticias"},"content":{"rendered":"\t\t<div data-elementor-type=\"wp-page\" data-elementor-id=\"8419\" class=\"elementor elementor-8419 elementor-7777\">\n\t\t\t\t<div class=\"elementor-element elementor-element-850805b e-flex e-con-boxed wpr-particle-no wpr-jarallax-no wpr-parallax-no wpr-sticky-section-no wpr-equal-height-no e-con e-parent\" data-id=\"850805b\" data-element_type=\"container\" data-e-type=\"container\" data-settings=\"{&quot;background_background&quot;:&quot;classic&quot;}\">\n\t\t\t\t\t<div class=\"e-con-inner\">\n\t\t\t\t<div class=\"elementor-element elementor-element-3597e6c elementor-widget elementor-widget-text-editor\" data-id=\"3597e6c\" data-element_type=\"widget\" data-e-type=\"widget\" data-widget_type=\"text-editor.default\">\n\t\t\t\t<div class=\"elementor-widget-container\">\n\t\t\t\t\t\t\t\t\t<p><strong>Noticias<\/strong><\/p>\t\t\t\t\t\t\t\t<\/div>\n\t\t\t\t<\/div>\n\t\t\t\t\t<\/div>\n\t\t\t\t<\/div>\n\t\t<div class=\"elementor-element elementor-element-9088fe5 e-flex e-con-boxed wpr-particle-no wpr-jarallax-no wpr-parallax-no wpr-sticky-section-no wpr-equal-height-no e-con e-parent\" data-id=\"9088fe5\" data-element_type=\"container\" data-e-type=\"container\">\n\t\t\t\t\t<div class=\"e-con-inner\">\n\t\t<div class=\"elementor-element elementor-element-48feb30 e-con-full e-flex wpr-particle-no wpr-jarallax-no wpr-parallax-no wpr-sticky-section-no wpr-equal-height-no e-con e-child\" data-id=\"48feb30\" data-element_type=\"container\" data-e-type=\"container\">\n\t\t\t\t<div class=\"elementor-element elementor-element-195a460 wpr-grid-columns--tablet2 wpr-grid-columns--mobile1 wpr-item-styles-wrapper elementor-widget-tablet__width-inherit elementor-widget-mobile__width-initial wpr-grid-columns-2 wpr-grid-pagination-center elementor-widget elementor-widget-wpr-grid\" data-id=\"195a460\" data-element_type=\"widget\" data-e-type=\"widget\" data-widget_type=\"wpr-grid.default\">\n\t\t\t\t<div class=\"elementor-widget-container\">\n\t\t\t\t\t<ul class=\"wpr-grid-filters elementor-clearfix wpr-grid-filters-sep-right\"><li class=\" wpr-pointer-none wpr-pointer-line-fx wpr-pointer-fx-none\"><span  data-filter=\"*\" class=\"wpr-grid-filters-item wpr-active-filter \">All Posts<\/span><em class=\"wpr-grid-filters-sep\"><\/em><\/li><li class=\" wpr-pointer-none wpr-pointer-line-fx wpr-pointer-fx-none\"><span   data-ajax-filter=[\"category\",\"sin-categoria-es\"]  data-filter=\".category-sin-categoria-es\">Sin categor\u00eda<\/span><em class=\"wpr-grid-filters-sep\"><\/em><\/li><\/ul><section class=\"wpr-grid elementor-clearfix\" data-settings=\"{&quot;layout&quot;:&quot;fitRows&quot;,&quot;stick_last_element_to_bottom&quot;:&quot;&quot;,&quot;columns_desktop&quot;:&quot;2&quot;,&quot;gutter_hr&quot;:15,&quot;gutter_hr_mobile&quot;:5,&quot;gutter_hr_mobile_extra&quot;:5,&quot;gutter_hr_tablet&quot;:5,&quot;gutter_hr_tablet_extra&quot;:15,&quot;gutter_hr_laptop&quot;:15,&quot;gutter_hr_widescreen&quot;:15,&quot;gutter_vr&quot;:15,&quot;gutter_vr_mobile&quot;:15,&quot;gutter_vr_mobile_extra&quot;:5,&quot;gutter_vr_tablet&quot;:5,&quot;gutter_vr_tablet_extra&quot;:15,&quot;gutter_vr_laptop&quot;:15,&quot;gutter_vr_widescreen&quot;:15,&quot;animation&quot;:&quot;default&quot;,&quot;animation_duration&quot;:0.3,&quot;animation_delay&quot;:0.1,&quot;deeplinking&quot;:&quot;&quot;,&quot;filters_linkable&quot;:&quot;no&quot;,&quot;filters_default_filter&quot;:&quot;&quot;,&quot;filters_count&quot;:&quot;&quot;,&quot;filters_hide_empty&quot;:&quot;no&quot;,&quot;filters_animation&quot;:&quot;default&quot;,&quot;filters_animation_duration&quot;:0.3,&quot;filters_animation_delay&quot;:0.1,&quot;pagination_type&quot;:&quot;load-more&quot;,&quot;pagination_max_pages&quot;:1,&quot;lightbox&quot;:{&quot;selector&quot;:&quot;.wpr-grid-image-wrap&quot;,&quot;iframeMaxWidth&quot;:&quot;60%&quot;,&quot;hash&quot;:false,&quot;autoplay&quot;:&quot;true&quot;,&quot;pause&quot;:5000,&quot;progressBar&quot;:&quot;true&quot;,&quot;counter&quot;:&quot;true&quot;,&quot;controls&quot;:&quot;true&quot;,&quot;getCaptionFromTitleOrAlt&quot;:&quot;true&quot;,&quot;thumbnail&quot;:&quot;&quot;,&quot;showThumbByDefault&quot;:&quot;&quot;,&quot;share&quot;:&quot;&quot;,&quot;zoom&quot;:&quot;true&quot;,&quot;fullScreen&quot;:&quot;true&quot;,&quot;download&quot;:&quot;true&quot;}}\" data-advanced-filters=\"no\"><article class=\"wpr-grid-item elementor-clearfix post-8913 post type-post status-publish format-standard has-post-thumbnail hentry category-sin-categoria-es\"><div class=\"wpr-grid-item-inner\"><div class=\"wpr-grid-media-wrap wpr-effect-size-medium \" data-overlay-link=\"yes\"><div class=\"wpr-grid-image-wrap\" data-src=\"https:\/\/mobuilding.eu\/wp-content\/uploads\/2025\/02\/ok.jpeg\" data-img-on-hover=\"\"  data-src-secondary=\"\"><img decoding=\"async\" data-no-lazy=\"1\" src=\"https:\/\/mobuilding.eu\/wp-content\/uploads\/2025\/02\/ok.jpeg\" alt=\"MOBUILDING se uni\u00f3 a la SEMANA DE INAUGURACI\u00d3N DEL CENTRO DE EXCELENCIA EUROPEO Parque Cient\u00edfico y Tecnol\u00f3gico de Skopje\" class=\"wpr-anim-timing-ease-default\"><\/div><div class=\"wpr-grid-media-hover wpr-animation-wrap\"><div class=\"wpr-grid-media-hover-bg  wpr-overlay-fade-in wpr-anim-size-large wpr-anim-timing-ease-default wpr-anim-transparency\" data-url=\"https:\/\/mobuilding.eu\/es\/lorem-ipsum-dolor-sit-amet-consectetur-adipiscing-elit-4\/\"><\/div><\/div><\/div><div class=\"wpr-grid-item-below-content elementor-clearfix\"><h2 class=\"wpr-grid-item-title elementor-repeater-item-4ee6d51 wpr-grid-item-display-block wpr-grid-item-align-left wpr-pointer-none wpr-pointer-line-fx wpr-pointer-fx-fade\"><div class=\"inner-block\"><a target=\"_self\"  href=\"https:\/\/mobuilding.eu\/es\/lorem-ipsum-dolor-sit-amet-consectetur-adipiscing-elit-4\/\">MOBUILDING se uni\u00f3 a la SEMANA DE INAUGURACI\u00d3N DEL CENTRO&hellip;<\/a><\/div><\/h2><div class=\"wpr-grid-item-date elementor-repeater-item-3d9fed7 wpr-grid-item-display-inline wpr-grid-item-align-left\"><div class=\"inner-block\"><span>18\/02\/2025<span class=\"wpr-grid-extra-text-right\"><\/span><\/span><\/div><\/div><div class=\"wpr-grid-item-excerpt elementor-repeater-item-66056a0 wpr-grid-item-display-block wpr-grid-item-align-left\"><div class=\"inner-block\"><p>Del 12 al 18 de septiembre de 2025, el proyecto MOBUILDING particip\u00f3 en la Semana Inaugural del Centro de Excelencia de la UE SPACE Park en Skopje, Macedonia del Norte, un evento europeo clave dedicado a la innovaci\u00f3n, la excelencia...<\/p><\/div><\/div><div class=\"wpr-grid-item-read-more elementor-repeater-item-8eef722 wpr-grid-item-display-block wpr-grid-item-align-left\"><div class=\"inner-block\"><a target=\"_self\" href=\"https:\/\/mobuilding.eu\/es\/lorem-ipsum-dolor-sit-amet-consectetur-adipiscing-elit-4\/\" class=\"wpr-button-effect wpr-button-none\"><span>Leer M\u00e1s<\/span><\/a><\/div><\/div><\/div><\/div><\/article><article class=\"wpr-grid-item elementor-clearfix post-8923 post type-post status-publish format-standard has-post-thumbnail hentry category-sin-categoria-es\"><div class=\"wpr-grid-item-inner\"><div class=\"wpr-grid-media-wrap wpr-effect-size-medium \" data-overlay-link=\"yes\"><div class=\"wpr-grid-image-wrap\" data-src=\"https:\/\/mobuilding.eu\/wp-content\/uploads\/2025\/01\/ok2.jpeg\" data-img-on-hover=\"\"  data-src-secondary=\"\"><img decoding=\"async\" data-no-lazy=\"1\" src=\"https:\/\/mobuilding.eu\/wp-content\/uploads\/2025\/01\/ok2.jpeg\" alt=\"El equipo de MOBUILDING se une al IV Foro de Educaci\u00f3n y Formaci\u00f3n Profesional de Castilla y Le\u00f3n\" class=\"wpr-anim-timing-ease-default\"><\/div><div class=\"wpr-grid-media-hover wpr-animation-wrap\"><div class=\"wpr-grid-media-hover-bg  wpr-overlay-fade-in wpr-anim-size-large wpr-anim-timing-ease-default wpr-anim-transparency\" data-url=\"https:\/\/mobuilding.eu\/es\/lorem-ipsum-dolor-sit-amet-consectetur-adipiscing-elit-5\/\"><\/div><\/div><\/div><div class=\"wpr-grid-item-below-content elementor-clearfix\"><h2 class=\"wpr-grid-item-title elementor-repeater-item-4ee6d51 wpr-grid-item-display-block wpr-grid-item-align-left wpr-pointer-none wpr-pointer-line-fx wpr-pointer-fx-fade\"><div class=\"inner-block\"><a target=\"_self\"  href=\"https:\/\/mobuilding.eu\/es\/lorem-ipsum-dolor-sit-amet-consectetur-adipiscing-elit-5\/\">El equipo de MOBUILDING se une al IV Foro de&hellip;<\/a><\/div><\/h2><div class=\"wpr-grid-item-date elementor-repeater-item-3d9fed7 wpr-grid-item-display-inline wpr-grid-item-align-left\"><div class=\"inner-block\"><span>10\/01\/2025<span class=\"wpr-grid-extra-text-right\"><\/span><\/span><\/div><\/div><div class=\"wpr-grid-item-excerpt elementor-repeater-item-66056a0 wpr-grid-item-display-block wpr-grid-item-align-left\"><div class=\"inner-block\"><p>El IV Foro de Educaci\u00f3n y Formaci\u00f3n Profesional de Castilla y Le\u00f3n se celebr\u00f3 los d\u00edas 8 y 9 de abril en el Palacio de Congresos de Valladolid (Espa\u00f1a). El director de INFODEF, Jes\u00fas Boyano, particip\u00f3 en la mesa redonda...<\/p><\/div><\/div><div class=\"wpr-grid-item-read-more elementor-repeater-item-8eef722 wpr-grid-item-display-block wpr-grid-item-align-left\"><div class=\"inner-block\"><a target=\"_self\" href=\"https:\/\/mobuilding.eu\/es\/lorem-ipsum-dolor-sit-amet-consectetur-adipiscing-elit-5\/\" class=\"wpr-button-effect wpr-button-none\"><span>Leer M\u00e1s<\/span><\/a><\/div><\/div><\/div><\/div><\/article><article class=\"wpr-grid-item elementor-clearfix post-8933 post type-post status-publish format-standard has-post-thumbnail hentry category-sin-categoria-es\"><div class=\"wpr-grid-item-inner\"><div class=\"wpr-grid-media-wrap wpr-effect-size-medium \" data-overlay-link=\"yes\"><div class=\"wpr-grid-image-wrap\" data-src=\"https:\/\/mobuilding.eu\/wp-content\/uploads\/2024\/12\/ok1.jpeg\" data-img-on-hover=\"\"  data-src-secondary=\"\"><img decoding=\"async\" data-no-lazy=\"1\" src=\"https:\/\/mobuilding.eu\/wp-content\/uploads\/2024\/12\/ok1.jpeg\" alt=\"Reuni\u00f3n inaugural del proyecto MOBUILDING en Valladolid, Espa\u00f1a\" class=\"wpr-anim-timing-ease-default\"><\/div><div class=\"wpr-grid-media-hover wpr-animation-wrap\"><div class=\"wpr-grid-media-hover-bg  wpr-overlay-fade-in wpr-anim-size-large wpr-anim-timing-ease-default wpr-anim-transparency\" data-url=\"https:\/\/mobuilding.eu\/es\/lorem-ipsum-dolor-sit-amet-consectetur-adipiscing-elit-6\/\"><\/div><\/div><\/div><div class=\"wpr-grid-item-below-content elementor-clearfix\"><h2 class=\"wpr-grid-item-title elementor-repeater-item-4ee6d51 wpr-grid-item-display-block wpr-grid-item-align-left wpr-pointer-none wpr-pointer-line-fx wpr-pointer-fx-fade\"><div class=\"inner-block\"><a target=\"_self\"  href=\"https:\/\/mobuilding.eu\/es\/lorem-ipsum-dolor-sit-amet-consectetur-adipiscing-elit-6\/\">Reuni\u00f3n inaugural del proyecto MOBUILDING en Valladolid, Espa\u00f1a<\/a><\/div><\/h2><div class=\"wpr-grid-item-date elementor-repeater-item-3d9fed7 wpr-grid-item-display-inline wpr-grid-item-align-left\"><div class=\"inner-block\"><span>05\/12\/2024<span class=\"wpr-grid-extra-text-right\"><\/span><\/span><\/div><\/div><div class=\"wpr-grid-item-excerpt elementor-repeater-item-66056a0 wpr-grid-item-display-block wpr-grid-item-align-left\"><div class=\"inner-block\"><p>Los d\u00edas 9 y 10 de abril, INFODEF acogi\u00f3 la reuni\u00f3n inaugural del proyecto MOBUILDING en Valladolid, que reuni\u00f3 a socios de siete pa\u00edses para la primera reuni\u00f3n presencial del consorcio. El evento marc\u00f3 el lanzamiento oficial de esta ambiciosa...<\/p><\/div><\/div><div class=\"wpr-grid-item-read-more elementor-repeater-item-8eef722 wpr-grid-item-display-block wpr-grid-item-align-left\"><div class=\"inner-block\"><a target=\"_self\" href=\"https:\/\/mobuilding.eu\/es\/lorem-ipsum-dolor-sit-amet-consectetur-adipiscing-elit-6\/\" class=\"wpr-button-effect wpr-button-none\"><span>Leer M\u00e1s<\/span><\/a><\/div><\/div><\/div><\/div><\/article><article class=\"wpr-grid-item elementor-clearfix post-8943 post type-post status-publish format-standard has-post-thumbnail hentry category-sin-categoria-es\"><div class=\"wpr-grid-item-inner\"><div class=\"wpr-grid-media-wrap wpr-effect-size-medium \" data-overlay-link=\"yes\"><div class=\"wpr-grid-image-wrap\" data-src=\"https:\/\/mobuilding.eu\/wp-content\/uploads\/2024\/11\/2_EN.png\" data-img-on-hover=\"\"  data-src-secondary=\"\"><img decoding=\"async\" data-no-lazy=\"1\" src=\"https:\/\/mobuilding.eu\/wp-content\/uploads\/2024\/11\/2_EN.png\" alt=\"MOBUILDING: un enfoque estrat\u00e9gico para apoyar la movilidad de los aprendices en el sector de la construcci\u00f3n\" class=\"wpr-anim-timing-ease-default\"><\/div><div class=\"wpr-grid-media-hover wpr-animation-wrap\"><div class=\"wpr-grid-media-hover-bg  wpr-overlay-fade-in wpr-anim-size-large wpr-anim-timing-ease-default wpr-anim-transparency\" data-url=\"https:\/\/mobuilding.eu\/es\/lorem-ipsum-dolor-sit-amet-consectetur-adipiscing-elit-7\/\"><\/div><\/div><\/div><div class=\"wpr-grid-item-below-content elementor-clearfix\"><h2 class=\"wpr-grid-item-title elementor-repeater-item-4ee6d51 wpr-grid-item-display-block wpr-grid-item-align-left wpr-pointer-none wpr-pointer-line-fx wpr-pointer-fx-fade\"><div class=\"inner-block\"><a target=\"_self\"  href=\"https:\/\/mobuilding.eu\/es\/lorem-ipsum-dolor-sit-amet-consectetur-adipiscing-elit-7\/\">MOBUILDING: un enfoque estrat\u00e9gico para apoyar la movilidad de los&hellip;<\/a><\/div><\/h2><div class=\"wpr-grid-item-date elementor-repeater-item-3d9fed7 wpr-grid-item-display-inline wpr-grid-item-align-left\"><div class=\"inner-block\"><span>09\/11\/2024<span class=\"wpr-grid-extra-text-right\"><\/span><\/span><\/div><\/div><div class=\"wpr-grid-item-excerpt elementor-repeater-item-66056a0 wpr-grid-item-display-block wpr-grid-item-align-left\"><div class=\"inner-block\"><p>MOBUILDING es una iniciativa Policy Experimentation del programa Erasmus+ que tiene como objetivo desarrollar un enfoque estrat\u00e9gico y sostenible para apoyar, ampliar e institucionalizar la movilidad de los aprendices en el sector de la construcci\u00f3n en toda Europa. El sector...<\/p><\/div><\/div><div class=\"wpr-grid-item-read-more elementor-repeater-item-8eef722 wpr-grid-item-display-block wpr-grid-item-align-left\"><div class=\"inner-block\"><a target=\"_self\" href=\"https:\/\/mobuilding.eu\/es\/lorem-ipsum-dolor-sit-amet-consectetur-adipiscing-elit-7\/\" class=\"wpr-button-effect wpr-button-none\"><span>Leer M\u00e1s<\/span><\/a><\/div><\/div><\/div><\/div><\/article><\/section>\t\t\t\t<\/div>\n\t\t\t\t<\/div>\n\t\t\t\t<\/div>\n\t\t<div class=\"elementor-element elementor-element-b7e71db e-con-full e-flex wpr-particle-no wpr-jarallax-no wpr-parallax-no wpr-sticky-section-no wpr-equal-height-no e-con e-child\" data-id=\"b7e71db\" data-element_type=\"container\" data-e-type=\"container\">\n\t\t\t\t<div class=\"elementor-element elementor-element-1c89682 elementor-widget elementor-widget-heading\" data-id=\"1c89682\" data-element_type=\"widget\" data-e-type=\"widget\" data-widget_type=\"heading.default\">\n\t\t\t\t<div class=\"elementor-widget-container\">\n\t\t\t\t\t<h2 class=\"elementor-heading-title elementor-size-default\">Redes Sociales<\/h2>\t\t\t\t<\/div>\n\t\t\t\t<\/div>\n\t\t\t\t<div class=\"elementor-element elementor-element-b0dde4f elementor-widget elementor-widget-heading\" data-id=\"b0dde4f\" data-element_type=\"widget\" data-e-type=\"widget\" data-widget_type=\"heading.default\">\n\t\t\t\t<div class=\"elementor-widget-container\">\n\t\t\t\t\t<h2 class=\"elementor-heading-title elementor-size-default\">S\u00edguenos<\/h2>\t\t\t\t<\/div>\n\t\t\t\t<\/div>\n\t\t\t\t<div class=\"elementor-element elementor-element-bb8cc6a e-grid-align-right elementor-shape-rounded elementor-grid-0 elementor-widget elementor-widget-social-icons\" data-id=\"bb8cc6a\" data-element_type=\"widget\" data-e-type=\"widget\" data-widget_type=\"social-icons.default\">\n\t\t\t\t<div class=\"elementor-widget-container\">\n\t\t\t\t\t\t\t<div class=\"elementor-social-icons-wrapper elementor-grid\" role=\"list\">\n\t\t\t\t\t\t\t<span class=\"elementor-grid-item\" role=\"listitem\">\n\t\t\t\t\t<a class=\"elementor-icon elementor-social-icon elementor-social-icon- elementor-animation-pop elementor-repeater-item-079a91a\" href=\"https:\/\/www.facebook.com\/profile.php?id=61580083154156\" target=\"_blank\">\n\t\t\t\t\t\t<span class=\"elementor-screen-only\"><\/span>\n\t\t\t\t\t\t<svg xmlns=\"http:\/\/www.w3.org\/2000\/svg\" id=\"Layer_1\" height=\"512\" viewBox=\"0 0 100 100\" width=\"512\"><g id=\"_x30_1._Facebook\"><path id=\"Icon_11_\" d=\"m40.4 55.2c-.3 0-6.9 0-9.9 0-1.6 0-2.1-.6-2.1-2.1 0-4 0-8.1 0-12.1 0-1.6.6-2.1 2.1-2.1h9.9c0-.3 0-6.1 0-8.8 0-4 .7-7.8 2.7-11.3 2.1-3.6 5.1-6 8.9-7.4 2.5-.9 5-1.3 7.7-1.3h9.8c1.4 0 2 .6 2 2v11.4c0 1.4-.6 2-2 2-2.7 0-5.4 0-8.1.1-2.7 0-4.1 1.3-4.1 4.1-.1 3 0 5.9 0 9h11.6c1.6 0 2.2.6 2.2 2.2v12.1c0 1.6-.5 2.1-2.2 2.1-3.6 0-11.3 0-11.6 0v32.6c0 1.7-.5 2.3-2.3 2.3-4.2 0-8.3 0-12.5 0-1.5 0-2.1-.6-2.1-2.1 0-10.5 0-32.4 0-32.7z\"><\/path><\/g><\/svg>\t\t\t\t\t<\/a>\n\t\t\t\t<\/span>\n\t\t\t\t\t\t\t<span class=\"elementor-grid-item\" role=\"listitem\">\n\t\t\t\t\t<a class=\"elementor-icon elementor-social-icon elementor-social-icon-linkedin elementor-animation-pop elementor-repeater-item-40d15dc\" href=\"https:\/\/www.linkedin.com\/company\/mobuilding\/?viewAsMember=true\" target=\"_blank\">\n\t\t\t\t\t\t<span class=\"elementor-screen-only\">Linkedin<\/span>\n\t\t\t\t\t\t<svg aria-hidden=\"true\" class=\"e-font-icon-svg e-fab-linkedin\" viewBox=\"0 0 448 512\" xmlns=\"http:\/\/www.w3.org\/2000\/svg\"><path d=\"M416 32H31.9C14.3 32 0 46.5 0 64.3v383.4C0 465.5 14.3 480 31.9 480H416c17.6 0 32-14.5 32-32.3V64.3c0-17.8-14.4-32.3-32-32.3zM135.4 416H69V202.2h66.5V416zm-33.2-243c-21.3 0-38.5-17.3-38.5-38.5S80.9 96 102.2 96c21.2 0 38.5 17.3 38.5 38.5 0 21.3-17.2 38.5-38.5 38.5zm282.1 243h-66.4V312c0-24.8-.5-56.7-34.5-56.7-34.6 0-39.9 27-39.9 54.9V416h-66.4V202.2h63.7v29.2h.9c8.9-16.8 30.6-34.5 62.9-34.5 67.2 0 79.7 44.3 79.7 101.9V416z\"><\/path><\/svg>\t\t\t\t\t<\/a>\n\t\t\t\t<\/span>\n\t\t\t\t\t<\/div>\n\t\t\t\t\t\t<\/div>\n\t\t\t\t<\/div>\n\t\t\t\t<div class=\"elementor-element elementor-element-7fdb2e6 elementor-widget elementor-widget-html\" data-id=\"7fdb2e6\" data-element_type=\"widget\" data-e-type=\"widget\" data-widget_type=\"html.default\">\n\t\t\t\t<div class=\"elementor-widget-container\">\n\t\t\t\t\t<!-- URL DE CREACI\u00d3N: https:\/\/elfsight.com\/linkedin-feed-widget\/elementor\/ -->\n<script src=\"https:\/\/elfsightcdn.com\/platform.js\" async><\/script>\n<div class=\"elfsight-app-79258c36-b512-4392-a81f-1218d9d25f82\" data-elfsight-app-lazy><\/div>\t\t\t\t<\/div>\n\t\t\t\t<\/div>\n\t\t\t\t<\/div>\n\t\t\t\t\t<\/div>\n\t\t\t\t<\/div>\n\t\t\t\t<\/div>\n\t\t","protected":false},"excerpt":{"rendered":"<p>Noticias All Posts Sin categor\u00eda MOBUILDING joined the EUROPEAN EXCELLENCE CENTER OPENING WEEK Science &amp;&hellip; 18\/02\/2025 From 12\u201318 September 2025, the MOBUILDING project took part in the EU Excellence Center SPACE Park Opening Week in Skopje, North Macedonia, a key European event dedicated to innovation, excellence, and cooperation in vocational education and training (VET). The SPACE&#8230; Leer M\u00e1s MOBUILDING team joins the IV Vocational Education and Training Forum&hellip; 10\/01\/2025 The IV Vocational Education and Training Forum of Castilla y Le\u00f3n was held on April 8\u20139 at Valladolid Congress Centre (Spain). INFODEF\u2019s director, Jes\u00fas Boyano Sierra, joined the roundtable on Mobility and Internationalisation, contributing insights from INFODEF\u2019s and MOBUILDING team&#8230; Leer M\u00e1s Kick-off Meeting for MOBUILDING project launched in Valladolid, Spain 05\/12\/2024 On April 9\u201310, INFODEF hosted the kick-off meeting of the MOBUILDING project in Valladolid, bringing together partners from seven countries for the first in-person meeting of the consortium. The event marked the formal launch of this ambitious initiative, which aims&#8230; Leer M\u00e1s MOBUILDING \u2013 A strategic approach to support mobility of apprentices&hellip; 09\/11\/2024 MOBUILDING is an Erasmus+ Policy Experimentation initiative that aims to develop a strategic and sustainable approach to support, expand and institutionalise apprenticeship mobility in the building sector across Europe. A critical industry to Europe\u2019s economy, as it is the building&#8230; Leer M\u00e1s Redes Sociales S\u00edguenos Linkedin<\/p>\n","protected":false},"author":4,"featured_media":0,"parent":0,"menu_order":0,"comment_status":"closed","ping_status":"closed","template":"elementor_header_footer","meta":{"_acf_changed":false,"inline_featured_image":false,"footnotes":""},"class_list":["post-8419","page","type-page","status-publish","hentry"],"acf":[],"_links":{"self":[{"href":"https:\/\/mobuilding.eu\/es\/wp-json\/wp\/v2\/pages\/8419","targetHints":{"allow":["GET"]}}],"collection":[{"href":"https:\/\/mobuilding.eu\/es\/wp-json\/wp\/v2\/pages"}],"about":[{"href":"https:\/\/mobuilding.eu\/es\/wp-json\/wp\/v2\/types\/page"}],"author":[{"embeddable":true,"href":"https:\/\/mobuilding.eu\/es\/wp-json\/wp\/v2\/users\/4"}],"replies":[{"embeddable":true,"href":"https:\/\/mobuilding.eu\/es\/wp-json\/wp\/v2\/comments?post=8419"}],"version-history":[{"count":11,"href":"https:\/\/mobuilding.eu\/es\/wp-json\/wp\/v2\/pages\/8419\/revisions"}],"predecessor-version":[{"id":8996,"href":"https:\/\/mobuilding.eu\/es\/wp-json\/wp\/v2\/pages\/8419\/revisions\/8996"}],"wp:attachment":[{"href":"https:\/\/mobuilding.eu\/es\/wp-json\/wp\/v2\/media?parent=8419"}],"curies":[{"name":"wp","href":"https:\/\/api.w.org\/{rel}","templated":true}]}}