{"id":8429,"date":"2025-09-18T16:33:00","date_gmt":"2025-09-18T14:33:00","guid":{"rendered":"https:\/\/mobuilding.eu\/success-stories\/"},"modified":"2025-11-03T17:43:13","modified_gmt":"2025-11-03T16:43:13","slug":"success-stories","status":"publish","type":"page","link":"https:\/\/mobuilding.eu\/es\/success-stories\/","title":{"rendered":"Historias de \u00e9xito"},"content":{"rendered":"\t\t<div data-elementor-type=\"wp-page\" data-elementor-id=\"8429\" class=\"elementor elementor-8429 elementor-7771\">\n\t\t\t\t<div class=\"elementor-element elementor-element-850805b e-flex e-con-boxed wpr-particle-no wpr-jarallax-no wpr-parallax-no wpr-sticky-section-no wpr-equal-height-no e-con e-parent\" data-id=\"850805b\" data-element_type=\"container\" data-e-type=\"container\" data-settings=\"{&quot;background_background&quot;:&quot;classic&quot;}\">\n\t\t\t\t\t<div class=\"e-con-inner\">\n\t\t\t\t<div class=\"elementor-element elementor-element-3597e6c elementor-widget elementor-widget-text-editor\" data-id=\"3597e6c\" data-element_type=\"widget\" data-e-type=\"widget\" data-widget_type=\"text-editor.default\">\n\t\t\t\t<div class=\"elementor-widget-container\">\n\t\t\t\t\t\t\t\t\t<p><strong>Historias de \u00c9xito<\/strong><\/p>\t\t\t\t\t\t\t\t<\/div>\n\t\t\t\t<\/div>\n\t\t\t\t\t<\/div>\n\t\t\t\t<\/div>\n\t\t<div class=\"elementor-element elementor-element-94078eb e-flex e-con-boxed wpr-particle-no wpr-jarallax-no wpr-parallax-no wpr-sticky-section-no wpr-equal-height-no e-con e-parent\" data-id=\"94078eb\" data-element_type=\"container\" data-e-type=\"container\">\n\t\t\t\t\t<div class=\"e-con-inner\">\n\t\t<div class=\"elementor-element elementor-element-3c823bd e-con-full e-flex wpr-particle-no wpr-jarallax-no wpr-parallax-no wpr-sticky-section-no wpr-equal-height-no e-con e-child\" data-id=\"3c823bd\" data-element_type=\"container\" data-e-type=\"container\">\n\t\t\t\t<div class=\"elementor-element elementor-element-d3e2920 elementor-widget-tablet__width-inherit elementor-widget elementor-widget-text-editor\" data-id=\"d3e2920\" data-element_type=\"widget\" data-e-type=\"widget\" data-widget_type=\"text-editor.default\">\n\t\t\t\t<div class=\"elementor-widget-container\">\n\t\t\t\t\t\t\t\t\t<div><div><div><div><div><div><div><div><div><div><p>Esta secci\u00f3n presenta una selecci\u00f3n de historias de \u00e9xito relacionados con el Programa de Movilidad para Aprendices en la Construcci\u00f3n MOBUILDING. Estos casos destacan experiencias reales de los diferentes perfiles que participan en programas de aprendizaje y movilidad en el sector de la construcci\u00f3n en toda Europa.<\/p><p>Como parte de las campa\u00f1as nacionales de divulgaci\u00f3n del proyecto, las historias de \u00e9xito recopiladas en cada pa\u00eds socio muestran:<\/p><\/div><div><ul><li>La perspectiva de los proveedores de EFP y las empresas durante los programas de movilidad.<\/li><li>Las experiencias de movilidad de los aprendices.<\/li><\/ul><p>\u00a0<\/p><p>Las historias de \u00e9xito de MOBUILDING ponen de manifiesto el impacto positivo de la movilidad de los aprendices en el desarrollo de competencias, el crecimiento organizativo y la colaboraci\u00f3n transfronteriza.<\/p><\/div><\/div><\/div><\/div><\/div><\/div><\/div><\/div><\/div><\/div>\t\t\t\t\t\t\t\t<\/div>\n\t\t\t\t<\/div>\n\t\t\t\t<\/div>\n\t\t<div class=\"elementor-element elementor-element-49bd0b3 e-con-full elementor-hidden-tablet elementor-hidden-mobile e-flex wpr-particle-no wpr-jarallax-no wpr-parallax-no wpr-sticky-section-no wpr-equal-height-no e-con e-child\" data-id=\"49bd0b3\" data-element_type=\"container\" data-e-type=\"container\">\n\t\t\t\t<\/div>\n\t\t\t\t\t<\/div>\n\t\t\t\t<\/div>\n\t\t<div class=\"elementor-element elementor-element-6fcbddf e-flex e-con-boxed wpr-particle-no wpr-jarallax-no wpr-parallax-no wpr-sticky-section-no wpr-equal-height-no e-con e-parent\" data-id=\"6fcbddf\" data-element_type=\"container\" data-e-type=\"container\">\n\t\t\t\t\t<div class=\"e-con-inner\">\n\t\t\t\t<div class=\"elementor-element elementor-element-2beccf8 elementor-widget elementor-widget-heading\" data-id=\"2beccf8\" data-element_type=\"widget\" data-e-type=\"widget\" data-widget_type=\"heading.default\">\n\t\t\t\t<div class=\"elementor-widget-container\">\n\t\t\t\t\t<h2 class=\"elementor-heading-title elementor-size-default\">Disponible a partir de marzo 2026<\/h2>\t\t\t\t<\/div>\n\t\t\t\t<\/div>\n\t\t\t\t\t<\/div>\n\t\t\t\t<\/div>\n\t\t<div class=\"elementor-element elementor-element-1f8edc9 elementor-hidden-desktop elementor-hidden-tablet elementor-hidden-mobile e-flex e-con-boxed wpr-particle-no wpr-jarallax-no wpr-parallax-no wpr-sticky-section-no wpr-equal-height-no e-con e-parent\" data-id=\"1f8edc9\" data-element_type=\"container\" data-e-type=\"container\">\n\t\t\t\t\t<div class=\"e-con-inner\">\n\t\t\t\t<div class=\"elementor-element elementor-element-48c05b4 elementor-widget elementor-widget-shortcode\" data-id=\"48c05b4\" data-element_type=\"widget\" data-e-type=\"widget\" data-widget_type=\"shortcode.default\">\n\t\t\t\t<div class=\"elementor-widget-container\">\n\t\t\t\t\t\t\t<div class=\"elementor-shortcode\">\t\t<div data-elementor-type=\"wp-post\" data-elementor-id=\"9220\" class=\"elementor elementor-9220 elementor-8013\">\n\t\t\t\t<div class=\"elementor-element elementor-element-ce8fcfc e-flex e-con-boxed wpr-particle-no wpr-jarallax-no wpr-parallax-no wpr-sticky-section-no wpr-equal-height-no e-con e-parent\" data-id=\"ce8fcfc\" data-element_type=\"container\" data-e-type=\"container\">\n\t\t\t\t\t<div class=\"e-con-inner\">\n\t\t\t\t<div class=\"elementor-element elementor-element-30b00c1 premium-blog-align-left premium-blog-align-left elementor-widget elementor-widget-premium-addon-blog\" data-id=\"30b00c1\" data-element_type=\"widget\" data-e-type=\"widget\" data-settings=\"{&quot;premium_blog_columns_number&quot;:&quot;100%&quot;,&quot;premium_blog_columns_number_tablet&quot;:&quot;100%&quot;,&quot;premium_blog_grid&quot;:&quot;yes&quot;,&quot;premium_blog_layout&quot;:&quot;even&quot;,&quot;premium_blog_columns_number_mobile&quot;:&quot;100%&quot;,&quot;scroll_to_offset&quot;:&quot;yes&quot;}\" data-widget_type=\"premium-addon-blog.default\">\n\t\t\t\t<div class=\"elementor-widget-container\">\n\t\t\t\t\t\n\t\t\n\n\t\t\t\t<div class=\"premium-blog-wrap  premium-blog-even\" data-page=\"9220\">\n\t\t\t\t\t\t\t\t\t<div class=\"premium-blog-post-outer-container\" data-total=\"1\">\n\t\t\t<div class=\"premium-blog-post-container premium-blog-skin-side\">\n\t\t\t\t\t\t\t\t\t<div class=\"premium-blog-thumb-effect-wrapper\">\n\t\t\t\t\t\t<div class=\"premium-blog-thumbnail-container premium-blog-none-effect\">\n\t\t\t\t\t\t\t<img fetchpriority=\"high\" decoding=\"async\" width=\"460\" height=\"325\" src=\"https:\/\/mobuilding.eu\/wp-content\/uploads\/2025\/09\/successful-story1.webp\" class=\"attachment-full size-full wp-image-9529\" alt=\"\" srcset=\"https:\/\/mobuilding.eu\/wp-content\/uploads\/2025\/09\/successful-story1.webp 460w, https:\/\/mobuilding.eu\/wp-content\/uploads\/2025\/09\/successful-story1-300x212.webp 300w\" sizes=\"(max-width: 460px) 100vw, 460px\" \/>\t\t\t\t\t\t<\/div>\n\t\t\t\t\t\t\t\t\t\t\t\t\t<div class=\"premium-blog-thumbnail-overlay\">\n\t\t\t\t\t\t\t\t<a class=\"elementor-icon\" href=\"https:\/\/mobuilding.eu\/es\/successfulstories\/lorem-ipsum-dolor-sit-ametconsectetur-adipiscing-elit-4\/\" target=\"_self\"><\/a>\n\t\t\t\t\t\t\t<\/div>\n\n\t\t\t\t\t\t\t\t\t\t\t\t\t\t\t\t\t\t<\/div>\n\t\t\t\t\t\t\t\t\t\t\t\t<div class=\"premium-blog-content-wrapper \">\n\n\t\t\t\t\t<div class=\"premium-blog-inner-container\">\n\n\t\t\t\t\t\t\t\t\t\t\t\t\t\t<h2 class=\"premium-blog-entry-title\">\n\t\t\t<a href=\"https:\/\/mobuilding.eu\/es\/successfulstories\/lorem-ipsum-dolor-sit-ametconsectetur-adipiscing-elit-4\/\" target=\"_self\">\n\t\t\t\tAvailable from May 2026\t\t\t<\/a>\n\t\t<\/h2>\n\t\t\t\t<div class=\"premium-blog-entry-meta\">\n\t\t\t\n\t\t\t\t\t\t\t<span class=\"premium-blog-meta-separator\">\u2022<\/span>\n\t\t\t\t<div class=\"premium-blog-post-time premium-blog-meta-data\">\n\t\t\t\t\t<i class=\"fa fa-calendar-alt\" aria-hidden=\"true\"><\/i>\n\t\t\t\t\t<span>11\/09\/2025<\/span>\n\t\t\t\t<\/div>\n\t\t\t\n\t\t\t\n\t\t\t\t\t<\/div>\n\t\t\n\t\t\t\t\t<\/div>\n\n\t\t\t\t\t\t\t<div class=\"premium-blog-content-inner-wrapper\">\n\t\t<p class=\"premium-blog-post-content\"><\/p><div class=\"premium-blog-excerpt-link-wrap\"><a href=\"https:\/\/mobuilding.eu\/es\/successfulstories\/lorem-ipsum-dolor-sit-ametconsectetur-adipiscing-elit-4\/\" target=\"_self\" class=\"premium-blog-excerpt-link elementor-button\">Leer M\u00e1s<\/a><\/div>\t\t<\/div>\n\t\t\t\t\t\t\t\n\t\t\t\t<\/div>\n\t\t\t<\/div>\n\t\t<\/div>\n\n\t\t\t\t<div class=\"premium-blog-post-outer-container\" data-total=\"1\">\n\t\t\t<div class=\"premium-blog-post-container premium-blog-skin-side\">\n\t\t\t\t\t\t\t\t\t<div class=\"premium-blog-thumb-effect-wrapper\">\n\t\t\t\t\t\t<div class=\"premium-blog-thumbnail-container premium-blog-none-effect\">\n\t\t\t\t\t\t\t<img decoding=\"async\" width=\"460\" height=\"325\" src=\"https:\/\/mobuilding.eu\/wp-content\/uploads\/2025\/09\/successful-story2.webp\" class=\"attachment-full size-full wp-image-9539\" alt=\"\" srcset=\"https:\/\/mobuilding.eu\/wp-content\/uploads\/2025\/09\/successful-story2.webp 460w, https:\/\/mobuilding.eu\/wp-content\/uploads\/2025\/09\/successful-story2-300x212.webp 300w\" sizes=\"(max-width: 460px) 100vw, 460px\" \/>\t\t\t\t\t\t<\/div>\n\t\t\t\t\t\t\t\t\t\t\t\t\t<div class=\"premium-blog-thumbnail-overlay\">\n\t\t\t\t\t\t\t\t<a class=\"elementor-icon\" href=\"https:\/\/mobuilding.eu\/es\/successfulstories\/lorem-ipsum-dolor-sit-ametconsectetur-adipiscing-elit-3\/\" target=\"_self\"><\/a>\n\t\t\t\t\t\t\t<\/div>\n\n\t\t\t\t\t\t\t\t\t\t\t\t\t\t\t\t\t\t<\/div>\n\t\t\t\t\t\t\t\t\t\t\t\t<div class=\"premium-blog-content-wrapper \">\n\n\t\t\t\t\t<div class=\"premium-blog-inner-container\">\n\n\t\t\t\t\t\t\t\t\t\t\t\t\t\t<h2 class=\"premium-blog-entry-title\">\n\t\t\t<a href=\"https:\/\/mobuilding.eu\/es\/successfulstories\/lorem-ipsum-dolor-sit-ametconsectetur-adipiscing-elit-3\/\" target=\"_self\">\n\t\t\t\tLorem ipsum dolor sit amet,consectetur adipiscing elit\t\t\t<\/a>\n\t\t<\/h2>\n\t\t\t\t<div class=\"premium-blog-entry-meta\">\n\t\t\t\n\t\t\t\t\t\t\t<span class=\"premium-blog-meta-separator\">\u2022<\/span>\n\t\t\t\t<div class=\"premium-blog-post-time premium-blog-meta-data\">\n\t\t\t\t\t<i class=\"fa fa-calendar-alt\" aria-hidden=\"true\"><\/i>\n\t\t\t\t\t<span>19\/08\/2025<\/span>\n\t\t\t\t<\/div>\n\t\t\t\n\t\t\t\n\t\t\t\t\t<\/div>\n\t\t\n\t\t\t\t\t<\/div>\n\n\t\t\t\t\t\t\t<div class=\"premium-blog-content-inner-wrapper\">\n\t\t<p class=\"premium-blog-post-content\">Lorem ipsum dolor sit amet, consectetur adipiscing elit, sed do eiusmod tempor incididunt ut labore et dolore magna aliqua. Ut enim ad minim veniam, quis nostrud exercitation ullamco laboris nisi<\/p><div class=\"premium-blog-excerpt-link-wrap\"><a href=\"https:\/\/mobuilding.eu\/es\/successfulstories\/lorem-ipsum-dolor-sit-ametconsectetur-adipiscing-elit-3\/\" target=\"_self\" class=\"premium-blog-excerpt-link elementor-button\">Leer M\u00e1s<\/a><\/div>\t\t<\/div>\n\t\t\t\t\t\t\t\n\t\t\t\t<\/div>\n\t\t\t<\/div>\n\t\t<\/div>\n\n\t\t\t\t<div class=\"premium-blog-post-outer-container\" data-total=\"1\">\n\t\t\t<div class=\"premium-blog-post-container premium-blog-skin-side\">\n\t\t\t\t\t\t\t\t\t<div class=\"premium-blog-thumb-effect-wrapper\">\n\t\t\t\t\t\t<div class=\"premium-blog-thumbnail-container premium-blog-none-effect\">\n\t\t\t\t\t\t\t<img decoding=\"async\" width=\"460\" height=\"325\" src=\"https:\/\/mobuilding.eu\/wp-content\/uploads\/2025\/09\/successful-story3.webp\" class=\"attachment-full size-full wp-image-9549\" alt=\"\" srcset=\"https:\/\/mobuilding.eu\/wp-content\/uploads\/2025\/09\/successful-story3.webp 460w, https:\/\/mobuilding.eu\/wp-content\/uploads\/2025\/09\/successful-story3-300x212.webp 300w\" sizes=\"(max-width: 460px) 100vw, 460px\" \/>\t\t\t\t\t\t<\/div>\n\t\t\t\t\t\t\t\t\t\t\t\t\t<div class=\"premium-blog-thumbnail-overlay\">\n\t\t\t\t\t\t\t\t<a class=\"elementor-icon\" href=\"https:\/\/mobuilding.eu\/es\/successfulstories\/lorem-ipsum-dolor-sit-ametconsectetur-adipiscing-elit-2\/\" target=\"_self\"><\/a>\n\t\t\t\t\t\t\t<\/div>\n\n\t\t\t\t\t\t\t\t\t\t\t\t\t\t\t\t\t\t<\/div>\n\t\t\t\t\t\t\t\t\t\t\t\t<div class=\"premium-blog-content-wrapper \">\n\n\t\t\t\t\t<div class=\"premium-blog-inner-container\">\n\n\t\t\t\t\t\t\t\t\t\t\t\t\t\t<h2 class=\"premium-blog-entry-title\">\n\t\t\t<a href=\"https:\/\/mobuilding.eu\/es\/successfulstories\/lorem-ipsum-dolor-sit-ametconsectetur-adipiscing-elit-2\/\" target=\"_self\">\n\t\t\t\tLorem ipsum dolor sit amet,consectetur adipiscing elit\t\t\t<\/a>\n\t\t<\/h2>\n\t\t\t\t<div class=\"premium-blog-entry-meta\">\n\t\t\t\n\t\t\t\t\t\t\t<span class=\"premium-blog-meta-separator\">\u2022<\/span>\n\t\t\t\t<div class=\"premium-blog-post-time premium-blog-meta-data\">\n\t\t\t\t\t<i class=\"fa fa-calendar-alt\" aria-hidden=\"true\"><\/i>\n\t\t\t\t\t<span>07\/07\/2025<\/span>\n\t\t\t\t<\/div>\n\t\t\t\n\t\t\t\n\t\t\t\t\t<\/div>\n\t\t\n\t\t\t\t\t<\/div>\n\n\t\t\t\t\t\t\t<div class=\"premium-blog-content-inner-wrapper\">\n\t\t<p class=\"premium-blog-post-content\">Lorem ipsum dolor sit amet, consectetur adipiscing elit, sed do eiusmod tempor incididunt ut labore et dolore magna aliqua. Ut enim ad minim veniam, quis nostrud exercitation ullamco laboris nisi<\/p><div class=\"premium-blog-excerpt-link-wrap\"><a href=\"https:\/\/mobuilding.eu\/es\/successfulstories\/lorem-ipsum-dolor-sit-ametconsectetur-adipiscing-elit-2\/\" target=\"_self\" class=\"premium-blog-excerpt-link elementor-button\">Leer M\u00e1s<\/a><\/div>\t\t<\/div>\n\t\t\t\t\t\t\t\n\t\t\t\t<\/div>\n\t\t\t<\/div>\n\t\t<\/div>\n\n\t\t\t\t<div class=\"premium-blog-post-outer-container\" data-total=\"1\">\n\t\t\t<div class=\"premium-blog-post-container premium-blog-skin-side\">\n\t\t\t\t\t\t\t\t\t<div class=\"premium-blog-thumb-effect-wrapper\">\n\t\t\t\t\t\t<div class=\"premium-blog-thumbnail-container premium-blog-none-effect\">\n\t\t\t\t\t\t\t<img loading=\"lazy\" decoding=\"async\" width=\"460\" height=\"325\" src=\"https:\/\/mobuilding.eu\/wp-content\/uploads\/2025\/09\/successful-story4.webp\" class=\"attachment-full size-full wp-image-9559\" alt=\"\" srcset=\"https:\/\/mobuilding.eu\/wp-content\/uploads\/2025\/09\/successful-story4.webp 460w, https:\/\/mobuilding.eu\/wp-content\/uploads\/2025\/09\/successful-story4-300x212.webp 300w\" sizes=\"(max-width: 460px) 100vw, 460px\" \/>\t\t\t\t\t\t<\/div>\n\t\t\t\t\t\t\t\t\t\t\t\t\t<div class=\"premium-blog-thumbnail-overlay\">\n\t\t\t\t\t\t\t\t<a class=\"elementor-icon\" href=\"https:\/\/mobuilding.eu\/es\/successfulstories\/lorem-ipsum-dolor-sit-ametconsectetur-adipiscing-elit\/\" target=\"_self\"><\/a>\n\t\t\t\t\t\t\t<\/div>\n\n\t\t\t\t\t\t\t\t\t\t\t\t\t\t\t\t\t\t<\/div>\n\t\t\t\t\t\t\t\t\t\t\t\t<div class=\"premium-blog-content-wrapper \">\n\n\t\t\t\t\t<div class=\"premium-blog-inner-container\">\n\n\t\t\t\t\t\t\t\t\t\t\t\t\t\t<h2 class=\"premium-blog-entry-title\">\n\t\t\t<a href=\"https:\/\/mobuilding.eu\/es\/successfulstories\/lorem-ipsum-dolor-sit-ametconsectetur-adipiscing-elit\/\" target=\"_self\">\n\t\t\t\tLorem ipsum dolor sit amet,consectetur adipiscing elit\t\t\t<\/a>\n\t\t<\/h2>\n\t\t\t\t<div class=\"premium-blog-entry-meta\">\n\t\t\t\n\t\t\t\t\t\t\t<span class=\"premium-blog-meta-separator\">\u2022<\/span>\n\t\t\t\t<div class=\"premium-blog-post-time premium-blog-meta-data\">\n\t\t\t\t\t<i class=\"fa fa-calendar-alt\" aria-hidden=\"true\"><\/i>\n\t\t\t\t\t<span>01\/06\/2025<\/span>\n\t\t\t\t<\/div>\n\t\t\t\n\t\t\t\n\t\t\t\t\t<\/div>\n\t\t\n\t\t\t\t\t<\/div>\n\n\t\t\t\t\t\t\t<div class=\"premium-blog-content-inner-wrapper\">\n\t\t<p class=\"premium-blog-post-content\">Lorem ipsum dolor sit amet, consectetur adipiscing elit, sed do eiusmod tempor incididunt ut labore et dolore magna aliqua. Ut enim ad minim veniam, quis nostrud exercitation ullamco laboris nisi<\/p><div class=\"premium-blog-excerpt-link-wrap\"><a href=\"https:\/\/mobuilding.eu\/es\/successfulstories\/lorem-ipsum-dolor-sit-ametconsectetur-adipiscing-elit\/\" target=\"_self\" class=\"premium-blog-excerpt-link elementor-button\">Leer M\u00e1s<\/a><\/div>\t\t<\/div>\n\t\t\t\t\t\t\t\n\t\t\t\t<\/div>\n\t\t\t<\/div>\n\t\t<\/div>\n\n\t\t\t\t\t\t\t<\/div>\n\n\t\t\n\t\t\n\t\t\t\t\t\t<\/div>\n\t\t\t\t<\/div>\n\t\t\t\t\t<\/div>\n\t\t\t\t<\/div>\n\t\t\t\t<\/div>\n\t\t<\/div>\n\t\t\t\t\t\t<\/div>\n\t\t\t\t<\/div>\n\t\t\t\t\t<\/div>\n\t\t\t\t<\/div>\n\t\t\t\t<\/div>\n\t\t","protected":false},"excerpt":{"rendered":"<p>Historias de \u00c9xito Esta secci\u00f3n presenta una selecci\u00f3n de historias de \u00e9xito relacionados con el Programa de Movilidad para Aprendices en la Construcci\u00f3n MOBUILDING. Estos casos destacan experiencias reales de los diferentes perfiles que participan en programas de aprendizaje y movilidad en el sector de la construcci\u00f3n en toda Europa. Como parte de las campa\u00f1as nacionales de divulgaci\u00f3n del proyecto, las historias de \u00e9xito recopiladas en cada pa\u00eds socio muestran: La perspectiva de los proveedores de EFP y las empresas durante los programas de movilidad. Las experiencias de movilidad de los aprendices. \u00a0 Las historias de \u00e9xito de MOBUILDING ponen de manifiesto el impacto positivo de la movilidad de los aprendices en el desarrollo de competencias, el crecimiento organizativo y la colaboraci\u00f3n transfronteriza. Disponible a partir de marzo 2026<\/p>\n","protected":false},"author":4,"featured_media":0,"parent":0,"menu_order":0,"comment_status":"closed","ping_status":"closed","template":"elementor_header_footer","meta":{"_acf_changed":false,"inline_featured_image":false,"footnotes":""},"class_list":["post-8429","page","type-page","status-publish","hentry"],"acf":[],"_links":{"self":[{"href":"https:\/\/mobuilding.eu\/es\/wp-json\/wp\/v2\/pages\/8429","targetHints":{"allow":["GET"]}}],"collection":[{"href":"https:\/\/mobuilding.eu\/es\/wp-json\/wp\/v2\/pages"}],"about":[{"href":"https:\/\/mobuilding.eu\/es\/wp-json\/wp\/v2\/types\/page"}],"author":[{"embeddable":true,"href":"https:\/\/mobuilding.eu\/es\/wp-json\/wp\/v2\/users\/4"}],"replies":[{"embeddable":true,"href":"https:\/\/mobuilding.eu\/es\/wp-json\/wp\/v2\/comments?post=8429"}],"version-history":[{"count":16,"href":"https:\/\/mobuilding.eu\/es\/wp-json\/wp\/v2\/pages\/8429\/revisions"}],"predecessor-version":[{"id":9297,"href":"https:\/\/mobuilding.eu\/es\/wp-json\/wp\/v2\/pages\/8429\/revisions\/9297"}],"wp:attachment":[{"href":"https:\/\/mobuilding.eu\/es\/wp-json\/wp\/v2\/media?parent=8429"}],"curies":[{"name":"wp","href":"https:\/\/api.w.org\/{rel}","templated":true}]}}