{"id":8439,"date":"2025-09-18T16:10:33","date_gmt":"2025-09-18T14:10:33","guid":{"rendered":"https:\/\/mobuilding.eu\/platform\/"},"modified":"2025-11-03T17:08:59","modified_gmt":"2025-11-03T16:08:59","slug":"platform","status":"publish","type":"page","link":"https:\/\/mobuilding.eu\/es\/platform\/","title":{"rendered":"Plataforma"},"content":{"rendered":"\t\t<div data-elementor-type=\"wp-page\" data-elementor-id=\"8439\" class=\"elementor elementor-8439 elementor-7749\">\n\t\t\t\t<div class=\"elementor-element elementor-element-850805b e-flex e-con-boxed wpr-particle-no wpr-jarallax-no wpr-parallax-no wpr-sticky-section-no wpr-equal-height-no e-con e-parent\" data-id=\"850805b\" data-element_type=\"container\" data-e-type=\"container\" data-settings=\"{&quot;background_background&quot;:&quot;classic&quot;}\">\n\t\t\t\t\t<div class=\"e-con-inner\">\n\t\t\t\t<div class=\"elementor-element elementor-element-3597e6c elementor-widget elementor-widget-text-editor\" data-id=\"3597e6c\" data-element_type=\"widget\" data-e-type=\"widget\" data-widget_type=\"text-editor.default\">\n\t\t\t\t<div class=\"elementor-widget-container\">\n\t\t\t\t\t\t\t\t\t<p><strong>Plataforma<\/strong><\/p>\t\t\t\t\t\t\t\t<\/div>\n\t\t\t\t<\/div>\n\t\t\t\t\t<\/div>\n\t\t\t\t<\/div>\n\t\t<div class=\"elementor-element elementor-element-0c21896 e-flex e-con-boxed wpr-particle-no wpr-jarallax-no wpr-parallax-no wpr-sticky-section-no wpr-equal-height-no e-con e-parent\" data-id=\"0c21896\" data-element_type=\"container\" data-e-type=\"container\">\n\t\t\t\t\t<div class=\"e-con-inner\">\n\t\t\t\t<div class=\"elementor-element elementor-element-ebed976 elementor-widget-tablet__width-inherit elementor-widget elementor-widget-text-editor\" data-id=\"ebed976\" data-element_type=\"widget\" data-e-type=\"widget\" data-widget_type=\"text-editor.default\">\n\t\t\t\t<div class=\"elementor-widget-container\">\n\t\t\t\t\t\t\t\t\t<div><div><div><div><div><div><div><div><div><span data-sheets-root=\"1\">Esta plataforma digital ha sido dise\u00f1ada para convertirse en un punto de referencia para la gesti\u00f3n de los flujos de movilidad de aprendices y el intercambio de informaci\u00f3n en el sector de la construcci\u00f3n en toda Europa. La plataforma ofrece un entorno interactivo que conecta a los proveedores de EFP, las empresas, los aprendices y las partes interesadas institucionales de toda Europa. Facilita la planificaci\u00f3n, la coordinaci\u00f3n y la garant\u00eda de calidad de las experiencias de movilidad, al tiempo que promueve la creaci\u00f3n de redes, la colaboraci\u00f3n y el desarrollo de competencias.<br \/><br \/>La plataforma integra cuatro espacios principales:<\/span><\/div><\/div><\/div><\/div><\/div><\/div><\/div><\/div><\/div>\t\t\t\t\t\t\t\t<\/div>\n\t\t\t\t<\/div>\n\t\t\t\t\t<\/div>\n\t\t\t\t<\/div>\n\t\t<div class=\"elementor-element elementor-element-225278b e-flex e-con-boxed wpr-particle-no wpr-jarallax-no wpr-parallax-no wpr-sticky-section-no wpr-equal-height-no e-con e-parent\" data-id=\"225278b\" data-element_type=\"container\" data-e-type=\"container\">\n\t\t\t\t\t<div class=\"e-con-inner\">\n\t\t\t\t<div class=\"elementor-element elementor-element-73f6275 elementor-widget-tablet__width-inherit elementor-widget elementor-widget-text-editor\" data-id=\"73f6275\" data-element_type=\"widget\" data-e-type=\"widget\" data-widget_type=\"text-editor.default\">\n\t\t\t\t<div class=\"elementor-widget-container\">\n\t\t\t\t\t\t\t\t\t<div><div><div><div><div><div><div><div><div><p><span data-sheets-root=\"1\">Sala de colaboraci\u00f3n y networking<\/span><\/p><\/div><\/div><\/div><\/div><\/div><\/div><\/div><\/div><\/div>\t\t\t\t\t\t\t\t<\/div>\n\t\t\t\t<\/div>\n\t\t\t\t<div class=\"elementor-element elementor-element-1f82a1f elementor-widget-divider--view-line elementor-widget elementor-widget-divider\" data-id=\"1f82a1f\" data-element_type=\"widget\" data-e-type=\"widget\" data-widget_type=\"divider.default\">\n\t\t\t\t<div class=\"elementor-widget-container\">\n\t\t\t\t\t\t\t<div class=\"elementor-divider\">\n\t\t\t<span class=\"elementor-divider-separator\">\n\t\t\t\t\t\t<\/span>\n\t\t<\/div>\n\t\t\t\t\t\t<\/div>\n\t\t\t\t<\/div>\n\t\t\t\t\t<\/div>\n\t\t\t\t<\/div>\n\t\t<div class=\"elementor-element elementor-element-94078eb e-flex e-con-boxed wpr-particle-no wpr-jarallax-no wpr-parallax-no wpr-sticky-section-no wpr-equal-height-no e-con e-parent\" data-id=\"94078eb\" data-element_type=\"container\" data-e-type=\"container\">\n\t\t\t\t\t<div class=\"e-con-inner\">\n\t\t<div class=\"elementor-element elementor-element-3c823bd e-con-full e-flex wpr-particle-no wpr-jarallax-no wpr-parallax-no wpr-sticky-section-no wpr-equal-height-no e-con e-child\" data-id=\"3c823bd\" data-element_type=\"container\" data-e-type=\"container\">\n\t\t\t\t<div class=\"elementor-element elementor-element-d3e2920 elementor-widget-tablet__width-inherit elementor-widget elementor-widget-text-editor\" data-id=\"d3e2920\" data-element_type=\"widget\" data-e-type=\"widget\" data-widget_type=\"text-editor.default\">\n\t\t\t\t<div class=\"elementor-widget-container\">\n\t\t\t\t\t\t\t\t\t<div><div><div><div><div><div><div><div><div><span data-sheets-root=\"1\">La Sala de Colaboraci\u00f3n y Networking es el centro colaborativo de la Plataforma Europea para la Movilidad de Aprendices en la Construcci\u00f3n. Ofrece un espacio dedicado donde los proveedores de EFP, las empresas, los organismos intermediarios y otras partes interesadas pueden conectarse, compartir intereses y crear asociaciones, consorcios y redes para la movilidad de los aprendices en el sector de la construcci\u00f3n.<br \/><br \/>Los usuarios pueden crear perfiles organizativos, mostrar sus ofertas o necesidades de movilidad y explorar posibles coincidencias con socios de confianza en toda Europa. Esta sala facilita la comunicaci\u00f3n directa y fomenta la cooperaci\u00f3n a largo plazo, lo que contribuye a sentar las bases de redes de movilidad sostenibles en el sector de la construcci\u00f3n.<br \/><br \/>Al reunir a instituciones comprometidas con la calidad y la innovaci\u00f3n en la movilidad de los aprendices, este espacio fomenta una comunidad s\u00f3lida y solidaria, dispuesta a dar forma al futuro de la formaci\u00f3n profesional en la construcci\u00f3n, creando sinergias y aprovechando la Alianza Europea para el Aprendizaje.<\/span><\/div><\/div><\/div><\/div><\/div><\/div><\/div><\/div><\/div>\t\t\t\t\t\t\t\t<\/div>\n\t\t\t\t<\/div>\n\t\t\t\t<\/div>\n\t\t\t\t\t<\/div>\n\t\t\t\t<\/div>\n\t\t<div class=\"elementor-element elementor-element-50ecd3b e-flex e-con-boxed wpr-particle-no wpr-jarallax-no wpr-parallax-no wpr-sticky-section-no wpr-equal-height-no e-con e-parent\" data-id=\"50ecd3b\" data-element_type=\"container\" data-e-type=\"container\">\n\t\t\t\t\t<div class=\"e-con-inner\">\n\t\t\t\t<div class=\"elementor-element elementor-element-3f6417a elementor-widget-tablet__width-inherit elementor-widget elementor-widget-text-editor\" data-id=\"3f6417a\" data-element_type=\"widget\" data-e-type=\"widget\" data-widget_type=\"text-editor.default\">\n\t\t\t\t<div class=\"elementor-widget-container\">\n\t\t\t\t\t\t\t\t\t<div><div><div><div><div><div><div><div><div><p><span data-sheets-root=\"1\">Espacio para el desarrollo de capacidades<\/span><\/p><\/div><\/div><\/div><\/div><\/div><\/div><\/div><\/div><\/div>\t\t\t\t\t\t\t\t<\/div>\n\t\t\t\t<\/div>\n\t\t\t\t<div class=\"elementor-element elementor-element-91d4980 elementor-widget-divider--view-line elementor-widget elementor-widget-divider\" data-id=\"91d4980\" data-element_type=\"widget\" data-e-type=\"widget\" data-widget_type=\"divider.default\">\n\t\t\t\t<div class=\"elementor-widget-container\">\n\t\t\t\t\t\t\t<div class=\"elementor-divider\">\n\t\t\t<span class=\"elementor-divider-separator\">\n\t\t\t\t\t\t<\/span>\n\t\t<\/div>\n\t\t\t\t\t\t<\/div>\n\t\t\t\t<\/div>\n\t\t\t\t\t<\/div>\n\t\t\t\t<\/div>\n\t\t<div class=\"elementor-element elementor-element-63cc9c5 e-flex e-con-boxed wpr-particle-no wpr-jarallax-no wpr-parallax-no wpr-sticky-section-no wpr-equal-height-no e-con e-parent\" data-id=\"63cc9c5\" data-element_type=\"container\" data-e-type=\"container\">\n\t\t\t\t\t<div class=\"e-con-inner\">\n\t\t\t\t<div class=\"elementor-element elementor-element-2ceb9ed elementor-widget-tablet__width-inherit elementor-widget elementor-widget-text-editor\" data-id=\"2ceb9ed\" data-element_type=\"widget\" data-e-type=\"widget\" data-widget_type=\"text-editor.default\">\n\t\t\t\t<div class=\"elementor-widget-container\">\n\t\t\t\t\t\t\t\t\t<div><div><div><div><div><div><div><div><div><span data-sheets-root=\"1\">El Espacio de desarrollo de capacidades est\u00e1 dise\u00f1ado para reforzar las habilidades y la preparaci\u00f3n de las organizaciones y los alumnos que participan en la movilidad de los aprendices en el sector de la construcci\u00f3n.<br \/><br \/>Este espacio ofrece recursos pr\u00e1cticos, herramientas y materiales de aprendizaje para apoyar:<br \/><br \/><\/span><\/div><ul><li><span data-sheets-root=\"1\">A los proveedores de EFP, las empresas (especialmente las pymes) y los coordinadores de movilidad en la mejora de la forma en que planifican, gestionan y eval\u00faan las experiencias de movilidad transfronteriza a trav\u00e9s del Programa de formaci\u00f3n sobre la gesti\u00f3n eficaz de la movilidad de los aprendices en el sector de la construcci\u00f3n.<br \/><\/span><\/li><\/ul><div>\u00a0<\/div><ul><li><span data-sheets-root=\"1\">A los aprendices, proporcion\u00e1ndoles formaci\u00f3n en sensibilidad cultural para aquellos que se desplazan al extranjero y acceso a recursos externos para el aprendizaje de idiomas.<\/span><\/li><\/ul><\/div><\/div><\/div><\/div><\/div><\/div><\/div><\/div>\t\t\t\t\t\t\t\t<\/div>\n\t\t\t\t<\/div>\n\t\t\t\t\t<\/div>\n\t\t\t\t<\/div>\n\t\t<div class=\"elementor-element elementor-element-fb84beb e-flex e-con-boxed wpr-particle-no wpr-jarallax-no wpr-parallax-no wpr-sticky-section-no wpr-equal-height-no e-con e-parent\" data-id=\"fb84beb\" data-element_type=\"container\" data-e-type=\"container\">\n\t\t\t\t\t<div class=\"e-con-inner\">\n\t\t\t\t<div class=\"elementor-element elementor-element-656601f elementor-widget-tablet__width-inherit elementor-widget elementor-widget-text-editor\" data-id=\"656601f\" data-element_type=\"widget\" data-e-type=\"widget\" data-widget_type=\"text-editor.default\">\n\t\t\t\t<div class=\"elementor-widget-container\">\n\t\t\t\t\t\t\t\t\t<div><div><div><div><div><div><div><div><div><p><span data-sheets-root=\"1\">Herramienta de gesti\u00f3n de la movilidad de aprendices<\/span><\/p><\/div><\/div><\/div><\/div><\/div><\/div><\/div><\/div><\/div>\t\t\t\t\t\t\t\t<\/div>\n\t\t\t\t<\/div>\n\t\t\t\t<div class=\"elementor-element elementor-element-d193472 elementor-widget-divider--view-line elementor-widget elementor-widget-divider\" data-id=\"d193472\" data-element_type=\"widget\" data-e-type=\"widget\" data-widget_type=\"divider.default\">\n\t\t\t\t<div class=\"elementor-widget-container\">\n\t\t\t\t\t\t\t<div class=\"elementor-divider\">\n\t\t\t<span class=\"elementor-divider-separator\">\n\t\t\t\t\t\t<\/span>\n\t\t<\/div>\n\t\t\t\t\t\t<\/div>\n\t\t\t\t<\/div>\n\t\t\t\t\t<\/div>\n\t\t\t\t<\/div>\n\t\t<div class=\"elementor-element elementor-element-6f995fc e-flex e-con-boxed wpr-particle-no wpr-jarallax-no wpr-parallax-no wpr-sticky-section-no wpr-equal-height-no e-con e-parent\" data-id=\"6f995fc\" data-element_type=\"container\" data-e-type=\"container\">\n\t\t\t\t\t<div class=\"e-con-inner\">\n\t\t\t\t<div class=\"elementor-element elementor-element-3fa6c2d elementor-widget-tablet__width-inherit elementor-widget elementor-widget-text-editor\" data-id=\"3fa6c2d\" data-element_type=\"widget\" data-e-type=\"widget\" data-widget_type=\"text-editor.default\">\n\t\t\t\t<div class=\"elementor-widget-container\">\n\t\t\t\t\t\t\t\t\t<div><div><div><div><div><div><div><div><div><span data-sheets-root=\"1\">La herramienta de gesti\u00f3n de la movilidad de los aprendices apoya todo el ciclo de vida de las experiencias de movilidad transfronteriza en el sector de la construcci\u00f3n.<br \/><br \/>Esta herramienta digital ayuda a los proveedores de EFP y a las empresas a coordinar todos los aspectos del proceso de movilidad, desde la planificaci\u00f3n inicial y los acuerdos con los socios hasta la documentaci\u00f3n, la log\u00edstica, el seguimiento y la evaluaci\u00f3n posterior a la movilidad. Agiliza la comunicaci\u00f3n entre las organizaciones de env\u00edo y de acogida y garantiza que los aprendices reciban un apoyo constante a lo largo de su trayectoria.<br \/><br \/>Al ofrecer plantillas, calendarios y orientaciones estandarizados y alineados con los marcos de calidad europeos, la herramienta ayuda a las organizaciones a gestionar la movilidad con mayor eficiencia, transparencia y confianza. Es especialmente valiosa para quienes se inician en los intercambios internacionales de aprendizaje o que operan con recursos limitados.<\/span><\/div><\/div><\/div><\/div><\/div><\/div><\/div><\/div><\/div>\t\t\t\t\t\t\t\t<\/div>\n\t\t\t\t<\/div>\n\t\t\t\t\t<\/div>\n\t\t\t\t<\/div>\n\t\t<div class=\"elementor-element elementor-element-34028fe e-flex e-con-boxed wpr-particle-no wpr-jarallax-no wpr-parallax-no wpr-sticky-section-no wpr-equal-height-no e-con e-parent\" data-id=\"34028fe\" data-element_type=\"container\" data-e-type=\"container\">\n\t\t\t\t\t<div class=\"e-con-inner\">\n\t\t\t\t<div class=\"elementor-element elementor-element-2b31891 elementor-widget-tablet__width-inherit elementor-widget elementor-widget-text-editor\" data-id=\"2b31891\" data-element_type=\"widget\" data-e-type=\"widget\" data-widget_type=\"text-editor.default\">\n\t\t\t\t<div class=\"elementor-widget-container\">\n\t\t\t\t\t\t\t\t\t<div><div><div><div><div><div><div><div><div><p><span data-sheets-root=\"1\">Centro de Acreditaci\u00f3n, Validaci\u00f3n y Reconocimiento<\/span><\/p><\/div><\/div><\/div><\/div><\/div><\/div><\/div><\/div><\/div>\t\t\t\t\t\t\t\t<\/div>\n\t\t\t\t<\/div>\n\t\t\t\t<div class=\"elementor-element elementor-element-e66e6e0 elementor-widget-divider--view-line elementor-widget elementor-widget-divider\" data-id=\"e66e6e0\" data-element_type=\"widget\" data-e-type=\"widget\" data-widget_type=\"divider.default\">\n\t\t\t\t<div class=\"elementor-widget-container\">\n\t\t\t\t\t\t\t<div class=\"elementor-divider\">\n\t\t\t<span class=\"elementor-divider-separator\">\n\t\t\t\t\t\t<\/span>\n\t\t<\/div>\n\t\t\t\t\t\t<\/div>\n\t\t\t\t<\/div>\n\t\t\t\t\t<\/div>\n\t\t\t\t<\/div>\n\t\t<div class=\"elementor-element elementor-element-429524c e-flex e-con-boxed wpr-particle-no wpr-jarallax-no wpr-parallax-no wpr-sticky-section-no wpr-equal-height-no e-con e-parent\" data-id=\"429524c\" data-element_type=\"container\" data-e-type=\"container\">\n\t\t\t\t\t<div class=\"e-con-inner\">\n\t\t\t\t<div class=\"elementor-element elementor-element-3597c7f elementor-widget-tablet__width-inherit elementor-widget elementor-widget-text-editor\" data-id=\"3597c7f\" data-element_type=\"widget\" data-e-type=\"widget\" data-widget_type=\"text-editor.default\">\n\t\t\t\t<div class=\"elementor-widget-container\">\n\t\t\t\t\t\t\t\t\t<div><div><div><div><div><div><div><div><div><span data-sheets-root=\"1\">El Centro de Acreditaci\u00f3n, Validaci\u00f3n y Reconocimiento proporciona herramientas y orientaci\u00f3n para ayudar a los proveedores de EFP y a las empresas a garantizar que los resultados del aprendizaje obtenidos durante las experiencias de movilidad se documenten, eval\u00faen y reconozcan adecuadamente, tanto a nivel acad\u00e9mico como profesional, de acuerdo con marcos europeos como el MEC, los principios heredados del ECVET, el EQAVET y la norma ISO 21001.<br \/><br \/>Presta apoyo en tres \u00e1mbitos principales: <\/span><\/div><div>\u00a0<\/div><ul><li><span data-sheets-root=\"1\">Apoyo a la acreditaci\u00f3n Erasmus para organizaciones de EFP que deseen abrirse al intercambio y la cooperaci\u00f3n transfronterizos o que est\u00e9n dispuestas a solicitar una etiqueta de excelencia, a trav\u00e9s del programa Erasmus+.<br \/><br \/><\/span><\/li><li><span data-sheets-root=\"1\">Asistencia para la validaci\u00f3n de los resultados del aprendizaje, integrada con herramientas europeas como Europass.<br \/><br \/><\/span><\/li><li><span data-sheets-root=\"1\">Apoyo para navegar por el reconocimiento formal de los programas de movilidad de aprendizaje en todos los pa\u00edses.<\/span><\/li><\/ul><\/div><\/div><\/div><\/div><\/div><\/div><\/div><\/div>\t\t\t\t\t\t\t\t<\/div>\n\t\t\t\t<\/div>\n\t\t\t\t\t<\/div>\n\t\t\t\t<\/div>\n\t\t<div class=\"elementor-element elementor-element-b258b72 e-flex e-con-boxed wpr-particle-no wpr-jarallax-no wpr-parallax-no wpr-sticky-section-no wpr-equal-height-no e-con e-parent\" data-id=\"b258b72\" data-element_type=\"container\" data-e-type=\"container\">\n\t\t\t\t\t<div class=\"e-con-inner\">\n\t\t\t\t<div class=\"elementor-element elementor-element-1507f7a elementor-widget__width-initial elementor-widget elementor-widget-text-editor\" data-id=\"1507f7a\" data-element_type=\"widget\" data-e-type=\"widget\" data-widget_type=\"text-editor.default\">\n\t\t\t\t<div class=\"elementor-widget-container\">\n\t\t\t\t\t\t\t\t\t<p><span data-sheets-root=\"1\">Disponible a partir de agosto 2026<\/span><\/p>\t\t\t\t\t\t\t\t<\/div>\n\t\t\t\t<\/div>\n\t\t\t\t\t<\/div>\n\t\t\t\t<\/div>\n\t\t\t\t<\/div>\n\t\t","protected":false},"excerpt":{"rendered":"<p>Plataforma Esta plataforma digital ha sido dise\u00f1ada para convertirse en un punto de referencia para la gesti\u00f3n de los flujos de movilidad de aprendices y el intercambio de informaci\u00f3n en el sector de la construcci\u00f3n en toda Europa. La plataforma ofrece un entorno interactivo que conecta a los proveedores de EFP, las empresas, los aprendices y las partes interesadas institucionales de toda Europa. Facilita la planificaci\u00f3n, la coordinaci\u00f3n y la garant\u00eda de calidad de las experiencias de movilidad, al tiempo que promueve la creaci\u00f3n de redes, la colaboraci\u00f3n y el desarrollo de competencias. La plataforma integra cuatro espacios principales: Sala de colaboraci\u00f3n y networking La Sala de Colaboraci\u00f3n y Networking es el centro colaborativo de la Plataforma Europea para la Movilidad de Aprendices en la Construcci\u00f3n. Ofrece un espacio dedicado donde los proveedores de EFP, las empresas, los organismos intermediarios y otras partes interesadas pueden conectarse, compartir intereses y crear asociaciones, consorcios y redes para la movilidad de los aprendices en el sector de la construcci\u00f3n. Los usuarios pueden crear perfiles organizativos, mostrar sus ofertas o necesidades de movilidad y explorar posibles coincidencias con socios de confianza en toda Europa. Esta sala facilita la comunicaci\u00f3n directa y fomenta la cooperaci\u00f3n a largo plazo, lo que contribuye a sentar las bases de redes de movilidad sostenibles en el sector de la construcci\u00f3n. Al reunir a instituciones comprometidas con la calidad y la innovaci\u00f3n en la movilidad de los aprendices, este espacio fomenta una comunidad s\u00f3lida y solidaria, dispuesta a dar forma al futuro de la formaci\u00f3n profesional en la construcci\u00f3n, creando sinergias y aprovechando la Alianza Europea para el Aprendizaje. Espacio para el desarrollo de capacidades El Espacio de desarrollo de capacidades est\u00e1 dise\u00f1ado para reforzar las habilidades y la preparaci\u00f3n de las organizaciones y los alumnos que participan en la movilidad de los aprendices en el sector de la construcci\u00f3n. Este espacio ofrece recursos pr\u00e1cticos, herramientas y materiales de aprendizaje para apoyar: A los proveedores de EFP, las empresas (especialmente las pymes) y los coordinadores de movilidad en la mejora de la forma en que planifican, gestionan y eval\u00faan las experiencias de movilidad transfronteriza a trav\u00e9s del Programa de formaci\u00f3n sobre la gesti\u00f3n eficaz de la movilidad de los aprendices en el sector de la construcci\u00f3n. \u00a0 A los aprendices, proporcion\u00e1ndoles formaci\u00f3n en sensibilidad cultural para aquellos que se desplazan al extranjero y acceso a recursos externos para el aprendizaje de idiomas. Herramienta de gesti\u00f3n de la movilidad de aprendices La herramienta de gesti\u00f3n de la movilidad de los aprendices apoya todo el ciclo de vida de las experiencias de movilidad transfronteriza en el sector de la construcci\u00f3n. Esta herramienta digital ayuda a los proveedores de EFP y a las empresas a coordinar todos los aspectos del proceso de movilidad, desde la planificaci\u00f3n inicial y los acuerdos con los socios hasta la documentaci\u00f3n, la log\u00edstica, el seguimiento y la evaluaci\u00f3n posterior a la movilidad. Agiliza la comunicaci\u00f3n entre las organizaciones de env\u00edo y de acogida y garantiza que los aprendices reciban un apoyo constante a lo largo de su trayectoria. Al ofrecer plantillas, calendarios y orientaciones estandarizados y alineados con los marcos de calidad europeos, la herramienta ayuda a las organizaciones a gestionar la movilidad con mayor eficiencia, transparencia y confianza. Es especialmente valiosa para quienes se inician en los intercambios internacionales de aprendizaje o que operan con recursos limitados. Centro de Acreditaci\u00f3n, Validaci\u00f3n y Reconocimiento El Centro de Acreditaci\u00f3n, Validaci\u00f3n y Reconocimiento proporciona herramientas y orientaci\u00f3n para ayudar a los proveedores de EFP y a las empresas a garantizar que los resultados del aprendizaje obtenidos durante las experiencias de movilidad se documenten, eval\u00faen y reconozcan adecuadamente, tanto a nivel acad\u00e9mico como profesional, de acuerdo con marcos europeos como el MEC, los principios heredados del ECVET, el EQAVET y la norma ISO 21001. Presta apoyo en tres \u00e1mbitos principales: \u00a0 Apoyo a la acreditaci\u00f3n Erasmus para organizaciones de EFP que deseen abrirse al intercambio y la cooperaci\u00f3n transfronterizos o que est\u00e9n dispuestas a solicitar una etiqueta de excelencia, a trav\u00e9s del programa Erasmus+. Asistencia para la validaci\u00f3n de los resultados del aprendizaje, integrada con herramientas europeas como Europass. Apoyo para navegar por el reconocimiento formal de los programas de movilidad de aprendizaje en todos los pa\u00edses. Disponible a partir de agosto 2026<\/p>\n","protected":false},"author":4,"featured_media":0,"parent":0,"menu_order":0,"comment_status":"closed","ping_status":"closed","template":"elementor_header_footer","meta":{"_acf_changed":false,"inline_featured_image":false,"footnotes":""},"class_list":["post-8439","page","type-page","status-publish","hentry"],"acf":[],"_links":{"self":[{"href":"https:\/\/mobuilding.eu\/es\/wp-json\/wp\/v2\/pages\/8439","targetHints":{"allow":["GET"]}}],"collection":[{"href":"https:\/\/mobuilding.eu\/es\/wp-json\/wp\/v2\/pages"}],"about":[{"href":"https:\/\/mobuilding.eu\/es\/wp-json\/wp\/v2\/types\/page"}],"author":[{"embeddable":true,"href":"https:\/\/mobuilding.eu\/es\/wp-json\/wp\/v2\/users\/4"}],"replies":[{"embeddable":true,"href":"https:\/\/mobuilding.eu\/es\/wp-json\/wp\/v2\/comments?post=8439"}],"version-history":[{"count":5,"href":"https:\/\/mobuilding.eu\/es\/wp-json\/wp\/v2\/pages\/8439\/revisions"}],"predecessor-version":[{"id":9202,"href":"https:\/\/mobuilding.eu\/es\/wp-json\/wp\/v2\/pages\/8439\/revisions\/9202"}],"wp:attachment":[{"href":"https:\/\/mobuilding.eu\/es\/wp-json\/wp\/v2\/media?parent=8439"}],"curies":[{"name":"wp","href":"https:\/\/api.w.org\/{rel}","templated":true}]}}