{"id":8435,"date":"2025-09-18T16:10:33","date_gmt":"2025-09-18T14:10:33","guid":{"rendered":"https:\/\/mobuilding.eu\/platform\/"},"modified":"2026-02-23T17:26:37","modified_gmt":"2026-02-23T16:26:37","slug":"platform","status":"publish","type":"page","link":"https:\/\/mobuilding.eu\/it\/platform\/","title":{"rendered":"Piattaforma"},"content":{"rendered":"\t\t<div data-elementor-type=\"wp-page\" data-elementor-id=\"8435\" class=\"elementor elementor-8435 elementor-7749\">\n\t\t\t\t<div class=\"elementor-element elementor-element-850805b e-flex e-con-boxed wpr-particle-no wpr-jarallax-no wpr-parallax-no wpr-sticky-section-no wpr-equal-height-no e-con e-parent\" data-id=\"850805b\" data-element_type=\"container\" data-e-type=\"container\" data-settings=\"{&quot;background_background&quot;:&quot;classic&quot;}\">\n\t\t\t\t\t<div class=\"e-con-inner\">\n\t\t\t\t<div class=\"elementor-element elementor-element-3597e6c elementor-widget elementor-widget-text-editor\" data-id=\"3597e6c\" data-element_type=\"widget\" data-e-type=\"widget\" data-widget_type=\"text-editor.default\">\n\t\t\t\t<div class=\"elementor-widget-container\">\n\t\t\t\t\t\t\t\t\t<p><strong>Piattaforma<\/strong><\/p>\t\t\t\t\t\t\t\t<\/div>\n\t\t\t\t<\/div>\n\t\t\t\t\t<\/div>\n\t\t\t\t<\/div>\n\t\t<div class=\"elementor-element elementor-element-c7f1c0d e-flex e-con-boxed wpr-particle-no wpr-jarallax-no wpr-parallax-no wpr-sticky-section-no wpr-equal-height-no e-con e-parent\" data-id=\"c7f1c0d\" data-element_type=\"container\" data-e-type=\"container\">\n\t\t\t\t\t<div class=\"e-con-inner\">\n\t\t\t\t<div class=\"elementor-element elementor-element-0b4894c elementor-widget-tablet__width-inherit elementor-widget elementor-widget-text-editor\" data-id=\"0b4894c\" data-element_type=\"widget\" data-e-type=\"widget\" data-widget_type=\"text-editor.default\">\n\t\t\t\t<div class=\"elementor-widget-container\">\n\t\t\t\t\t\t\t\t\t<div><div><div><div><div><div><div><div><div><span data-sheets-root=\"1\">Questa piattaforma digitale \u00e8 stata progettata per diventare un punto di riferimento per la gestione dei flussi di mobilit\u00e0 degli apprendisti e lo scambio di informazioni nel settore edile in tutta Europa. La piattaforma offre un ambiente interattivo che mette in contatto centri IFP, aziende, apprendisti e stakeholder istituzionali in tutta Europa. Facilita la pianificazione, il coordinamento e la garanzia della qualit\u00e0 delle esperienze di mobilit\u00e0, promuovendo al contempo il networking, la collaborazione e lo sviluppo delle competenze.<br \/><br \/>La piattaforma integra quattro spazi principali:<\/span><\/div><\/div><\/div><\/div><\/div><\/div><\/div><\/div><\/div>\t\t\t\t\t\t\t\t<\/div>\n\t\t\t\t<\/div>\n\t\t\t\t\t<\/div>\n\t\t\t\t<\/div>\n\t\t<div class=\"elementor-element elementor-element-225278b e-flex e-con-boxed wpr-particle-no wpr-jarallax-no wpr-parallax-no wpr-sticky-section-no wpr-equal-height-no e-con e-parent\" data-id=\"225278b\" data-element_type=\"container\" data-e-type=\"container\">\n\t\t\t\t\t<div class=\"e-con-inner\">\n\t\t\t\t<div class=\"elementor-element elementor-element-73f6275 elementor-widget-tablet__width-inherit elementor-widget elementor-widget-text-editor\" data-id=\"73f6275\" data-element_type=\"widget\" data-e-type=\"widget\" data-widget_type=\"text-editor.default\">\n\t\t\t\t<div class=\"elementor-widget-container\">\n\t\t\t\t\t\t\t\t\t<div><div><div><div><div><div><div><div><div><p>Spazio di Partenariato e Networking<\/p><\/div><\/div><\/div><\/div><\/div><\/div><\/div><\/div><\/div>\t\t\t\t\t\t\t\t<\/div>\n\t\t\t\t<\/div>\n\t\t\t\t<div class=\"elementor-element elementor-element-1f82a1f elementor-widget-divider--view-line elementor-widget elementor-widget-divider\" data-id=\"1f82a1f\" data-element_type=\"widget\" data-e-type=\"widget\" data-widget_type=\"divider.default\">\n\t\t\t\t<div class=\"elementor-widget-container\">\n\t\t\t\t\t\t\t<div class=\"elementor-divider\">\n\t\t\t<span class=\"elementor-divider-separator\">\n\t\t\t\t\t\t<\/span>\n\t\t<\/div>\n\t\t\t\t\t\t<\/div>\n\t\t\t\t<\/div>\n\t\t\t\t\t<\/div>\n\t\t\t\t<\/div>\n\t\t<div class=\"elementor-element elementor-element-94078eb e-flex e-con-boxed wpr-particle-no wpr-jarallax-no wpr-parallax-no wpr-sticky-section-no wpr-equal-height-no e-con e-parent\" data-id=\"94078eb\" data-element_type=\"container\" data-e-type=\"container\">\n\t\t\t\t\t<div class=\"e-con-inner\">\n\t\t<div class=\"elementor-element elementor-element-3c823bd e-con-full e-flex wpr-particle-no wpr-jarallax-no wpr-parallax-no wpr-sticky-section-no wpr-equal-height-no e-con e-child\" data-id=\"3c823bd\" data-element_type=\"container\" data-e-type=\"container\">\n\t\t\t\t<div class=\"elementor-element elementor-element-d3e2920 elementor-widget-tablet__width-inherit elementor-widget elementor-widget-text-editor\" data-id=\"d3e2920\" data-element_type=\"widget\" data-e-type=\"widget\" data-widget_type=\"text-editor.default\">\n\t\t\t\t<div class=\"elementor-widget-container\">\n\t\t\t\t\t\t\t\t\t<div><div><div><div><div><div><div><div><div>La Spazio di Partenariato e Networking \u00e8 il cuore collaborativo della Piattaforma europea per la mobilit\u00e0 degli apprendisti nel settore dell&#8217;edilizia. Offre uno spazio dedicato in cui centri IFP, aziende, organismi intermediari e altri soggetti interessati possono connettersi, condividere interessi e costruire partenariati, consorzi e reti per la mobilit\u00e0 degli apprendisti nel settore dell&#8217;edilizia.<br \/><br \/>Gli utenti possono creare profili organizzativi, presentare le loro offerte o esigenze di mobilit\u00e0 ed esplorare potenziali corrispondenze con partner affidabili in tutta Europa. Lo spazio facilita la comunicazione diretta e incoraggia la cooperazione a lungo termine, contribuendo a gettare le basi per reti di mobilit\u00e0 sostenibili nel settore dell&#8217;edilizia.<br \/><br \/>Riunendo istituzioni impegnate per la qualit\u00e0 e l\u2019innovazione nella mobilit\u00e0 degli apprendisti, questo spazio favorisce la creazione di una comunit\u00e0 solida e collaborativa, pronta a plasmare il futuro della formazione professionale nel settore edile,<br \/>generando sinergie e valorizzando le opportunit\u00e0 offerte dalla European Alliance for Apprenticeships.<\/div><\/div><\/div><\/div><\/div><\/div><\/div><\/div><\/div>\t\t\t\t\t\t\t\t<\/div>\n\t\t\t\t<\/div>\n\t\t\t\t<\/div>\n\t\t\t\t\t<\/div>\n\t\t\t\t<\/div>\n\t\t<div class=\"elementor-element elementor-element-50ecd3b e-flex e-con-boxed wpr-particle-no wpr-jarallax-no wpr-parallax-no wpr-sticky-section-no wpr-equal-height-no e-con e-parent\" data-id=\"50ecd3b\" data-element_type=\"container\" data-e-type=\"container\">\n\t\t\t\t\t<div class=\"e-con-inner\">\n\t\t\t\t<div class=\"elementor-element elementor-element-3f6417a elementor-widget-tablet__width-inherit elementor-widget elementor-widget-text-editor\" data-id=\"3f6417a\" data-element_type=\"widget\" data-e-type=\"widget\" data-widget_type=\"text-editor.default\">\n\t\t\t\t<div class=\"elementor-widget-container\">\n\t\t\t\t\t\t\t\t\t<div><div><div><div><div><div><div><div><div><p>Spazio di Capacity Building<\/p><\/div><\/div><\/div><\/div><\/div><\/div><\/div><\/div><\/div>\t\t\t\t\t\t\t\t<\/div>\n\t\t\t\t<\/div>\n\t\t\t\t<div class=\"elementor-element elementor-element-91d4980 elementor-widget-divider--view-line elementor-widget elementor-widget-divider\" data-id=\"91d4980\" data-element_type=\"widget\" data-e-type=\"widget\" data-widget_type=\"divider.default\">\n\t\t\t\t<div class=\"elementor-widget-container\">\n\t\t\t\t\t\t\t<div class=\"elementor-divider\">\n\t\t\t<span class=\"elementor-divider-separator\">\n\t\t\t\t\t\t<\/span>\n\t\t<\/div>\n\t\t\t\t\t\t<\/div>\n\t\t\t\t<\/div>\n\t\t\t\t\t<\/div>\n\t\t\t\t<\/div>\n\t\t<div class=\"elementor-element elementor-element-63cc9c5 e-flex e-con-boxed wpr-particle-no wpr-jarallax-no wpr-parallax-no wpr-sticky-section-no wpr-equal-height-no e-con e-parent\" data-id=\"63cc9c5\" data-element_type=\"container\" data-e-type=\"container\">\n\t\t\t\t\t<div class=\"e-con-inner\">\n\t\t\t\t<div class=\"elementor-element elementor-element-2ceb9ed elementor-widget-tablet__width-inherit elementor-widget elementor-widget-text-editor\" data-id=\"2ceb9ed\" data-element_type=\"widget\" data-e-type=\"widget\" data-widget_type=\"text-editor.default\">\n\t\t\t\t<div class=\"elementor-widget-container\">\n\t\t\t\t\t\t\t\t\t<div><div><div><div><div><div><div><div><div>Lo spazio di Capacity Building \u00e8 progettato per rafforzare le competenze e la preparazione delle organizzazioni e degli studenti coinvolti nella mobilit\u00e0 degli apprendisti nel settore edile.<br \/><br \/>Questo spazio offre risorse pratiche, strumenti e materiali didattici a supporto di:<br \/><br \/><\/div><ul><li>i centri di IFP, le aziende (in particolare le PMI) e i coordinatori della mobilit\u00e0 nel migliorare il modo in cui pianificano, gestiscono e valutano le esperienze di mobilit\u00e0 transfrontaliera attraverso il programma di formazione sulla gestione efficace della mobilit\u00e0 degli apprendisti nel settore dell&#8217;edilizia.<br \/><br \/><\/li><li>gli apprendisti, fornendo una formazione sulla sensibilit\u00e0 culturale a coloro che si spostano oltre confine e l&#8217;accesso a risorse esterne per l&#8217;apprendimento delle lingue.<\/li><\/ul><\/div><\/div><\/div><\/div><\/div><\/div><\/div><\/div>\t\t\t\t\t\t\t\t<\/div>\n\t\t\t\t<\/div>\n\t\t\t\t\t<\/div>\n\t\t\t\t<\/div>\n\t\t<div class=\"elementor-element elementor-element-fb84beb e-flex e-con-boxed wpr-particle-no wpr-jarallax-no wpr-parallax-no wpr-sticky-section-no wpr-equal-height-no e-con e-parent\" data-id=\"fb84beb\" data-element_type=\"container\" data-e-type=\"container\">\n\t\t\t\t\t<div class=\"e-con-inner\">\n\t\t\t\t<div class=\"elementor-element elementor-element-656601f elementor-widget-tablet__width-inherit elementor-widget elementor-widget-text-editor\" data-id=\"656601f\" data-element_type=\"widget\" data-e-type=\"widget\" data-widget_type=\"text-editor.default\">\n\t\t\t\t<div class=\"elementor-widget-container\">\n\t\t\t\t\t\t\t\t\t<div><div><div><div><div><div><div><div><div><p>Strumento di gestione della mobilit\u00e0 degli apprendisti<\/p><\/div><\/div><\/div><\/div><\/div><\/div><\/div><\/div><\/div>\t\t\t\t\t\t\t\t<\/div>\n\t\t\t\t<\/div>\n\t\t\t\t<div class=\"elementor-element elementor-element-d193472 elementor-widget-divider--view-line elementor-widget elementor-widget-divider\" data-id=\"d193472\" data-element_type=\"widget\" data-e-type=\"widget\" data-widget_type=\"divider.default\">\n\t\t\t\t<div class=\"elementor-widget-container\">\n\t\t\t\t\t\t\t<div class=\"elementor-divider\">\n\t\t\t<span class=\"elementor-divider-separator\">\n\t\t\t\t\t\t<\/span>\n\t\t<\/div>\n\t\t\t\t\t\t<\/div>\n\t\t\t\t<\/div>\n\t\t\t\t\t<\/div>\n\t\t\t\t<\/div>\n\t\t<div class=\"elementor-element elementor-element-6f995fc e-flex e-con-boxed wpr-particle-no wpr-jarallax-no wpr-parallax-no wpr-sticky-section-no wpr-equal-height-no e-con e-parent\" data-id=\"6f995fc\" data-element_type=\"container\" data-e-type=\"container\">\n\t\t\t\t\t<div class=\"e-con-inner\">\n\t\t\t\t<div class=\"elementor-element elementor-element-3fa6c2d elementor-widget-tablet__width-inherit elementor-widget elementor-widget-text-editor\" data-id=\"3fa6c2d\" data-element_type=\"widget\" data-e-type=\"widget\" data-widget_type=\"text-editor.default\">\n\t\t\t\t<div class=\"elementor-widget-container\">\n\t\t\t\t\t\t\t\t\t<div><div><div><div><div><div><div><div><div>Lo strumento di gestione della mobilit\u00e0 degli apprendisti supporta l&#8217;intero ciclo di vita delle esperienze di mobilit\u00e0 transfrontaliera nel settore edile.<br \/><br \/>Questo strumento digitale aiuta i centri di IFP e le aziende a coordinare tutti gli aspetti del processo di mobilit\u00e0, dalla pianificazione iniziale e dagli accordi con i partner alla documentazione, alla logistica, al monitoraggio e alla valutazione post-mobilit\u00e0. Semplifica la comunicazione tra le organizzazioni di invio e di accoglienza e garantisce che gli apprendisti ricevano un sostegno costante durante tutto il loro percorso.<br \/><br \/>Offrendo modelli standardizzati, scadenze e linee guida in linea con gli standard di qualit\u00e0 europei, lo strumento aiuta le organizzazioni a gestire la mobilit\u00e0 con maggiore efficienza, trasparenza e fiducia. \u00c8 particolarmente utile per chi si affaccia per la prima volta alle mobilit\u00e0 internazionali nell&#8217;apprendistato o opera con risorse limitate.<\/div><\/div><\/div><\/div><\/div><\/div><\/div><\/div><\/div>\t\t\t\t\t\t\t\t<\/div>\n\t\t\t\t<\/div>\n\t\t\t\t\t<\/div>\n\t\t\t\t<\/div>\n\t\t<div class=\"elementor-element elementor-element-34028fe e-flex e-con-boxed wpr-particle-no wpr-jarallax-no wpr-parallax-no wpr-sticky-section-no wpr-equal-height-no e-con e-parent\" data-id=\"34028fe\" data-element_type=\"container\" data-e-type=\"container\">\n\t\t\t\t\t<div class=\"e-con-inner\">\n\t\t\t\t<div class=\"elementor-element elementor-element-2b31891 elementor-widget-tablet__width-inherit elementor-widget elementor-widget-text-editor\" data-id=\"2b31891\" data-element_type=\"widget\" data-e-type=\"widget\" data-widget_type=\"text-editor.default\">\n\t\t\t\t<div class=\"elementor-widget-container\">\n\t\t\t\t\t\t\t\t\t<div><div><div><div><div><div><div><div><div><p>Centro di Accreditamento, Validazione e Riconoscimento<\/p><\/div><\/div><\/div><\/div><\/div><\/div><\/div><\/div><\/div>\t\t\t\t\t\t\t\t<\/div>\n\t\t\t\t<\/div>\n\t\t\t\t<div class=\"elementor-element elementor-element-e66e6e0 elementor-widget-divider--view-line elementor-widget elementor-widget-divider\" data-id=\"e66e6e0\" data-element_type=\"widget\" data-e-type=\"widget\" data-widget_type=\"divider.default\">\n\t\t\t\t<div class=\"elementor-widget-container\">\n\t\t\t\t\t\t\t<div class=\"elementor-divider\">\n\t\t\t<span class=\"elementor-divider-separator\">\n\t\t\t\t\t\t<\/span>\n\t\t<\/div>\n\t\t\t\t\t\t<\/div>\n\t\t\t\t<\/div>\n\t\t\t\t\t<\/div>\n\t\t\t\t<\/div>\n\t\t<div class=\"elementor-element elementor-element-429524c e-flex e-con-boxed wpr-particle-no wpr-jarallax-no wpr-parallax-no wpr-sticky-section-no wpr-equal-height-no e-con e-parent\" data-id=\"429524c\" data-element_type=\"container\" data-e-type=\"container\">\n\t\t\t\t\t<div class=\"e-con-inner\">\n\t\t\t\t<div class=\"elementor-element elementor-element-3597c7f elementor-widget-tablet__width-inherit elementor-widget elementor-widget-text-editor\" data-id=\"3597c7f\" data-element_type=\"widget\" data-e-type=\"widget\" data-widget_type=\"text-editor.default\">\n\t\t\t\t<div class=\"elementor-widget-container\">\n\t\t\t\t\t\t\t\t\t<div><div><div><div><div><div><div><div><div>Il Centro di Accreditamento, Validazione e Riconoscimento fornisce strumenti e linee guida per aiutare gli enti di formazione professionale e le aziende a garantire che i risultati di apprendimento raggiunti durante le esperienze di mobilit\u00e0 siano adeguatamente documentati, valutati e riconosciuti \u2014 sia a livello accademico che professionale \u2014 in conformit\u00e0 con i quadri europei come EQF, i principi dell\u2019ECVET, EQAVET e ISO 21001.<br \/><br \/>Fornisce supporto in tre aree principali: <\/div><div>\u00a0<\/div><ul><li>Supporto all\u2019accreditamento Erasmus per le organizzazioni dell\u2019istruzione e formazione professionale che desiderano aprirsi allo scambio e alla cooperazione transnazionale o che intendono candidarsi per ottenere un marchio di eccellenza, attraverso il programma Erasmus+.<br \/><br \/><\/li><li>Assistenza alla convalida dei risultati dell&#8217;apprendistato, integrata con strumenti europei come Europass.<br \/><br \/><\/li><li>Supporto per orientarsi nel riconoscimento formale dei programmi di mobilit\u00e0 per l&#8217;apprendistato tra i vari paesi.<\/li><\/ul><\/div><\/div><\/div><\/div><\/div><\/div><\/div><\/div>\t\t\t\t\t\t\t\t<\/div>\n\t\t\t\t<\/div>\n\t\t\t\t\t<\/div>\n\t\t\t\t<\/div>\n\t\t<div class=\"elementor-element elementor-element-b258b72 e-flex e-con-boxed wpr-particle-no wpr-jarallax-no wpr-parallax-no wpr-sticky-section-no wpr-equal-height-no e-con e-parent\" data-id=\"b258b72\" data-element_type=\"container\" data-e-type=\"container\">\n\t\t\t\t\t<div class=\"e-con-inner\">\n\t\t\t\t<div class=\"elementor-element elementor-element-1507f7a elementor-widget__width-initial elementor-widget elementor-widget-text-editor\" data-id=\"1507f7a\" data-element_type=\"widget\" data-e-type=\"widget\" data-widget_type=\"text-editor.default\">\n\t\t\t\t<div class=\"elementor-widget-container\">\n\t\t\t\t\t\t\t\t\t<p>Disponibile da agosto 2026<\/p>\t\t\t\t\t\t\t\t<\/div>\n\t\t\t\t<\/div>\n\t\t\t\t\t<\/div>\n\t\t\t\t<\/div>\n\t\t\t\t<\/div>\n\t\t","protected":false},"excerpt":{"rendered":"<p>Piattaforma Questa piattaforma digitale \u00e8 stata progettata per diventare un punto di riferimento per la gestione dei flussi di mobilit\u00e0 degli apprendisti e lo scambio di informazioni nel settore edile in tutta Europa. La piattaforma offre un ambiente interattivo che mette in contatto centri IFP, aziende, apprendisti e stakeholder istituzionali in tutta Europa. Facilita la pianificazione, il coordinamento e la garanzia della qualit\u00e0 delle esperienze di mobilit\u00e0, promuovendo al contempo il networking, la collaborazione e lo sviluppo delle competenze. La piattaforma integra quattro spazi principali: Spazio di Partenariato e Networking La Spazio di Partenariato e Networking \u00e8 il cuore collaborativo della Piattaforma europea per la mobilit\u00e0 degli apprendisti nel settore dell&#8217;edilizia. Offre uno spazio dedicato in cui centri IFP, aziende, organismi intermediari e altri soggetti interessati possono connettersi, condividere interessi e costruire partenariati, consorzi e reti per la mobilit\u00e0 degli apprendisti nel settore dell&#8217;edilizia. Gli utenti possono creare profili organizzativi, presentare le loro offerte o esigenze di mobilit\u00e0 ed esplorare potenziali corrispondenze con partner affidabili in tutta Europa. Lo spazio facilita la comunicazione diretta e incoraggia la cooperazione a lungo termine, contribuendo a gettare le basi per reti di mobilit\u00e0 sostenibili nel settore dell&#8217;edilizia. Riunendo istituzioni impegnate per la qualit\u00e0 e l\u2019innovazione nella mobilit\u00e0 degli apprendisti, questo spazio favorisce la creazione di una comunit\u00e0 solida e collaborativa, pronta a plasmare il futuro della formazione professionale nel settore edile,generando sinergie e valorizzando le opportunit\u00e0 offerte dalla European Alliance for Apprenticeships. Spazio di Capacity Building Lo spazio di Capacity Building \u00e8 progettato per rafforzare le competenze e la preparazione delle organizzazioni e degli studenti coinvolti nella mobilit\u00e0 degli apprendisti nel settore edile. Questo spazio offre risorse pratiche, strumenti e materiali didattici a supporto di: i centri di IFP, le aziende (in particolare le PMI) e i coordinatori della mobilit\u00e0 nel migliorare il modo in cui pianificano, gestiscono e valutano le esperienze di mobilit\u00e0 transfrontaliera attraverso il programma di formazione sulla gestione efficace della mobilit\u00e0 degli apprendisti nel settore dell&#8217;edilizia. gli apprendisti, fornendo una formazione sulla sensibilit\u00e0 culturale a coloro che si spostano oltre confine e l&#8217;accesso a risorse esterne per l&#8217;apprendimento delle lingue. Strumento di gestione della mobilit\u00e0 degli apprendisti Lo strumento di gestione della mobilit\u00e0 degli apprendisti supporta l&#8217;intero ciclo di vita delle esperienze di mobilit\u00e0 transfrontaliera nel settore edile. Questo strumento digitale aiuta i centri di IFP e le aziende a coordinare tutti gli aspetti del processo di mobilit\u00e0, dalla pianificazione iniziale e dagli accordi con i partner alla documentazione, alla logistica, al monitoraggio e alla valutazione post-mobilit\u00e0. Semplifica la comunicazione tra le organizzazioni di invio e di accoglienza e garantisce che gli apprendisti ricevano un sostegno costante durante tutto il loro percorso. Offrendo modelli standardizzati, scadenze e linee guida in linea con gli standard di qualit\u00e0 europei, lo strumento aiuta le organizzazioni a gestire la mobilit\u00e0 con maggiore efficienza, trasparenza e fiducia. \u00c8 particolarmente utile per chi si affaccia per la prima volta alle mobilit\u00e0 internazionali nell&#8217;apprendistato o opera con risorse limitate. Centro di Accreditamento, Validazione e Riconoscimento Il Centro di Accreditamento, Validazione e Riconoscimento fornisce strumenti e linee guida per aiutare gli enti di formazione professionale e le aziende a garantire che i risultati di apprendimento raggiunti durante le esperienze di mobilit\u00e0 siano adeguatamente documentati, valutati e riconosciuti \u2014 sia a livello accademico che professionale \u2014 in conformit\u00e0 con i quadri europei come EQF, i principi dell\u2019ECVET, EQAVET e ISO 21001. Fornisce supporto in tre aree principali: \u00a0 Supporto all\u2019accreditamento Erasmus per le organizzazioni dell\u2019istruzione e formazione professionale che desiderano aprirsi allo scambio e alla cooperazione transnazionale o che intendono candidarsi per ottenere un marchio di eccellenza, attraverso il programma Erasmus+. Assistenza alla convalida dei risultati dell&#8217;apprendistato, integrata con strumenti europei come Europass. Supporto per orientarsi nel riconoscimento formale dei programmi di mobilit\u00e0 per l&#8217;apprendistato tra i vari paesi. Disponibile da agosto 2026<\/p>\n","protected":false},"author":4,"featured_media":0,"parent":0,"menu_order":0,"comment_status":"closed","ping_status":"closed","template":"elementor_header_footer","meta":{"_acf_changed":false,"inline_featured_image":false,"footnotes":""},"class_list":["post-8435","page","type-page","status-publish","hentry"],"acf":[],"_links":{"self":[{"href":"https:\/\/mobuilding.eu\/it\/wp-json\/wp\/v2\/pages\/8435","targetHints":{"allow":["GET"]}}],"collection":[{"href":"https:\/\/mobuilding.eu\/it\/wp-json\/wp\/v2\/pages"}],"about":[{"href":"https:\/\/mobuilding.eu\/it\/wp-json\/wp\/v2\/types\/page"}],"author":[{"embeddable":true,"href":"https:\/\/mobuilding.eu\/it\/wp-json\/wp\/v2\/users\/4"}],"replies":[{"embeddable":true,"href":"https:\/\/mobuilding.eu\/it\/wp-json\/wp\/v2\/comments?post=8435"}],"version-history":[{"count":10,"href":"https:\/\/mobuilding.eu\/it\/wp-json\/wp\/v2\/pages\/8435\/revisions"}],"predecessor-version":[{"id":10374,"href":"https:\/\/mobuilding.eu\/it\/wp-json\/wp\/v2\/pages\/8435\/revisions\/10374"}],"wp:attachment":[{"href":"https:\/\/mobuilding.eu\/it\/wp-json\/wp\/v2\/media?parent=8435"}],"curies":[{"name":"wp","href":"https:\/\/api.w.org\/{rel}","templated":true}]}}