{"id":8504,"date":"2025-09-12T14:00:11","date_gmt":"2025-09-12T12:00:11","guid":{"rendered":"https:\/\/mobuilding.eu\/events\/"},"modified":"2025-11-04T17:19:03","modified_gmt":"2025-11-04T16:19:03","slug":"events","status":"publish","type":"page","link":"https:\/\/mobuilding.eu\/it\/events\/","title":{"rendered":"Eventi"},"content":{"rendered":"\t\t<div data-elementor-type=\"wp-page\" data-elementor-id=\"8504\" class=\"elementor elementor-8504 elementor-6445\">\n\t\t\t\t<div class=\"elementor-element elementor-element-8490dce e-flex e-con-boxed wpr-particle-no wpr-jarallax-no wpr-parallax-no wpr-sticky-section-no wpr-equal-height-no e-con e-parent\" data-id=\"8490dce\" data-element_type=\"container\" data-e-type=\"container\" data-settings=\"{&quot;background_background&quot;:&quot;classic&quot;}\">\n\t\t\t\t\t<div class=\"e-con-inner\">\n\t\t\t\t<div class=\"elementor-element elementor-element-c75af01 elementor-widget elementor-widget-text-editor\" data-id=\"c75af01\" data-element_type=\"widget\" data-e-type=\"widget\" data-widget_type=\"text-editor.default\">\n\t\t\t\t<div class=\"elementor-widget-container\">\n\t\t\t\t\t\t\t\t\t<p>Notizie:<br \/><strong>Eventi<\/strong><\/p>\t\t\t\t\t\t\t\t<\/div>\n\t\t\t\t<\/div>\n\t\t\t\t\t<\/div>\n\t\t\t\t<\/div>\n\t\t<div class=\"elementor-element elementor-element-ec92a30 e-flex e-con-boxed wpr-particle-no wpr-jarallax-no wpr-parallax-no wpr-sticky-section-no wpr-equal-height-no e-con e-parent\" data-id=\"ec92a30\" data-element_type=\"container\" data-e-type=\"container\">\n\t\t\t\t\t<div class=\"e-con-inner\">\n\t\t\t\t<div class=\"elementor-element elementor-element-61192ca elementor-widget elementor-widget-heading\" data-id=\"61192ca\" data-element_type=\"widget\" data-e-type=\"widget\" data-widget_type=\"heading.default\">\n\t\t\t\t<div class=\"elementor-widget-container\">\n\t\t\t\t\t<h2 class=\"elementor-heading-title elementor-size-default\">Prossimi eventi<\/h2>\t\t\t\t<\/div>\n\t\t\t\t<\/div>\n\t\t\t\t\t<\/div>\n\t\t\t\t<\/div>\n\t\t<div class=\"elementor-element elementor-element-6efad32 e-flex e-con-boxed wpr-particle-no wpr-jarallax-no wpr-parallax-no wpr-sticky-section-no wpr-equal-height-no e-con e-parent\" data-id=\"6efad32\" data-element_type=\"container\" data-e-type=\"container\">\n\t\t\t\t\t<div class=\"e-con-inner\">\n\t\t\t\t<div class=\"elementor-element elementor-element-8f20ecc elementor-widget elementor-widget-shortcode\" data-id=\"8f20ecc\" data-element_type=\"widget\" data-e-type=\"widget\" data-widget_type=\"shortcode.default\">\n\t\t\t\t<div class=\"elementor-widget-container\">\n\t\t\t\t\t\t\t<div class=\"elementor-shortcode\">\n\t<link href=\"https:\/\/cdn.jsdelivr.net\/npm\/bootstrap@5.3.3\/dist\/css\/bootstrap.min.css\" rel=\"stylesheet\">\n\t<script src=\"https:\/\/cdn.jsdelivr.net\/npm\/bootstrap@5.3.3\/dist\/js\/bootstrap.bundle.min.js\"><\/script>\n\t<style>\n\t.contenedor_evento {\n\t\tborder: 2px solid var(--e-global-color-primary);\n\t\tborder-radius: 52px;\n\t\tpadding: 15px;\n\t\tmargin-bottom: 23px;\n\t}\n\t.lugar {\n\t\tcolor: var(--e-global-color-primary);\n\t\tfont-weight: 600;\n\t\tfont-size: 17px;\n\t}\n\t.titulo_evento {\n\t\tcolor: black;\n\t\tfont-weight: 600;\n\t\tfont-size: 17px;\n\t}\n\tp.fechaini, p.fechafin {\n\t\tcolor: #8B8B8B;\n\t\tfont-size: 16px;\n\t\tmargin: 0;\n\t}\n\t.enlace_evento{\n\t\tmargin-top: 5px;\n\t}\n\t.enlace_evento a {\n\t\tfont-size: 15px;\n\t\tbackground-color: #FF671D;\n\t\ttext-transform: uppercase;\n\t\tcolor: #fff;\n\t\tpadding: 6px 18px;\n\t\tfont-weight: 500;\n\t\tborder-radius: 52px;\n\t\tdisplay: inline-block;\n\t}\n\t<\/style><p>No hay eventos programados<\/p><\/div>\n\t\t\t\t\t\t<\/div>\n\t\t\t\t<\/div>\n\t\t\t\t\t<\/div>\n\t\t\t\t<\/div>\n\t\t<div class=\"elementor-element elementor-element-fdf057b e-flex e-con-boxed wpr-particle-no wpr-jarallax-no wpr-parallax-no wpr-sticky-section-no wpr-equal-height-no e-con e-parent\" data-id=\"fdf057b\" data-element_type=\"container\" data-e-type=\"container\">\n\t\t\t\t\t<div class=\"e-con-inner\">\n\t\t\t\t<div class=\"elementor-element elementor-element-91baa16 elementor-widget elementor-widget-heading\" data-id=\"91baa16\" data-element_type=\"widget\" data-e-type=\"widget\" data-widget_type=\"heading.default\">\n\t\t\t\t<div class=\"elementor-widget-container\">\n\t\t\t\t\t<h2 class=\"elementor-heading-title elementor-size-default\">Eventi passati<\/h2>\t\t\t\t<\/div>\n\t\t\t\t<\/div>\n\t\t\t\t\t<\/div>\n\t\t\t\t<\/div>\n\t\t<div class=\"elementor-element elementor-element-c3d83bc e-flex e-con-boxed wpr-particle-no wpr-jarallax-no wpr-parallax-no wpr-sticky-section-no wpr-equal-height-no e-con e-parent\" data-id=\"c3d83bc\" data-element_type=\"container\" data-e-type=\"container\">\n\t\t\t\t\t<div class=\"e-con-inner\">\n\t\t\t\t<div class=\"elementor-element elementor-element-a04a528 elementor-widget elementor-widget-shortcode\" data-id=\"a04a528\" data-element_type=\"widget\" data-e-type=\"widget\" data-widget_type=\"shortcode.default\">\n\t\t\t\t<div class=\"elementor-widget-container\">\n\t\t\t\t\t\t\t<div class=\"elementor-shortcode\">\n\t<link href=\"https:\/\/cdn.jsdelivr.net\/npm\/bootstrap@5.3.3\/dist\/css\/bootstrap.min.css\" rel=\"stylesheet\">\n\t<script src=\"https:\/\/cdn.jsdelivr.net\/npm\/bootstrap@5.3.3\/dist\/js\/bootstrap.bundle.min.js\"><\/script>\n\t<style>\n\t.contenedor_evento {\n\t\tborder: 2px solid var(--e-global-color-primary);\n\t\tborder-radius: 52px;\n\t\tpadding: 15px;\n\t\tmargin-bottom: 23px;\n\t}\n\t.lugar {\n\t\tcolor: var(--e-global-color-primary);\n\t\tfont-weight: 600;\n\t\tfont-size: 17px;\n\t}\n\t.titulo_evento {\n\t\tcolor: black;\n\t\tfont-weight: 600;\n\t\tfont-size: 17px;\n\t}\n\tp.fechaini, p.fechafin {\n\t\tcolor: #8B8B8B;\n\t\tfont-size: 16px;\n\t\tmargin: 0;\n\t}\n\t.enlace_evento{\n\t\tmargin-top: 5px;\n\t}\n\t.enlace_evento a {\n\t\tfont-size: 15px;\n\t\tbackground-color: #FF671D;\n\t\ttext-transform: uppercase;\n\t\tcolor: #fff;\n\t\tpadding: 6px 18px;\n\t\tfont-weight: 500;\n\t\tborder-radius: 52px;\n\t\tdisplay: inline-block;\n\t}\n\t<\/style>\n\t\t\t<div class=\"contenedor_evento\">\n\t\t\t\t<div class=\"row align-items-center g-3 text-center text-md-start\">\n\t\t\t\t\t<div class=\"col-12 col-md-2\">\n\t\t\t\t\t\t<p class=\"fechaini text-center\">30\/06\/2025<\/p><p class=\"fechafin  text-center\">01\/07\/2025<\/p>\t<\/div>\n\t\t\t\t\t<div class=\"col-12 col-md-3 lugar\">Brussels, Belgium<\/div>\n\t\t\t\t\t<div class=\"col-12 col-md-5 titulo_evento\">Apprenticeships for the Union of Skilss and the Clean Industrial Deal<\/div>\n\t\t\t\t\t<div class=\"col-12 col-md-2 enlace_evento text-center text-md-center mt-md-3 mt-lg-2\"><a class=\"event_link\" href=\"https:\/\/www.eafa-2025hle.eu\/\" target=\"_blank\">EVENT DETAILS<\/a><\/div>\n\t\t\t\t<\/div>\n\t\t\t<\/div>\n\t\t\t<div class=\"contenedor_evento\">\n\t\t\t\t<div class=\"row align-items-center g-3 text-center text-md-start\">\n\t\t\t\t\t<div class=\"col-12 col-md-2\">\n\t\t\t\t\t\t<p class=\"fechaini text-center\">26\/09\/2025<\/p><p class=\"fechafin  text-center\">26\/09\/2025<\/p>\t<\/div>\n\t\t\t\t\t<div class=\"col-12 col-md-3 lugar\">Brussels, Belgium<\/div>\n\t\t\t\t\t<div class=\"col-12 col-md-5 titulo_evento\">ECEM Final Conference<\/div>\n\t\t\t\t\t<div class=\"col-12 col-md-2 enlace_evento text-center text-md-center mt-md-3 mt-lg-2\"><a class=\"event_link\" href=\"https:\/\/acaevents.idloom.events\/ECEMFinalConference\" target=\"_blank\">EVENT DETAILS<\/a><\/div>\n\t\t\t\t<\/div>\n\t\t\t<\/div>\n\t\t\t<div class=\"contenedor_evento\">\n\t\t\t\t<div class=\"row align-items-center g-3 text-center text-md-start\">\n\t\t\t\t\t<div class=\"col-12 col-md-2\">\n\t\t\t\t\t\t<p class=\"fechaini text-center\">30\/09\/2025<\/p><p class=\"fechafin  text-center\">01\/10\/2025<\/p>\t<\/div>\n\t\t\t\t\t<div class=\"col-12 col-md-3 lugar\">Carmona, Spain<\/div>\n\t\t\t\t\t<div class=\"col-12 col-md-5 titulo_evento\">Proyectos acreditados de movilidad de estudiantes y personal de Formaci\u00f3n Profesional (KA121-VET)<\/div>\n\t\t\t\t\t<div class=\"col-12 col-md-2 enlace_evento text-center text-md-center mt-md-3 mt-lg-2\"><a class=\"event_link\" href=\"http:\/\/sepie.es\/comunicacion\/jornadas\/index.html\" target=\"_blank\">EVENT DETAILS<\/a><\/div>\n\t\t\t\t<\/div>\n\t\t\t<\/div>\n\t\t\t<div class=\"contenedor_evento\">\n\t\t\t\t<div class=\"row align-items-center g-3 text-center text-md-start\">\n\t\t\t\t\t<div class=\"col-12 col-md-2\">\n\t\t\t\t\t\t<p class=\"fechaini text-center\">07\/10\/2025<\/p><p class=\"fechafin  text-center\">08\/10\/2025<\/p>\t<\/div>\n\t\t\t\t\t<div class=\"col-12 col-md-3 lugar\">Podgorica, Montenegro<\/div>\n\t\t\t\t\t<div class=\"col-12 col-md-5 titulo_evento\">10th Seminar for EAfA Partner Countries<\/div>\n\t\t\t\t\t<div class=\"col-12 col-md-2 enlace_evento text-center text-md-center mt-md-3 mt-lg-2\"><a class=\"event_link\" href=\"https:\/\/ecorys.idloom.events\/seminar-for-eafa-partner-countries-2025\" target=\"_blank\">EVENT DETAILS<\/a><\/div>\n\t\t\t\t<\/div>\n\t\t\t<\/div>\n\t\t\t<div class=\"contenedor_evento\">\n\t\t\t\t<div class=\"row align-items-center g-3 text-center text-md-start\">\n\t\t\t\t\t<div class=\"col-12 col-md-2\">\n\t\t\t\t\t\t<p class=\"fechaini text-center\">22\/10\/2025<\/p><p class=\"fechafin  text-center\">25\/10\/2025<\/p>\t<\/div>\n\t\t\t\t\t<div class=\"col-12 col-md-3 lugar\">Fatima, Portugal<\/div>\n\t\t\t\t\t<div class=\"col-12 col-md-5 titulo_evento\">EfVET Conference 2025 - A Learning Platform for VET<\/div>\n\t\t\t\t\t<div class=\"col-12 col-md-2 enlace_evento text-center text-md-center mt-md-3 mt-lg-2\"><a class=\"event_link\" href=\"https:\/\/whova.com\/web\/sXOM8WO8MtLiVKWnktnu2cZkr3Z@5qnLi9KOPccAJ4w=\/\" target=\"_blank\">EVENT DETAILS<\/a><\/div>\n\t\t\t\t<\/div>\n\t\t\t<\/div>\n\t\t\t<div class=\"contenedor_evento\">\n\t\t\t\t<div class=\"row align-items-center g-3 text-center text-md-start\">\n\t\t\t\t\t<div class=\"col-12 col-md-2\">\n\t\t\t\t\t\t<p class=\"fechaini text-center\">28\/10\/2025<\/p><p class=\"fechafin  text-center\">30\/10\/2025<\/p>\t<\/div>\n\t\t\t\t\t<div class=\"col-12 col-md-3 lugar\">Berlin, Germany<\/div>\n\t\t\t\t\t<div class=\"col-12 col-md-5 titulo_evento\">Global TVET Forum 2025<\/div>\n\t\t\t\t\t<div class=\"col-12 col-md-2 enlace_evento text-center text-md-center mt-md-3 mt-lg-2\"><a class=\"event_link\" href=\"https:\/\/unevoc.unesco.org\/bilt\/Global+TVET+Forum+2025\" target=\"_blank\">EVENT DETAILS<\/a><\/div>\n\t\t\t\t<\/div>\n\t\t\t<\/div><\/div>\n\t\t\t\t\t\t<\/div>\n\t\t\t\t<\/div>\n\t\t\t\t\t<\/div>\n\t\t\t\t<\/div>\n\t\t<div class=\"elementor-element elementor-element-0ba6e24 e-flex e-con-boxed wpr-particle-no wpr-jarallax-no wpr-parallax-no wpr-sticky-section-no wpr-equal-height-no e-con e-parent\" data-id=\"0ba6e24\" data-element_type=\"container\" data-e-type=\"container\">\n\t\t\t\t\t<div class=\"e-con-inner\">\n\t\t\t\t<div class=\"elementor-element elementor-element-1a9afed elementor-widget elementor-widget-html\" data-id=\"1a9afed\" data-element_type=\"widget\" data-e-type=\"widget\" data-widget_type=\"html.default\">\n\t\t\t\t<div class=\"elementor-widget-container\">\n\t\t\t\t\t<script>\ndocument.addEventListener('DOMContentLoaded', function() {\n\n    \/\/ Verifica si la URL incluye '\/it\/events\/'\n    if (window.location.href.includes('\/it\/events\/')) {\n        \/\/ Obtiene todos los elementos con la clase '.event_link'\n        var event_details_list = document.querySelectorAll('.event_link');\n\n        if (event_details_list.length > 0) {\n            \/\/ Recorre todos los elementos encontrados y cambia su texto\n            event_details_list.forEach(function(event_details) {\n                event_details.textContent = \"DETTAGLI DELL'EVENTO\";  \/\/ Cambia este texto por el que quieras\n            });\n        } else {\n            console.log('No se encontraron elementos con la clase \".event_link\".');\n        }\n    }\n});\n\n<\/script>\t\t\t\t<\/div>\n\t\t\t\t<\/div>\n\t\t\t\t\t<\/div>\n\t\t\t\t<\/div>\n\t\t<div class=\"elementor-element elementor-element-917ee51 e-flex e-con-boxed wpr-particle-no wpr-jarallax-no wpr-parallax-no wpr-sticky-section-no wpr-equal-height-no e-con e-parent\" data-id=\"917ee51\" data-element_type=\"container\" data-e-type=\"container\">\n\t\t\t\t\t<div class=\"e-con-inner\">\n\t\t\t\t<div class=\"elementor-element elementor-element-f98ad94 elementor-widget elementor-widget-shortcode\" data-id=\"f98ad94\" data-element_type=\"widget\" data-e-type=\"widget\" data-widget_type=\"shortcode.default\">\n\t\t\t\t<div class=\"elementor-widget-container\">\n\t\t\t\t\t\t\t<div class=\"elementor-shortcode\">\t\t<div data-elementor-type=\"wp-post\" data-elementor-id=\"9339\" class=\"elementor elementor-9339 elementor-6324\">\n\t\t\t\t<div class=\"elementor-element elementor-element-4825de4 e-flex e-con-boxed wpr-particle-no wpr-jarallax-no wpr-parallax-no wpr-sticky-section-no wpr-equal-height-no e-con e-parent\" data-id=\"4825de4\" data-element_type=\"container\" data-e-type=\"container\">\n\t\t\t\t\t<div class=\"e-con-inner\">\n\t\t\t\t<div class=\"elementor-element elementor-element-e9955e2 elementor-widget elementor-widget-text-editor\" data-id=\"e9955e2\" data-element_type=\"widget\" data-e-type=\"widget\" data-widget_type=\"text-editor.default\">\n\t\t\t\t<div class=\"elementor-widget-container\">\n\t\t\t\t\t\t\t\t\t<p>Ultime Notizie<\/p>\t\t\t\t\t\t\t\t<\/div>\n\t\t\t\t<\/div>\n\t\t\t\t\t<\/div>\n\t\t\t\t<\/div>\n\t\t<div class=\"elementor-element elementor-element-66c00a1 e-flex e-con-boxed wpr-particle-no wpr-jarallax-no wpr-parallax-no wpr-sticky-section-no wpr-equal-height-no e-con e-parent\" data-id=\"66c00a1\" data-element_type=\"container\" data-e-type=\"container\">\n\t\t\t\t\t<div class=\"e-con-inner\">\n\t\t\t\t<div class=\"elementor-element elementor-element-ccabd39 wpr-grid-columns--tablet2 wpr-grid-columns--mobile1 wpr-item-styles-wrapper elementor-widget-tablet__width-inherit elementor-widget-mobile__width-initial wpr-grid-columns-3 elementor-widget elementor-widget-wpr-grid\" data-id=\"ccabd39\" data-element_type=\"widget\" data-e-type=\"widget\" data-widget_type=\"wpr-grid.default\">\n\t\t\t\t<div class=\"elementor-widget-container\">\n\t\t\t\t\t<ul class=\"wpr-grid-filters elementor-clearfix wpr-grid-filters-sep-right\"><li class=\" wpr-pointer-none wpr-pointer-line-fx wpr-pointer-fx-none\"><span  data-filter=\"*\" class=\"wpr-grid-filters-item wpr-active-filter \">All Posts<\/span><em class=\"wpr-grid-filters-sep\"><\/em><\/li><li class=\" wpr-pointer-none wpr-pointer-line-fx wpr-pointer-fx-none\"><span   data-ajax-filter=[\"category\",\"senza-categoria\"]  data-filter=\".category-senza-categoria\">Senza categoria<\/span><em class=\"wpr-grid-filters-sep\"><\/em><\/li><\/ul><section class=\"wpr-grid elementor-clearfix\" data-settings=\"{&quot;layout&quot;:&quot;fitRows&quot;,&quot;stick_last_element_to_bottom&quot;:&quot;&quot;,&quot;columns_desktop&quot;:3,&quot;gutter_hr&quot;:15,&quot;gutter_hr_mobile&quot;:5,&quot;gutter_hr_mobile_extra&quot;:5,&quot;gutter_hr_tablet&quot;:5,&quot;gutter_hr_tablet_extra&quot;:15,&quot;gutter_hr_laptop&quot;:15,&quot;gutter_hr_widescreen&quot;:15,&quot;gutter_vr&quot;:15,&quot;gutter_vr_mobile&quot;:15,&quot;gutter_vr_mobile_extra&quot;:5,&quot;gutter_vr_tablet&quot;:5,&quot;gutter_vr_tablet_extra&quot;:15,&quot;gutter_vr_laptop&quot;:15,&quot;gutter_vr_widescreen&quot;:15,&quot;animation&quot;:&quot;default&quot;,&quot;animation_duration&quot;:0.3,&quot;animation_delay&quot;:0.1,&quot;deeplinking&quot;:&quot;&quot;,&quot;filters_linkable&quot;:&quot;no&quot;,&quot;filters_default_filter&quot;:&quot;&quot;,&quot;filters_count&quot;:&quot;&quot;,&quot;filters_hide_empty&quot;:&quot;no&quot;,&quot;filters_animation&quot;:&quot;default&quot;,&quot;filters_animation_duration&quot;:0.3,&quot;filters_animation_delay&quot;:0.1,&quot;pagination_type&quot;:&quot;load-more&quot;,&quot;pagination_max_pages&quot;:2,&quot;lightbox&quot;:{&quot;selector&quot;:&quot;.wpr-grid-image-wrap&quot;,&quot;iframeMaxWidth&quot;:&quot;60%&quot;,&quot;hash&quot;:false,&quot;autoplay&quot;:&quot;true&quot;,&quot;pause&quot;:5000,&quot;progressBar&quot;:&quot;true&quot;,&quot;counter&quot;:&quot;true&quot;,&quot;controls&quot;:&quot;true&quot;,&quot;getCaptionFromTitleOrAlt&quot;:&quot;true&quot;,&quot;thumbnail&quot;:&quot;&quot;,&quot;showThumbByDefault&quot;:&quot;&quot;,&quot;share&quot;:&quot;&quot;,&quot;zoom&quot;:&quot;true&quot;,&quot;fullScreen&quot;:&quot;true&quot;,&quot;download&quot;:&quot;true&quot;}}\" data-advanced-filters=\"no\"><article class=\"wpr-grid-item elementor-clearfix post-8909 post type-post status-publish format-standard has-post-thumbnail hentry category-senza-categoria\"><div class=\"wpr-grid-item-inner\"><div class=\"wpr-grid-media-wrap wpr-effect-size-medium \" data-overlay-link=\"yes\"><div class=\"wpr-grid-image-wrap\" data-src=\"https:\/\/mobuilding.eu\/wp-content\/uploads\/2025\/02\/ok.jpeg\" data-img-on-hover=\"\"  data-src-secondary=\"\"><img decoding=\"async\" data-no-lazy=\"1\" src=\"https:\/\/mobuilding.eu\/wp-content\/uploads\/2025\/02\/ok.jpeg\" alt=\"MOBUILDING ha partecipato alla SETTIMANA DI APERTURA DELL&#8217;EUROPEAN EXCELLENCE CENTER Science &amp; Tech SPACE Park Skopje\" class=\"wpr-anim-timing-ease-default\"><\/div><div class=\"wpr-grid-media-hover wpr-animation-wrap\"><div class=\"wpr-grid-media-hover-bg  wpr-overlay-fade-in wpr-anim-size-large wpr-anim-timing-ease-default wpr-anim-transparency\" data-url=\"https:\/\/mobuilding.eu\/it\/lorem-ipsum-dolor-sit-amet-consectetur-adipiscing-elit-4\/\"><\/div><\/div><\/div><div class=\"wpr-grid-item-below-content elementor-clearfix\"><h2 class=\"wpr-grid-item-title elementor-repeater-item-4ee6d51 wpr-grid-item-display-block wpr-grid-item-align-left wpr-pointer-none wpr-pointer-line-fx wpr-pointer-fx-fade\"><div class=\"inner-block\"><a target=\"_self\"  href=\"https:\/\/mobuilding.eu\/it\/lorem-ipsum-dolor-sit-amet-consectetur-adipiscing-elit-4\/\">MOBUILDING ha partecipato alla SETTIMANA DI APERTURA DELL&#8217;EUROPEAN EXCELLENCE CENTER&hellip;<\/a><\/div><\/h2><div class=\"wpr-grid-item-date elementor-repeater-item-3d9fed7 wpr-grid-item-display-inline wpr-grid-item-align-left\"><div class=\"inner-block\"><span>18\/02\/2025<span class=\"wpr-grid-extra-text-right\"><\/span><\/span><\/div><\/div><div class=\"wpr-grid-item-excerpt elementor-repeater-item-66056a0 wpr-grid-item-display-block wpr-grid-item-align-left\"><div class=\"inner-block\"><p>Dal 12 al 18 settembre 2025, il progetto MOBUILDING ha partecipato alla Settimana di apertura dell&#8217;EU Excellence Center SPACE Park a Skopje, nella Macedonia del Nord, un evento chiave europeo dedicato all&#8217;innovazione, all&#8217;eccellenza e alla cooperazione nell&#8217;istruzione e formazione professionale...<\/p><\/div><\/div><div class=\"wpr-grid-item-read-more elementor-repeater-item-8eef722 wpr-grid-item-display-block wpr-grid-item-align-left\"><div class=\"inner-block\"><a target=\"_self\" href=\"https:\/\/mobuilding.eu\/it\/lorem-ipsum-dolor-sit-amet-consectetur-adipiscing-elit-4\/\" class=\"wpr-button-effect wpr-button-none\"><span>Per saperne di pi\u00f9<\/span><\/a><\/div><\/div><\/div><\/div><\/article><article class=\"wpr-grid-item elementor-clearfix post-8919 post type-post status-publish format-standard has-post-thumbnail hentry category-senza-categoria\"><div class=\"wpr-grid-item-inner\"><div class=\"wpr-grid-media-wrap wpr-effect-size-medium \" data-overlay-link=\"yes\"><div class=\"wpr-grid-image-wrap\" data-src=\"https:\/\/mobuilding.eu\/wp-content\/uploads\/2025\/01\/ok2.jpeg\" data-img-on-hover=\"\"  data-src-secondary=\"\"><img decoding=\"async\" data-no-lazy=\"1\" src=\"https:\/\/mobuilding.eu\/wp-content\/uploads\/2025\/01\/ok2.jpeg\" alt=\"Il team MOBUILDING partecipa al IV Forum sulla formazione professionale della regione Castilla y Le\u00f3n\" class=\"wpr-anim-timing-ease-default\"><\/div><div class=\"wpr-grid-media-hover wpr-animation-wrap\"><div class=\"wpr-grid-media-hover-bg  wpr-overlay-fade-in wpr-anim-size-large wpr-anim-timing-ease-default wpr-anim-transparency\" data-url=\"https:\/\/mobuilding.eu\/it\/lorem-ipsum-dolor-sit-amet-consectetur-adipiscing-elit-5\/\"><\/div><\/div><\/div><div class=\"wpr-grid-item-below-content elementor-clearfix\"><h2 class=\"wpr-grid-item-title elementor-repeater-item-4ee6d51 wpr-grid-item-display-block wpr-grid-item-align-left wpr-pointer-none wpr-pointer-line-fx wpr-pointer-fx-fade\"><div class=\"inner-block\"><a target=\"_self\"  href=\"https:\/\/mobuilding.eu\/it\/lorem-ipsum-dolor-sit-amet-consectetur-adipiscing-elit-5\/\">Il team MOBUILDING partecipa al IV Forum sulla formazione professionale&hellip;<\/a><\/div><\/h2><div class=\"wpr-grid-item-date elementor-repeater-item-3d9fed7 wpr-grid-item-display-inline wpr-grid-item-align-left\"><div class=\"inner-block\"><span>10\/01\/2025<span class=\"wpr-grid-extra-text-right\"><\/span><\/span><\/div><\/div><div class=\"wpr-grid-item-excerpt elementor-repeater-item-66056a0 wpr-grid-item-display-block wpr-grid-item-align-left\"><div class=\"inner-block\"><p>Il IV Forum sull&#8217;istruzione e la formazione professionale della regione Castilla y Le\u00f3n si \u00e8 tenuto l&#8217;8 e il 9 aprile presso il Centro Congressi di Valladolid (Spagna). Il direttore di INFODEF, Jes\u00fas Boyano Sierra, ha partecipato alla tavola rotonda...<\/p><\/div><\/div><div class=\"wpr-grid-item-read-more elementor-repeater-item-8eef722 wpr-grid-item-display-block wpr-grid-item-align-left\"><div class=\"inner-block\"><a target=\"_self\" href=\"https:\/\/mobuilding.eu\/it\/lorem-ipsum-dolor-sit-amet-consectetur-adipiscing-elit-5\/\" class=\"wpr-button-effect wpr-button-none\"><span>Per saperne di pi\u00f9<\/span><\/a><\/div><\/div><\/div><\/div><\/article><article class=\"wpr-grid-item elementor-clearfix post-8929 post type-post status-publish format-standard has-post-thumbnail hentry category-senza-categoria\"><div class=\"wpr-grid-item-inner\"><div class=\"wpr-grid-media-wrap wpr-effect-size-medium \" data-overlay-link=\"yes\"><div class=\"wpr-grid-image-wrap\" data-src=\"https:\/\/mobuilding.eu\/wp-content\/uploads\/2024\/12\/ok1.jpeg\" data-img-on-hover=\"\"  data-src-secondary=\"\"><img decoding=\"async\" data-no-lazy=\"1\" src=\"https:\/\/mobuilding.eu\/wp-content\/uploads\/2024\/12\/ok1.jpeg\" alt=\"Incontro di avvio del progetto MOBUILDING a Valladolid, Spagna\" class=\"wpr-anim-timing-ease-default\"><\/div><div class=\"wpr-grid-media-hover wpr-animation-wrap\"><div class=\"wpr-grid-media-hover-bg  wpr-overlay-fade-in wpr-anim-size-large wpr-anim-timing-ease-default wpr-anim-transparency\" data-url=\"https:\/\/mobuilding.eu\/it\/lorem-ipsum-dolor-sit-amet-consectetur-adipiscing-elit-6\/\"><\/div><\/div><\/div><div class=\"wpr-grid-item-below-content elementor-clearfix\"><h2 class=\"wpr-grid-item-title elementor-repeater-item-4ee6d51 wpr-grid-item-display-block wpr-grid-item-align-left wpr-pointer-none wpr-pointer-line-fx wpr-pointer-fx-fade\"><div class=\"inner-block\"><a target=\"_self\"  href=\"https:\/\/mobuilding.eu\/it\/lorem-ipsum-dolor-sit-amet-consectetur-adipiscing-elit-6\/\">Incontro di avvio del progetto MOBUILDING a Valladolid, Spagna<\/a><\/div><\/h2><div class=\"wpr-grid-item-date elementor-repeater-item-3d9fed7 wpr-grid-item-display-inline wpr-grid-item-align-left\"><div class=\"inner-block\"><span>05\/12\/2024<span class=\"wpr-grid-extra-text-right\"><\/span><\/span><\/div><\/div><div class=\"wpr-grid-item-excerpt elementor-repeater-item-66056a0 wpr-grid-item-display-block wpr-grid-item-align-left\"><div class=\"inner-block\"><p>Il 9 e 10 aprile, INFODEF ha ospitato l&#8217;incontro di avvio del progetto MOBUILDING a Valladolid, riunendo i partner di sette paesi per la prima riunione di persona del consorzio. L&#8217;evento ha segnato il lancio ufficiale di questa ambiziosa iniziativa,...<\/p><\/div><\/div><div class=\"wpr-grid-item-read-more elementor-repeater-item-8eef722 wpr-grid-item-display-block wpr-grid-item-align-left\"><div class=\"inner-block\"><a target=\"_self\" href=\"https:\/\/mobuilding.eu\/it\/lorem-ipsum-dolor-sit-amet-consectetur-adipiscing-elit-6\/\" class=\"wpr-button-effect wpr-button-none\"><span>Per saperne di pi\u00f9<\/span><\/a><\/div><\/div><\/div><\/div><\/article><\/section>\t\t\t\t<\/div>\n\t\t\t\t<\/div>\n\t\t\t\t\t<\/div>\n\t\t\t\t<\/div>\n\t\t\t\t<\/div>\n\t\t<\/div>\n\t\t\t\t\t\t<\/div>\n\t\t\t\t<\/div>\n\t\t\t\t\t<\/div>\n\t\t\t\t<\/div>\n\t\t\t\t<\/div>\n\t\t","protected":false},"excerpt":{"rendered":"<p>Notizie:Eventi Prossimi eventi Eventi passati<\/p>\n","protected":false},"author":4,"featured_media":0,"parent":0,"menu_order":0,"comment_status":"closed","ping_status":"closed","template":"elementor_canvas","meta":{"_acf_changed":false,"inline_featured_image":false,"footnotes":""},"class_list":["post-8504","page","type-page","status-publish","hentry"],"acf":[],"_links":{"self":[{"href":"https:\/\/mobuilding.eu\/it\/wp-json\/wp\/v2\/pages\/8504","targetHints":{"allow":["GET"]}}],"collection":[{"href":"https:\/\/mobuilding.eu\/it\/wp-json\/wp\/v2\/pages"}],"about":[{"href":"https:\/\/mobuilding.eu\/it\/wp-json\/wp\/v2\/types\/page"}],"author":[{"embeddable":true,"href":"https:\/\/mobuilding.eu\/it\/wp-json\/wp\/v2\/users\/4"}],"replies":[{"embeddable":true,"href":"https:\/\/mobuilding.eu\/it\/wp-json\/wp\/v2\/comments?post=8504"}],"version-history":[{"count":4,"href":"https:\/\/mobuilding.eu\/it\/wp-json\/wp\/v2\/pages\/8504\/revisions"}],"predecessor-version":[{"id":9934,"href":"https:\/\/mobuilding.eu\/it\/wp-json\/wp\/v2\/pages\/8504\/revisions\/9934"}],"wp:attachment":[{"href":"https:\/\/mobuilding.eu\/it\/wp-json\/wp\/v2\/media?parent=8504"}],"curies":[{"name":"wp","href":"https:\/\/api.w.org\/{rel}","templated":true}]}}