{"id":8421,"date":"2025-09-18T16:37:20","date_gmt":"2025-09-18T14:37:20","guid":{"rendered":"https:\/\/mobuilding.eu\/news\/"},"modified":"2025-11-04T11:27:38","modified_gmt":"2025-11-04T10:27:38","slug":"news","status":"publish","type":"page","link":"https:\/\/mobuilding.eu\/tr\/news\/","title":{"rendered":"Haberler"},"content":{"rendered":"\t\t<div data-elementor-type=\"wp-page\" data-elementor-id=\"8421\" class=\"elementor elementor-8421 elementor-7777\">\n\t\t\t\t<div class=\"elementor-element elementor-element-850805b e-flex e-con-boxed wpr-particle-no wpr-jarallax-no wpr-parallax-no wpr-sticky-section-no wpr-equal-height-no e-con e-parent\" data-id=\"850805b\" data-element_type=\"container\" data-e-type=\"container\" data-settings=\"{&quot;background_background&quot;:&quot;classic&quot;}\">\n\t\t\t\t\t<div class=\"e-con-inner\">\n\t\t\t\t<div class=\"elementor-element elementor-element-3597e6c elementor-widget elementor-widget-text-editor\" data-id=\"3597e6c\" data-element_type=\"widget\" data-e-type=\"widget\" data-widget_type=\"text-editor.default\">\n\t\t\t\t<div class=\"elementor-widget-container\">\n\t\t\t\t\t\t\t\t\t<p><strong>Haberler<\/strong><\/p>\t\t\t\t\t\t\t\t<\/div>\n\t\t\t\t<\/div>\n\t\t\t\t\t<\/div>\n\t\t\t\t<\/div>\n\t\t<div class=\"elementor-element elementor-element-9088fe5 e-flex e-con-boxed wpr-particle-no wpr-jarallax-no wpr-parallax-no wpr-sticky-section-no wpr-equal-height-no e-con e-parent\" data-id=\"9088fe5\" data-element_type=\"container\" data-e-type=\"container\">\n\t\t\t\t\t<div class=\"e-con-inner\">\n\t\t<div class=\"elementor-element elementor-element-48feb30 e-con-full e-flex wpr-particle-no wpr-jarallax-no wpr-parallax-no wpr-sticky-section-no wpr-equal-height-no e-con e-child\" data-id=\"48feb30\" data-element_type=\"container\" data-e-type=\"container\">\n\t\t\t\t<div class=\"elementor-element elementor-element-195a460 wpr-grid-columns--tablet2 wpr-grid-columns--mobile1 wpr-item-styles-wrapper elementor-widget-tablet__width-inherit elementor-widget-mobile__width-initial wpr-grid-columns-2 wpr-grid-pagination-center elementor-widget elementor-widget-wpr-grid\" data-id=\"195a460\" data-element_type=\"widget\" data-e-type=\"widget\" data-widget_type=\"wpr-grid.default\">\n\t\t\t\t<div class=\"elementor-widget-container\">\n\t\t\t\t\t<ul class=\"wpr-grid-filters elementor-clearfix wpr-grid-filters-sep-right\"><li class=\" wpr-pointer-none wpr-pointer-line-fx wpr-pointer-fx-none\"><span  data-filter=\"*\" class=\"wpr-grid-filters-item wpr-active-filter \">All Posts<\/span><em class=\"wpr-grid-filters-sep\"><\/em><\/li><li class=\" wpr-pointer-none wpr-pointer-line-fx wpr-pointer-fx-none\"><span   data-ajax-filter=[\"category\",\"uncategorized-tr\"]  data-filter=\".category-uncategorized-tr\">Uncategorized @tr<\/span><em class=\"wpr-grid-filters-sep\"><\/em><\/li><\/ul><section class=\"wpr-grid elementor-clearfix\" data-settings=\"{&quot;layout&quot;:&quot;fitRows&quot;,&quot;stick_last_element_to_bottom&quot;:&quot;&quot;,&quot;columns_desktop&quot;:&quot;2&quot;,&quot;gutter_hr&quot;:15,&quot;gutter_hr_mobile&quot;:5,&quot;gutter_hr_mobile_extra&quot;:5,&quot;gutter_hr_tablet&quot;:5,&quot;gutter_hr_tablet_extra&quot;:15,&quot;gutter_hr_laptop&quot;:15,&quot;gutter_hr_widescreen&quot;:15,&quot;gutter_vr&quot;:15,&quot;gutter_vr_mobile&quot;:15,&quot;gutter_vr_mobile_extra&quot;:5,&quot;gutter_vr_tablet&quot;:5,&quot;gutter_vr_tablet_extra&quot;:15,&quot;gutter_vr_laptop&quot;:15,&quot;gutter_vr_widescreen&quot;:15,&quot;animation&quot;:&quot;default&quot;,&quot;animation_duration&quot;:0.3,&quot;animation_delay&quot;:0.1,&quot;deeplinking&quot;:&quot;&quot;,&quot;filters_linkable&quot;:&quot;no&quot;,&quot;filters_default_filter&quot;:&quot;&quot;,&quot;filters_count&quot;:&quot;&quot;,&quot;filters_hide_empty&quot;:&quot;no&quot;,&quot;filters_animation&quot;:&quot;default&quot;,&quot;filters_animation_duration&quot;:0.3,&quot;filters_animation_delay&quot;:0.1,&quot;pagination_type&quot;:&quot;load-more&quot;,&quot;pagination_max_pages&quot;:1,&quot;lightbox&quot;:{&quot;selector&quot;:&quot;.wpr-grid-image-wrap&quot;,&quot;iframeMaxWidth&quot;:&quot;60%&quot;,&quot;hash&quot;:false,&quot;autoplay&quot;:&quot;true&quot;,&quot;pause&quot;:5000,&quot;progressBar&quot;:&quot;true&quot;,&quot;counter&quot;:&quot;true&quot;,&quot;controls&quot;:&quot;true&quot;,&quot;getCaptionFromTitleOrAlt&quot;:&quot;true&quot;,&quot;thumbnail&quot;:&quot;&quot;,&quot;showThumbByDefault&quot;:&quot;&quot;,&quot;share&quot;:&quot;&quot;,&quot;zoom&quot;:&quot;true&quot;,&quot;fullScreen&quot;:&quot;true&quot;,&quot;download&quot;:&quot;true&quot;}}\" data-advanced-filters=\"no\"><article class=\"wpr-grid-item elementor-clearfix post-8915 post type-post status-publish format-standard has-post-thumbnail hentry category-uncategorized-tr\"><div class=\"wpr-grid-item-inner\"><div class=\"wpr-grid-media-wrap wpr-effect-size-medium \" data-overlay-link=\"yes\"><div class=\"wpr-grid-image-wrap\" data-src=\"https:\/\/mobuilding.eu\/wp-content\/uploads\/2025\/02\/ok.jpeg\" data-img-on-hover=\"\"  data-src-secondary=\"\"><img decoding=\"async\" data-no-lazy=\"1\" src=\"https:\/\/mobuilding.eu\/wp-content\/uploads\/2025\/02\/ok.jpeg\" alt=\"MOBUILDING, \u00dcSK\u00dcP\u2019TE D\u00dcZENLENEN AVRUPA M\u00dcKEMMEL\u0130YET MERKEZ\u0130 A\u00c7ILI\u015e HAFTASI \u2013 Science &amp; Tech SPACE Park Etkinli\u011fine Kat\u0131ld\u0131\" class=\"wpr-anim-timing-ease-default\"><\/div><div class=\"wpr-grid-media-hover wpr-animation-wrap\"><div class=\"wpr-grid-media-hover-bg  wpr-overlay-fade-in wpr-anim-size-large wpr-anim-timing-ease-default wpr-anim-transparency\" data-url=\"https:\/\/mobuilding.eu\/tr\/lorem-ipsum-dolor-sit-amet-consectetur-adipiscing-elit-4\/\"><\/div><\/div><\/div><div class=\"wpr-grid-item-below-content elementor-clearfix\"><h2 class=\"wpr-grid-item-title elementor-repeater-item-4ee6d51 wpr-grid-item-display-block wpr-grid-item-align-left wpr-pointer-none wpr-pointer-line-fx wpr-pointer-fx-fade\"><div class=\"inner-block\"><a target=\"_self\"  href=\"https:\/\/mobuilding.eu\/tr\/lorem-ipsum-dolor-sit-amet-consectetur-adipiscing-elit-4\/\">MOBUILDING, \u00dcSK\u00dcP\u2019TE D\u00dcZENLENEN AVRUPA M\u00dcKEMMEL\u0130YET MERKEZ\u0130 A\u00c7ILI\u015e HAFTASI \u2013 Science&hellip;<\/a><\/div><\/h2><div class=\"wpr-grid-item-date elementor-repeater-item-3d9fed7 wpr-grid-item-display-inline wpr-grid-item-align-left\"><div class=\"inner-block\"><span>18\/02\/2025<span class=\"wpr-grid-extra-text-right\"><\/span><\/span><\/div><\/div><div class=\"wpr-grid-item-excerpt elementor-repeater-item-66056a0 wpr-grid-item-display-block wpr-grid-item-align-left\"><div class=\"inner-block\"><p>12\u201318 Eyl\u00fcl 2025 tarihleri aras\u0131nda MOBUILDING projesi, Kuzey Makedonya\u2019n\u0131n \u00dcsk\u00fcp kentinde ger\u00e7ekle\u015ftirilen AB M\u00fckemmeliyet Merkezi SPACE Park A\u00e7\u0131l\u0131\u015f Haftas\u0131 etkinli\u011fine kat\u0131ld\u0131. Bu etkinlik, mesleki e\u011fitim ve \u00f6\u011fretimde (VET) yenilik, m\u00fckemmeliyet ve i\u015f birli\u011fine adanm\u0131\u015f \u00f6nemli bir Avrupa bulu\u015fmas\u0131 niteli\u011findeydi. SPACE...<\/p><\/div><\/div><div class=\"wpr-grid-item-read-more elementor-repeater-item-8eef722 wpr-grid-item-display-block wpr-grid-item-align-left\"><div class=\"inner-block\"><a target=\"_self\" href=\"https:\/\/mobuilding.eu\/tr\/lorem-ipsum-dolor-sit-amet-consectetur-adipiscing-elit-4\/\" class=\"wpr-button-effect wpr-button-none\"><span>Devam\u0131n\u0131 Oku<\/span><\/a><\/div><\/div><\/div><\/div><\/article><article class=\"wpr-grid-item elementor-clearfix post-8925 post type-post status-publish format-standard has-post-thumbnail hentry category-uncategorized-tr\"><div class=\"wpr-grid-item-inner\"><div class=\"wpr-grid-media-wrap wpr-effect-size-medium \" data-overlay-link=\"yes\"><div class=\"wpr-grid-image-wrap\" data-src=\"https:\/\/mobuilding.eu\/wp-content\/uploads\/2025\/01\/ok2.jpeg\" data-img-on-hover=\"\"  data-src-secondary=\"\"><img decoding=\"async\" data-no-lazy=\"1\" src=\"https:\/\/mobuilding.eu\/wp-content\/uploads\/2025\/01\/ok2.jpeg\" alt=\"MOBUILDING Ekibi, Castilla y Le\u00f3n 4. Mesleki E\u011fitim Forumu\u2019na Kat\u0131ld\u0131\" class=\"wpr-anim-timing-ease-default\"><\/div><div class=\"wpr-grid-media-hover wpr-animation-wrap\"><div class=\"wpr-grid-media-hover-bg  wpr-overlay-fade-in wpr-anim-size-large wpr-anim-timing-ease-default wpr-anim-transparency\" data-url=\"https:\/\/mobuilding.eu\/tr\/lorem-ipsum-dolor-sit-amet-consectetur-adipiscing-elit-5\/\"><\/div><\/div><\/div><div class=\"wpr-grid-item-below-content elementor-clearfix\"><h2 class=\"wpr-grid-item-title elementor-repeater-item-4ee6d51 wpr-grid-item-display-block wpr-grid-item-align-left wpr-pointer-none wpr-pointer-line-fx wpr-pointer-fx-fade\"><div class=\"inner-block\"><a target=\"_self\"  href=\"https:\/\/mobuilding.eu\/tr\/lorem-ipsum-dolor-sit-amet-consectetur-adipiscing-elit-5\/\">MOBUILDING Ekibi, Castilla y Le\u00f3n 4. Mesleki E\u011fitim Forumu\u2019na Kat\u0131ld\u0131<\/a><\/div><\/h2><div class=\"wpr-grid-item-date elementor-repeater-item-3d9fed7 wpr-grid-item-display-inline wpr-grid-item-align-left\"><div class=\"inner-block\"><span>10\/01\/2025<span class=\"wpr-grid-extra-text-right\"><\/span><\/span><\/div><\/div><div class=\"wpr-grid-item-excerpt elementor-repeater-item-66056a0 wpr-grid-item-display-block wpr-grid-item-align-left\"><div class=\"inner-block\"><p>Castilla y Le\u00f3n 4. Mesleki E\u011fitim Forumu, 8\u20139 Nisan tarihlerinde \u0130spanya\u2019n\u0131n Valladolid Kongre Merkezinde ger\u00e7ekle\u015ftirildi. INFODEF Direkt\u00f6r\u00fc Jes\u00fas Boyano Sierra, Hareketlilik ve Uluslararas\u0131la\u015fma konulu yuvarlak masa oturumuna kat\u0131larak, INFODEF ve MOBUILDING ekibinin Mesleki M\u00fckemmeliyet Merkezleri (CoVEs) \u00fczerine y\u00fcr\u00fctt\u00fc\u011f\u00fc \u00e7al\u0131\u015fmalardan ve...<\/p><\/div><\/div><div class=\"wpr-grid-item-read-more elementor-repeater-item-8eef722 wpr-grid-item-display-block wpr-grid-item-align-left\"><div class=\"inner-block\"><a target=\"_self\" href=\"https:\/\/mobuilding.eu\/tr\/lorem-ipsum-dolor-sit-amet-consectetur-adipiscing-elit-5\/\" class=\"wpr-button-effect wpr-button-none\"><span>Devam\u0131n\u0131 Oku<\/span><\/a><\/div><\/div><\/div><\/div><\/article><article class=\"wpr-grid-item elementor-clearfix post-8935 post type-post status-publish format-standard has-post-thumbnail hentry category-uncategorized-tr\"><div class=\"wpr-grid-item-inner\"><div class=\"wpr-grid-media-wrap wpr-effect-size-medium \" data-overlay-link=\"yes\"><div class=\"wpr-grid-image-wrap\" data-src=\"https:\/\/mobuilding.eu\/wp-content\/uploads\/2024\/12\/ok1.jpeg\" data-img-on-hover=\"\"  data-src-secondary=\"\"><img decoding=\"async\" data-no-lazy=\"1\" src=\"https:\/\/mobuilding.eu\/wp-content\/uploads\/2024\/12\/ok1.jpeg\" alt=\"MOBUILDING Projesinin A\u00e7\u0131l\u0131\u015f Toplant\u0131s\u0131 \u0130spanya\u2019n\u0131n Valladolid Kentinde Ger\u00e7ekle\u015ftirildi\" class=\"wpr-anim-timing-ease-default\"><\/div><div class=\"wpr-grid-media-hover wpr-animation-wrap\"><div class=\"wpr-grid-media-hover-bg  wpr-overlay-fade-in wpr-anim-size-large wpr-anim-timing-ease-default wpr-anim-transparency\" data-url=\"https:\/\/mobuilding.eu\/tr\/lorem-ipsum-dolor-sit-amet-consectetur-adipiscing-elit-6\/\"><\/div><\/div><\/div><div class=\"wpr-grid-item-below-content elementor-clearfix\"><h2 class=\"wpr-grid-item-title elementor-repeater-item-4ee6d51 wpr-grid-item-display-block wpr-grid-item-align-left wpr-pointer-none wpr-pointer-line-fx wpr-pointer-fx-fade\"><div class=\"inner-block\"><a target=\"_self\"  href=\"https:\/\/mobuilding.eu\/tr\/lorem-ipsum-dolor-sit-amet-consectetur-adipiscing-elit-6\/\">MOBUILDING Projesinin A\u00e7\u0131l\u0131\u015f Toplant\u0131s\u0131 \u0130spanya\u2019n\u0131n Valladolid Kentinde Ger\u00e7ekle\u015ftirildi<\/a><\/div><\/h2><div class=\"wpr-grid-item-date elementor-repeater-item-3d9fed7 wpr-grid-item-display-inline wpr-grid-item-align-left\"><div class=\"inner-block\"><span>05\/12\/2024<span class=\"wpr-grid-extra-text-right\"><\/span><\/span><\/div><\/div><div class=\"wpr-grid-item-excerpt elementor-repeater-item-66056a0 wpr-grid-item-display-block wpr-grid-item-align-left\"><div class=\"inner-block\"><p>9\u201310 Nisan tarihlerinde INFODEF, MOBUILDING projesinin a\u00e7\u0131l\u0131\u015f toplant\u0131s\u0131na ev sahipli\u011fi yapt\u0131. Valladolid\u2019de ger\u00e7ekle\u015ftirilen bu toplant\u0131, konsorsiyumun yedi farkl\u0131 \u00fclkeden gelen ortaklar\u0131n\u0131 ilk kez y\u00fcz y\u00fcze bir araya getirdi. Etkinlik, Avrupa yap\u0131 sekt\u00f6r\u00fcndeki \u00e7\u0131rakl\u0131k hareketlili\u011fini yenilik\u00e7i ara\u00e7lar, stratejik ortakl\u0131klar ve politika...<\/p><\/div><\/div><div class=\"wpr-grid-item-read-more elementor-repeater-item-8eef722 wpr-grid-item-display-block wpr-grid-item-align-left\"><div class=\"inner-block\"><a target=\"_self\" href=\"https:\/\/mobuilding.eu\/tr\/lorem-ipsum-dolor-sit-amet-consectetur-adipiscing-elit-6\/\" class=\"wpr-button-effect wpr-button-none\"><span>Devam\u0131n\u0131 Oku<\/span><\/a><\/div><\/div><\/div><\/div><\/article><article class=\"wpr-grid-item elementor-clearfix post-8945 post type-post status-publish format-standard has-post-thumbnail hentry category-uncategorized-tr\"><div class=\"wpr-grid-item-inner\"><div class=\"wpr-grid-media-wrap wpr-effect-size-medium \" data-overlay-link=\"yes\"><div class=\"wpr-grid-image-wrap\" data-src=\"https:\/\/mobuilding.eu\/wp-content\/uploads\/2024\/11\/2_EN.png\" data-img-on-hover=\"\"  data-src-secondary=\"\"><img decoding=\"async\" data-no-lazy=\"1\" src=\"https:\/\/mobuilding.eu\/wp-content\/uploads\/2024\/11\/2_EN.png\" alt=\"MOBUILDING \u2013 Yap\u0131 Sekt\u00f6r\u00fcnde \u00c7\u0131rakl\u0131k Hareketlili\u011fini Desteklemeye Y\u00f6nelik Stratejik Bir Yakla\u015f\u0131m\" class=\"wpr-anim-timing-ease-default\"><\/div><div class=\"wpr-grid-media-hover wpr-animation-wrap\"><div class=\"wpr-grid-media-hover-bg  wpr-overlay-fade-in wpr-anim-size-large wpr-anim-timing-ease-default wpr-anim-transparency\" data-url=\"https:\/\/mobuilding.eu\/tr\/lorem-ipsum-dolor-sit-amet-consectetur-adipiscing-elit-7\/\"><\/div><\/div><\/div><div class=\"wpr-grid-item-below-content elementor-clearfix\"><h2 class=\"wpr-grid-item-title elementor-repeater-item-4ee6d51 wpr-grid-item-display-block wpr-grid-item-align-left wpr-pointer-none wpr-pointer-line-fx wpr-pointer-fx-fade\"><div class=\"inner-block\"><a target=\"_self\"  href=\"https:\/\/mobuilding.eu\/tr\/lorem-ipsum-dolor-sit-amet-consectetur-adipiscing-elit-7\/\">MOBUILDING \u2013 Yap\u0131 Sekt\u00f6r\u00fcnde \u00c7\u0131rakl\u0131k Hareketlili\u011fini Desteklemeye Y\u00f6nelik Stratejik Bir&hellip;<\/a><\/div><\/h2><div class=\"wpr-grid-item-date elementor-repeater-item-3d9fed7 wpr-grid-item-display-inline wpr-grid-item-align-left\"><div class=\"inner-block\"><span>09\/11\/2024<span class=\"wpr-grid-extra-text-right\"><\/span><\/span><\/div><\/div><div class=\"wpr-grid-item-excerpt elementor-repeater-item-66056a0 wpr-grid-item-display-block wpr-grid-item-align-left\"><div class=\"inner-block\"><p>MOBUILDING, Avrupa genelinde yap\u0131 sekt\u00f6r\u00fcnde \u00e7\u0131rakl\u0131k hareketlili\u011fini desteklemek, geni\u015fletmek ve kurumsalla\u015ft\u0131rmak amac\u0131yla stratejik ve s\u00fcrd\u00fcr\u00fclebilir bir yakla\u015f\u0131m geli\u015ftirmeyi hedefleyen bir Erasmus+ Politika Deneyimi giri\u015fimidir. Avrupa ekonomisi i\u00e7in kritik bir \u00f6neme sahip olan yap\u0131 sekt\u00f6r\u00fc, harekete ge\u00e7ilmesi gereken bir aland\u0131r. Bu...<\/p><\/div><\/div><div class=\"wpr-grid-item-read-more elementor-repeater-item-8eef722 wpr-grid-item-display-block wpr-grid-item-align-left\"><div class=\"inner-block\"><a target=\"_self\" href=\"https:\/\/mobuilding.eu\/tr\/lorem-ipsum-dolor-sit-amet-consectetur-adipiscing-elit-7\/\" class=\"wpr-button-effect wpr-button-none\"><span>Devam\u0131n\u0131 Oku<\/span><\/a><\/div><\/div><\/div><\/div><\/article><\/section>\t\t\t\t<\/div>\n\t\t\t\t<\/div>\n\t\t\t\t<\/div>\n\t\t<div class=\"elementor-element elementor-element-b7e71db e-con-full e-flex wpr-particle-no wpr-jarallax-no wpr-parallax-no wpr-sticky-section-no wpr-equal-height-no e-con e-child\" data-id=\"b7e71db\" data-element_type=\"container\" data-e-type=\"container\">\n\t\t\t\t<div class=\"elementor-element elementor-element-1c89682 elementor-widget elementor-widget-heading\" data-id=\"1c89682\" data-element_type=\"widget\" data-e-type=\"widget\" data-widget_type=\"heading.default\">\n\t\t\t\t<div class=\"elementor-widget-container\">\n\t\t\t\t\t<h2 class=\"elementor-heading-title elementor-size-default\">Sosyal Medya<\/h2>\t\t\t\t<\/div>\n\t\t\t\t<\/div>\n\t\t\t\t<div class=\"elementor-element elementor-element-b0dde4f elementor-widget elementor-widget-heading\" data-id=\"b0dde4f\" data-element_type=\"widget\" data-e-type=\"widget\" data-widget_type=\"heading.default\">\n\t\t\t\t<div class=\"elementor-widget-container\">\n\t\t\t\t\t<h2 class=\"elementor-heading-title elementor-size-default\">Bizi Takip Edin\n\n<\/h2>\t\t\t\t<\/div>\n\t\t\t\t<\/div>\n\t\t\t\t<div class=\"elementor-element elementor-element-bb8cc6a e-grid-align-right elementor-shape-rounded elementor-grid-0 elementor-widget elementor-widget-social-icons\" data-id=\"bb8cc6a\" data-element_type=\"widget\" data-e-type=\"widget\" data-widget_type=\"social-icons.default\">\n\t\t\t\t<div class=\"elementor-widget-container\">\n\t\t\t\t\t\t\t<div class=\"elementor-social-icons-wrapper elementor-grid\" role=\"list\">\n\t\t\t\t\t\t\t<span class=\"elementor-grid-item\" role=\"listitem\">\n\t\t\t\t\t<a class=\"elementor-icon elementor-social-icon elementor-social-icon- elementor-animation-pop elementor-repeater-item-079a91a\" href=\"https:\/\/www.facebook.com\/profile.php?id=61580083154156\" target=\"_blank\">\n\t\t\t\t\t\t<span class=\"elementor-screen-only\"><\/span>\n\t\t\t\t\t\t<svg xmlns=\"http:\/\/www.w3.org\/2000\/svg\" id=\"Layer_1\" height=\"512\" viewBox=\"0 0 100 100\" width=\"512\"><g id=\"_x30_1._Facebook\"><path id=\"Icon_11_\" d=\"m40.4 55.2c-.3 0-6.9 0-9.9 0-1.6 0-2.1-.6-2.1-2.1 0-4 0-8.1 0-12.1 0-1.6.6-2.1 2.1-2.1h9.9c0-.3 0-6.1 0-8.8 0-4 .7-7.8 2.7-11.3 2.1-3.6 5.1-6 8.9-7.4 2.5-.9 5-1.3 7.7-1.3h9.8c1.4 0 2 .6 2 2v11.4c0 1.4-.6 2-2 2-2.7 0-5.4 0-8.1.1-2.7 0-4.1 1.3-4.1 4.1-.1 3 0 5.9 0 9h11.6c1.6 0 2.2.6 2.2 2.2v12.1c0 1.6-.5 2.1-2.2 2.1-3.6 0-11.3 0-11.6 0v32.6c0 1.7-.5 2.3-2.3 2.3-4.2 0-8.3 0-12.5 0-1.5 0-2.1-.6-2.1-2.1 0-10.5 0-32.4 0-32.7z\"><\/path><\/g><\/svg>\t\t\t\t\t<\/a>\n\t\t\t\t<\/span>\n\t\t\t\t\t\t\t<span class=\"elementor-grid-item\" role=\"listitem\">\n\t\t\t\t\t<a class=\"elementor-icon elementor-social-icon elementor-social-icon-linkedin elementor-animation-pop elementor-repeater-item-40d15dc\" href=\"https:\/\/www.linkedin.com\/company\/mobuilding\/?viewAsMember=true\" target=\"_blank\">\n\t\t\t\t\t\t<span class=\"elementor-screen-only\">Linkedin<\/span>\n\t\t\t\t\t\t<svg aria-hidden=\"true\" class=\"e-font-icon-svg e-fab-linkedin\" viewBox=\"0 0 448 512\" xmlns=\"http:\/\/www.w3.org\/2000\/svg\"><path d=\"M416 32H31.9C14.3 32 0 46.5 0 64.3v383.4C0 465.5 14.3 480 31.9 480H416c17.6 0 32-14.5 32-32.3V64.3c0-17.8-14.4-32.3-32-32.3zM135.4 416H69V202.2h66.5V416zm-33.2-243c-21.3 0-38.5-17.3-38.5-38.5S80.9 96 102.2 96c21.2 0 38.5 17.3 38.5 38.5 0 21.3-17.2 38.5-38.5 38.5zm282.1 243h-66.4V312c0-24.8-.5-56.7-34.5-56.7-34.6 0-39.9 27-39.9 54.9V416h-66.4V202.2h63.7v29.2h.9c8.9-16.8 30.6-34.5 62.9-34.5 67.2 0 79.7 44.3 79.7 101.9V416z\"><\/path><\/svg>\t\t\t\t\t<\/a>\n\t\t\t\t<\/span>\n\t\t\t\t\t<\/div>\n\t\t\t\t\t\t<\/div>\n\t\t\t\t<\/div>\n\t\t\t\t<div class=\"elementor-element elementor-element-7fdb2e6 elementor-widget elementor-widget-html\" data-id=\"7fdb2e6\" data-element_type=\"widget\" data-e-type=\"widget\" data-widget_type=\"html.default\">\n\t\t\t\t<div class=\"elementor-widget-container\">\n\t\t\t\t\t<!-- URL DE CREACI\u00d3N: https:\/\/elfsight.com\/linkedin-feed-widget\/elementor\/ -->\n<script src=\"https:\/\/elfsightcdn.com\/platform.js\" async><\/script>\n<div class=\"elfsight-app-79258c36-b512-4392-a81f-1218d9d25f82\" data-elfsight-app-lazy><\/div>\t\t\t\t<\/div>\n\t\t\t\t<\/div>\n\t\t\t\t<\/div>\n\t\t\t\t\t<\/div>\n\t\t\t\t<\/div>\n\t\t\t\t<\/div>\n\t\t","protected":false},"excerpt":{"rendered":"<p>Haberler All Posts Uncategorized @tr MOBUILDING, \u00dcSK\u00dcP\u2019TE D\u00dcZENLENEN AVRUPA M\u00dcKEMMEL\u0130YET MERKEZ\u0130 A\u00c7ILI\u015e HAFTASI \u2013 Science&hellip; 18\/02\/2025 12\u201318 Eyl\u00fcl 2025 tarihleri aras\u0131nda MOBUILDING projesi, Kuzey Makedonya\u2019n\u0131n \u00dcsk\u00fcp kentinde ger\u00e7ekle\u015ftirilen AB M\u00fckemmeliyet Merkezi SPACE Park A\u00e7\u0131l\u0131\u015f Haftas\u0131 etkinli\u011fine kat\u0131ld\u0131. Bu etkinlik, mesleki e\u011fitim ve \u00f6\u011fretimde (VET) yenilik, m\u00fckemmeliyet ve i\u015f birli\u011fine adanm\u0131\u015f \u00f6nemli bir Avrupa bulu\u015fmas\u0131 niteli\u011findeydi. SPACE&#8230; Devam\u0131n\u0131 Oku MOBUILDING Ekibi, Castilla y Le\u00f3n 4. Mesleki E\u011fitim Forumu\u2019na Kat\u0131ld\u0131 10\/01\/2025 Castilla y Le\u00f3n 4. Mesleki E\u011fitim Forumu, 8\u20139 Nisan tarihlerinde \u0130spanya\u2019n\u0131n Valladolid Kongre Merkezinde ger\u00e7ekle\u015ftirildi. INFODEF Direkt\u00f6r\u00fc Jes\u00fas Boyano Sierra, Hareketlilik ve Uluslararas\u0131la\u015fma konulu yuvarlak masa oturumuna kat\u0131larak, INFODEF ve MOBUILDING ekibinin Mesleki M\u00fckemmeliyet Merkezleri (CoVEs) \u00fczerine y\u00fcr\u00fctt\u00fc\u011f\u00fc \u00e7al\u0131\u015fmalardan ve&#8230; Devam\u0131n\u0131 Oku MOBUILDING Projesinin A\u00e7\u0131l\u0131\u015f Toplant\u0131s\u0131 \u0130spanya\u2019n\u0131n Valladolid Kentinde Ger\u00e7ekle\u015ftirildi 05\/12\/2024 9\u201310 Nisan tarihlerinde INFODEF, MOBUILDING projesinin a\u00e7\u0131l\u0131\u015f toplant\u0131s\u0131na ev sahipli\u011fi yapt\u0131. Valladolid\u2019de ger\u00e7ekle\u015ftirilen bu toplant\u0131, konsorsiyumun yedi farkl\u0131 \u00fclkeden gelen ortaklar\u0131n\u0131 ilk kez y\u00fcz y\u00fcze bir araya getirdi. Etkinlik, Avrupa yap\u0131 sekt\u00f6r\u00fcndeki \u00e7\u0131rakl\u0131k hareketlili\u011fini yenilik\u00e7i ara\u00e7lar, stratejik ortakl\u0131klar ve politika&#8230; Devam\u0131n\u0131 Oku MOBUILDING \u2013 Yap\u0131 Sekt\u00f6r\u00fcnde \u00c7\u0131rakl\u0131k Hareketlili\u011fini Desteklemeye Y\u00f6nelik Stratejik Bir&hellip; 09\/11\/2024 MOBUILDING, Avrupa genelinde yap\u0131 sekt\u00f6r\u00fcnde \u00e7\u0131rakl\u0131k hareketlili\u011fini desteklemek, geni\u015fletmek ve kurumsalla\u015ft\u0131rmak amac\u0131yla stratejik ve s\u00fcrd\u00fcr\u00fclebilir bir yakla\u015f\u0131m geli\u015ftirmeyi hedefleyen bir Erasmus+ Politika Deneyimi giri\u015fimidir. Avrupa ekonomisi i\u00e7in kritik bir \u00f6neme sahip olan yap\u0131 sekt\u00f6r\u00fc, harekete ge\u00e7ilmesi gereken bir aland\u0131r. Bu&#8230; Devam\u0131n\u0131 Oku Sosyal Medya Bizi Takip Edin Linkedin<\/p>\n","protected":false},"author":4,"featured_media":0,"parent":0,"menu_order":0,"comment_status":"closed","ping_status":"closed","template":"elementor_header_footer","meta":{"_acf_changed":false,"inline_featured_image":false,"footnotes":""},"class_list":["post-8421","page","type-page","status-publish","hentry"],"acf":[],"_links":{"self":[{"href":"https:\/\/mobuilding.eu\/tr\/wp-json\/wp\/v2\/pages\/8421","targetHints":{"allow":["GET"]}}],"collection":[{"href":"https:\/\/mobuilding.eu\/tr\/wp-json\/wp\/v2\/pages"}],"about":[{"href":"https:\/\/mobuilding.eu\/tr\/wp-json\/wp\/v2\/types\/page"}],"author":[{"embeddable":true,"href":"https:\/\/mobuilding.eu\/tr\/wp-json\/wp\/v2\/users\/4"}],"replies":[{"embeddable":true,"href":"https:\/\/mobuilding.eu\/tr\/wp-json\/wp\/v2\/comments?post=8421"}],"version-history":[{"count":10,"href":"https:\/\/mobuilding.eu\/tr\/wp-json\/wp\/v2\/pages\/8421\/revisions"}],"predecessor-version":[{"id":9452,"href":"https:\/\/mobuilding.eu\/tr\/wp-json\/wp\/v2\/pages\/8421\/revisions\/9452"}],"wp:attachment":[{"href":"https:\/\/mobuilding.eu\/tr\/wp-json\/wp\/v2\/media?parent=8421"}],"curies":[{"name":"wp","href":"https:\/\/api.w.org\/{rel}","templated":true}]}}