{"id":8431,"date":"2025-09-18T16:33:00","date_gmt":"2025-09-18T14:33:00","guid":{"rendered":"https:\/\/mobuilding.eu\/success-stories\/"},"modified":"2025-11-04T13:19:33","modified_gmt":"2025-11-04T12:19:33","slug":"success-stories","status":"publish","type":"page","link":"https:\/\/mobuilding.eu\/tr\/success-stories\/","title":{"rendered":"Ba\u015fari Hikayeleri"},"content":{"rendered":"\t\t<div data-elementor-type=\"wp-page\" data-elementor-id=\"8431\" class=\"elementor elementor-8431 elementor-7771\">\n\t\t\t\t<div class=\"elementor-element elementor-element-850805b e-flex e-con-boxed wpr-particle-no wpr-jarallax-no wpr-parallax-no wpr-sticky-section-no wpr-equal-height-no e-con e-parent\" data-id=\"850805b\" data-element_type=\"container\" data-e-type=\"container\" data-settings=\"{&quot;background_background&quot;:&quot;classic&quot;}\">\n\t\t\t\t\t<div class=\"e-con-inner\">\n\t\t\t\t<div class=\"elementor-element elementor-element-3597e6c elementor-widget elementor-widget-text-editor\" data-id=\"3597e6c\" data-element_type=\"widget\" data-e-type=\"widget\" data-widget_type=\"text-editor.default\">\n\t\t\t\t<div class=\"elementor-widget-container\">\n\t\t\t\t\t\t\t\t\t<p><strong>Ba\u015fari Hikayeleri<\/strong><\/p>\t\t\t\t\t\t\t\t<\/div>\n\t\t\t\t<\/div>\n\t\t\t\t\t<\/div>\n\t\t\t\t<\/div>\n\t\t<div class=\"elementor-element elementor-element-94078eb e-flex e-con-boxed wpr-particle-no wpr-jarallax-no wpr-parallax-no wpr-sticky-section-no wpr-equal-height-no e-con e-parent\" data-id=\"94078eb\" data-element_type=\"container\" data-e-type=\"container\">\n\t\t\t\t\t<div class=\"e-con-inner\">\n\t\t<div class=\"elementor-element elementor-element-3c823bd e-con-full e-flex wpr-particle-no wpr-jarallax-no wpr-parallax-no wpr-sticky-section-no wpr-equal-height-no e-con e-child\" data-id=\"3c823bd\" data-element_type=\"container\" data-e-type=\"container\">\n\t\t\t\t<div class=\"elementor-element elementor-element-d3e2920 elementor-widget-tablet__width-inherit elementor-widget elementor-widget-text-editor\" data-id=\"d3e2920\" data-element_type=\"widget\" data-e-type=\"widget\" data-widget_type=\"text-editor.default\">\n\t\t\t\t<div class=\"elementor-widget-container\">\n\t\t\t\t\t\t\t\t\t<div>\n<div>\n<div>\n<div>\n<div>\n<div>\n<div>\n<div>\n<div>\n<div>\n<p>Bu b\u00f6l\u00fcm, MOBUILDING Yap\u0131 Alan\u0131nda \u00c7\u0131rakl\u0131k Hareketlili\u011fi Program\u0131 ile ba\u011flant\u0131l\u0131 ba\u015far\u0131 hik\u00e2yelerinden se\u00e7ilmi\u015f bir koleksiyonu sunmaktad\u0131r. Bu hik\u00e2yeler, Avrupa\u2019n\u0131n yap\u0131 sekt\u00f6r\u00fcnde \u00e7\u0131rakl\u0131k ve hareketlilik programlar\u0131na d\u00e2hil olan farkl\u0131 profillerin ger\u00e7ek ya\u015fam deneyimlerini \u00f6ne \u00e7\u0131karmaktad\u0131r.<\/p>\n<p>Projenin Ulusal Tan\u0131t\u0131m Kampanyalar\u0131 kapsam\u0131nda, her bir ortak \u00fclkeden toplanan ba\u015far\u0131 hik\u00e2yeleri \u015fu konular\u0131 g\u00f6zler \u00f6n\u00fcne sermektedir:<\/p>\n<ul>\n<li>Hareketlilik programlar\u0131 s\u00fcrecinde mesleki e\u011fitim sa\u011flay\u0131c\u0131lar\u0131 ve i\u015fletmelerin bak\u0131\u015f a\u00e7\u0131lar\u0131<\/li>\n<li>\u00c7\u0131raklar\u0131n ve stajyerlerin hareketlilik deneyimleri<\/li>\n<\/ul>\n<p>\u00a0<\/p>\n<p>MOBUILDING ba\u015far\u0131 hik\u00e2yeleri, \u00e7\u0131rakl\u0131k hareketlili\u011finin beceri geli\u015fimi, kurumsal b\u00fcy\u00fcme ve s\u0131n\u0131r \u00f6tesi i\u015f birli\u011fi \u00fczerindeki olumlu etkilerini ortaya koymaktad\u0131r.<\/p>\n<\/div>\n<\/div>\n<\/div>\n<\/div>\n<\/div>\n<\/div>\n<\/div>\n<\/div>\n<\/div>\n<\/div>\t\t\t\t\t\t\t\t<\/div>\n\t\t\t\t<\/div>\n\t\t\t\t<\/div>\n\t\t<div class=\"elementor-element elementor-element-49bd0b3 e-con-full elementor-hidden-tablet elementor-hidden-mobile e-flex wpr-particle-no wpr-jarallax-no wpr-parallax-no wpr-sticky-section-no wpr-equal-height-no e-con e-child\" data-id=\"49bd0b3\" data-element_type=\"container\" data-e-type=\"container\">\n\t\t\t\t<\/div>\n\t\t\t\t\t<\/div>\n\t\t\t\t<\/div>\n\t\t<div class=\"elementor-element elementor-element-80d6bd0 e-flex e-con-boxed wpr-particle-no wpr-jarallax-no wpr-parallax-no wpr-sticky-section-no wpr-equal-height-no e-con e-parent\" data-id=\"80d6bd0\" data-element_type=\"container\" data-e-type=\"container\">\n\t\t\t\t\t<div class=\"e-con-inner\">\n\t\t\t\t<div class=\"elementor-element elementor-element-0b66525 elementor-widget elementor-widget-heading\" data-id=\"0b66525\" data-element_type=\"widget\" data-e-type=\"widget\" data-widget_type=\"heading.default\">\n\t\t\t\t<div class=\"elementor-widget-container\">\n\t\t\t\t\t<h2 class=\"elementor-heading-title elementor-size-default\">Mart 2026\u2019dan itibaren eri\u015filebilir olacakt\u0131r<\/h2>\t\t\t\t<\/div>\n\t\t\t\t<\/div>\n\t\t\t\t\t<\/div>\n\t\t\t\t<\/div>\n\t\t<!-- dce invisible element 1f8edc9 -->\t\t<\/div>\n\t\t","protected":false},"excerpt":{"rendered":"<p>Ba\u015fari Hikayeleri Bu b\u00f6l\u00fcm, MOBUILDING Yap\u0131 Alan\u0131nda \u00c7\u0131rakl\u0131k Hareketlili\u011fi Program\u0131 ile ba\u011flant\u0131l\u0131 ba\u015far\u0131 hik\u00e2yelerinden se\u00e7ilmi\u015f bir koleksiyonu sunmaktad\u0131r. Bu hik\u00e2yeler, Avrupa\u2019n\u0131n yap\u0131 sekt\u00f6r\u00fcnde \u00e7\u0131rakl\u0131k ve hareketlilik programlar\u0131na d\u00e2hil olan farkl\u0131 profillerin ger\u00e7ek ya\u015fam deneyimlerini \u00f6ne \u00e7\u0131karmaktad\u0131r. Projenin Ulusal Tan\u0131t\u0131m Kampanyalar\u0131 kapsam\u0131nda, her bir ortak \u00fclkeden toplanan ba\u015far\u0131 hik\u00e2yeleri \u015fu konular\u0131 g\u00f6zler \u00f6n\u00fcne sermektedir: Hareketlilik programlar\u0131 s\u00fcrecinde mesleki e\u011fitim sa\u011flay\u0131c\u0131lar\u0131 ve i\u015fletmelerin bak\u0131\u015f a\u00e7\u0131lar\u0131 \u00c7\u0131raklar\u0131n ve stajyerlerin hareketlilik deneyimleri \u00a0 MOBUILDING ba\u015far\u0131 hik\u00e2yeleri, \u00e7\u0131rakl\u0131k hareketlili\u011finin beceri geli\u015fimi, kurumsal b\u00fcy\u00fcme ve s\u0131n\u0131r \u00f6tesi i\u015f birli\u011fi \u00fczerindeki olumlu etkilerini ortaya koymaktad\u0131r. Mart 2026\u2019dan itibaren eri\u015filebilir olacakt\u0131r<\/p>\n","protected":false},"author":4,"featured_media":0,"parent":0,"menu_order":0,"comment_status":"closed","ping_status":"closed","template":"elementor_header_footer","meta":{"_acf_changed":false,"inline_featured_image":false,"footnotes":""},"class_list":["post-8431","page","type-page","status-publish","hentry"],"acf":[],"_links":{"self":[{"href":"https:\/\/mobuilding.eu\/tr\/wp-json\/wp\/v2\/pages\/8431","targetHints":{"allow":["GET"]}}],"collection":[{"href":"https:\/\/mobuilding.eu\/tr\/wp-json\/wp\/v2\/pages"}],"about":[{"href":"https:\/\/mobuilding.eu\/tr\/wp-json\/wp\/v2\/types\/page"}],"author":[{"embeddable":true,"href":"https:\/\/mobuilding.eu\/tr\/wp-json\/wp\/v2\/users\/4"}],"replies":[{"embeddable":true,"href":"https:\/\/mobuilding.eu\/tr\/wp-json\/wp\/v2\/comments?post=8431"}],"version-history":[{"count":17,"href":"https:\/\/mobuilding.eu\/tr\/wp-json\/wp\/v2\/pages\/8431\/revisions"}],"predecessor-version":[{"id":9665,"href":"https:\/\/mobuilding.eu\/tr\/wp-json\/wp\/v2\/pages\/8431\/revisions\/9665"}],"wp:attachment":[{"href":"https:\/\/mobuilding.eu\/tr\/wp-json\/wp\/v2\/media?parent=8431"}],"curies":[{"name":"wp","href":"https:\/\/api.w.org\/{rel}","templated":true}]}}