{"id":8441,"date":"2025-09-18T16:10:33","date_gmt":"2025-09-18T14:10:33","guid":{"rendered":"https:\/\/mobuilding.eu\/platform\/"},"modified":"2026-02-23T17:27:42","modified_gmt":"2026-02-23T16:27:42","slug":"platform","status":"publish","type":"page","link":"https:\/\/mobuilding.eu\/tr\/platform\/","title":{"rendered":"Proje Platformu"},"content":{"rendered":"\t\t<div data-elementor-type=\"wp-page\" data-elementor-id=\"8441\" class=\"elementor elementor-8441 elementor-7749\">\n\t\t\t\t<div class=\"elementor-element elementor-element-850805b e-flex e-con-boxed wpr-particle-no wpr-jarallax-no wpr-parallax-no wpr-sticky-section-no wpr-equal-height-no e-con e-parent\" data-id=\"850805b\" data-element_type=\"container\" data-e-type=\"container\" data-settings=\"{&quot;background_background&quot;:&quot;classic&quot;}\">\n\t\t\t\t\t<div class=\"e-con-inner\">\n\t\t\t\t<div class=\"elementor-element elementor-element-3597e6c elementor-widget elementor-widget-text-editor\" data-id=\"3597e6c\" data-element_type=\"widget\" data-e-type=\"widget\" data-widget_type=\"text-editor.default\">\n\t\t\t\t<div class=\"elementor-widget-container\">\n\t\t\t\t\t\t\t\t\t<p><strong>Platformu<\/strong><\/p>\t\t\t\t\t\t\t\t<\/div>\n\t\t\t\t<\/div>\n\t\t\t\t\t<\/div>\n\t\t\t\t<\/div>\n\t\t<div class=\"elementor-element elementor-element-b1312ab e-flex e-con-boxed wpr-particle-no wpr-jarallax-no wpr-parallax-no wpr-sticky-section-no wpr-equal-height-no e-con e-parent\" data-id=\"b1312ab\" data-element_type=\"container\" data-e-type=\"container\">\n\t\t\t\t\t<div class=\"e-con-inner\">\n\t\t\t\t<div class=\"elementor-element elementor-element-d195cfd elementor-widget-tablet__width-inherit elementor-widget elementor-widget-text-editor\" data-id=\"d195cfd\" data-element_type=\"widget\" data-e-type=\"widget\" data-widget_type=\"text-editor.default\">\n\t\t\t\t<div class=\"elementor-widget-container\">\n\t\t\t\t\t\t\t\t\t<div><div><div><div><div><div><div><div><div><p>Bu dijital platform, Avrupa genelinde in\u015faat sekt\u00f6r\u00fcndeki \u00e7\u0131rakl\u0131k hareketlili\u011fi ak\u0131\u015flar\u0131n\u0131 y\u00f6netmek ve bilgi al\u0131\u015fveri\u015fini kolayla\u015ft\u0131rmak i\u00e7in bir referans noktas\u0131 haline gelmek \u00fczere tasarlanm\u0131\u015ft\u0131r. Platform, mesleki e\u011fitim sa\u011flay\u0131c\u0131lar\u0131n\u0131 (VET), i\u015fletmeleri, \u00e7\u0131raklar\u0131 ve kurumsal payda\u015flar\u0131 birbirine ba\u011flayan etkile\u015fimli bir ortam sunar. Hareketlilik deneyimlerinin planlanmas\u0131n\u0131, koordinasyonunu ve kalite g\u00fcvencesini kolayla\u015ft\u0131r\u0131rken; ayn\u0131 zamanda a\u011f olu\u015fturmay\u0131, i\u015f birli\u011fini ve beceri geli\u015fimini te\u015fvik eder.<\/p><p>Platform d\u00f6rt temel alandan olu\u015fur:<\/p><\/div><\/div><\/div><\/div><\/div><\/div><\/div><\/div><\/div>\t\t\t\t\t\t\t\t<\/div>\n\t\t\t\t<\/div>\n\t\t\t\t\t<\/div>\n\t\t\t\t<\/div>\n\t\t<div class=\"elementor-element elementor-element-225278b e-flex e-con-boxed wpr-particle-no wpr-jarallax-no wpr-parallax-no wpr-sticky-section-no wpr-equal-height-no e-con e-parent\" data-id=\"225278b\" data-element_type=\"container\" data-e-type=\"container\">\n\t\t\t\t\t<div class=\"e-con-inner\">\n\t\t\t\t<div class=\"elementor-element elementor-element-73f6275 elementor-widget-tablet__width-inherit elementor-widget elementor-widget-text-editor\" data-id=\"73f6275\" data-element_type=\"widget\" data-e-type=\"widget\" data-widget_type=\"text-editor.default\">\n\t\t\t\t<div class=\"elementor-widget-container\">\n\t\t\t\t\t\t\t\t\t<div><div><div><div><div><div><div><div><div><p>Ortakl\u0131k ve A\u011f Olu\u015fturma Alan\u0131 <\/p><\/div><\/div><\/div><\/div><\/div><\/div><\/div><\/div><\/div>\t\t\t\t\t\t\t\t<\/div>\n\t\t\t\t<\/div>\n\t\t\t\t<div class=\"elementor-element elementor-element-1f82a1f elementor-widget-divider--view-line elementor-widget elementor-widget-divider\" data-id=\"1f82a1f\" data-element_type=\"widget\" data-e-type=\"widget\" data-widget_type=\"divider.default\">\n\t\t\t\t<div class=\"elementor-widget-container\">\n\t\t\t\t\t\t\t<div class=\"elementor-divider\">\n\t\t\t<span class=\"elementor-divider-separator\">\n\t\t\t\t\t\t<\/span>\n\t\t<\/div>\n\t\t\t\t\t\t<\/div>\n\t\t\t\t<\/div>\n\t\t\t\t\t<\/div>\n\t\t\t\t<\/div>\n\t\t<div class=\"elementor-element elementor-element-94078eb e-flex e-con-boxed wpr-particle-no wpr-jarallax-no wpr-parallax-no wpr-sticky-section-no wpr-equal-height-no e-con e-parent\" data-id=\"94078eb\" data-element_type=\"container\" data-e-type=\"container\">\n\t\t\t\t\t<div class=\"e-con-inner\">\n\t\t<div class=\"elementor-element elementor-element-3c823bd e-con-full e-flex wpr-particle-no wpr-jarallax-no wpr-parallax-no wpr-sticky-section-no wpr-equal-height-no e-con e-child\" data-id=\"3c823bd\" data-element_type=\"container\" data-e-type=\"container\">\n\t\t\t\t<div class=\"elementor-element elementor-element-d3e2920 elementor-widget-tablet__width-inherit elementor-widget elementor-widget-text-editor\" data-id=\"d3e2920\" data-element_type=\"widget\" data-e-type=\"widget\" data-widget_type=\"text-editor.default\">\n\t\t\t\t<div class=\"elementor-widget-container\">\n\t\t\t\t\t\t\t\t\t<div><div><div><div><div><div><div><div><div><p>Ortakl\u0131k ve A\u011f Olu\u015fturma Alan\u0131, \u0130n\u015faat Sekt\u00f6r\u00fcnde \u00c7\u0131rakl\u0131k Hareketlili\u011fi i\u00e7in Avrupa Platformu\u2019nun i\u015f birli\u011fine dayal\u0131 merkezidir. Bu alan, mesleki e\u011fitim sa\u011flay\u0131c\u0131lar\u0131n\u0131n, \u015firketlerin, arac\u0131 kurumlar\u0131n ve di\u011fer payda\u015flar\u0131n ba\u011flant\u0131 kurabilece\u011fi, ilgi alanlar\u0131n\u0131 payla\u015fabilece\u011fi ve in\u015faat sekt\u00f6r\u00fcnde \u00e7\u0131rakl\u0131k hareketlili\u011fine y\u00f6nelik ortakl\u0131klar, konsorsiyumlar ve a\u011flar olu\u015fturabilece\u011fi \u00f6zel bir ortam sunar.<\/p><p>Kullan\u0131c\u0131lar, kurumsal profiller olu\u015fturabilir, hareketlilik tekliflerini veya ihtiya\u00e7lar\u0131n\u0131 sergileyebilir ve Avrupa genelinde g\u00fcvenilir ortaklarla potansiyel e\u015fle\u015fmeleri ke\u015ffedebilir. Bu alan, do\u011frudan ileti\u015fimi kolayla\u015ft\u0131r\u0131r ve uzun vadeli i\u015f birliklerini te\u015fvik ederek in\u015faat sekt\u00f6r\u00fcnde s\u00fcrd\u00fcr\u00fclebilir hareketlilik a\u011flar\u0131n\u0131n temellerini atmaya yard\u0131mc\u0131 olur.<\/p><p>Kaliteye ve yenili\u011fe ba\u011fl\u0131 kurumlar\u0131 bir araya getirerek bu alan, in\u015faat sekt\u00f6r\u00fcndeki mesleki e\u011fitimin gelece\u011fini \u015fekillendirmeye haz\u0131r g\u00fc\u00e7l\u00fc ve destekleyici bir topluluk olu\u015fturur; sinerjiler yarat\u0131r ve Avrupa \u00c7\u0131rakl\u0131k \u0130ttifak\u0131\u2019ndan faydalan\u0131r.<\/p><\/div><\/div><\/div><\/div><\/div><\/div><\/div><\/div><\/div>\t\t\t\t\t\t\t\t<\/div>\n\t\t\t\t<\/div>\n\t\t\t\t<\/div>\n\t\t\t\t\t<\/div>\n\t\t\t\t<\/div>\n\t\t<div class=\"elementor-element elementor-element-50ecd3b e-flex e-con-boxed wpr-particle-no wpr-jarallax-no wpr-parallax-no wpr-sticky-section-no wpr-equal-height-no e-con e-parent\" data-id=\"50ecd3b\" data-element_type=\"container\" data-e-type=\"container\">\n\t\t\t\t\t<div class=\"e-con-inner\">\n\t\t\t\t<div class=\"elementor-element elementor-element-3f6417a elementor-widget-tablet__width-inherit elementor-widget elementor-widget-text-editor\" data-id=\"3f6417a\" data-element_type=\"widget\" data-e-type=\"widget\" data-widget_type=\"text-editor.default\">\n\t\t\t\t<div class=\"elementor-widget-container\">\n\t\t\t\t\t\t\t\t\t<div><div><div><div><div><div><div><div><div><p>Kapasite Geli\u015ftirme Alan\u0131<\/p><\/div><\/div><\/div><\/div><\/div><\/div><\/div><\/div><\/div>\t\t\t\t\t\t\t\t<\/div>\n\t\t\t\t<\/div>\n\t\t\t\t<div class=\"elementor-element elementor-element-91d4980 elementor-widget-divider--view-line elementor-widget elementor-widget-divider\" data-id=\"91d4980\" data-element_type=\"widget\" data-e-type=\"widget\" data-widget_type=\"divider.default\">\n\t\t\t\t<div class=\"elementor-widget-container\">\n\t\t\t\t\t\t\t<div class=\"elementor-divider\">\n\t\t\t<span class=\"elementor-divider-separator\">\n\t\t\t\t\t\t<\/span>\n\t\t<\/div>\n\t\t\t\t\t\t<\/div>\n\t\t\t\t<\/div>\n\t\t\t\t\t<\/div>\n\t\t\t\t<\/div>\n\t\t<div class=\"elementor-element elementor-element-63cc9c5 e-flex e-con-boxed wpr-particle-no wpr-jarallax-no wpr-parallax-no wpr-sticky-section-no wpr-equal-height-no e-con e-parent\" data-id=\"63cc9c5\" data-element_type=\"container\" data-e-type=\"container\">\n\t\t\t\t\t<div class=\"e-con-inner\">\n\t\t\t\t<div class=\"elementor-element elementor-element-2ceb9ed elementor-widget-tablet__width-inherit elementor-widget elementor-widget-text-editor\" data-id=\"2ceb9ed\" data-element_type=\"widget\" data-e-type=\"widget\" data-widget_type=\"text-editor.default\">\n\t\t\t\t<div class=\"elementor-widget-container\">\n\t\t\t\t\t\t\t\t\t<div><div><div><div><div><div><div><div><div><p>Kapasite Geli\u015ftirme Alan\u0131, in\u015faat sekt\u00f6r\u00fcndeki \u00e7\u0131rakl\u0131k hareketlili\u011fine kat\u0131lan kurumlar\u0131n ve \u00f6\u011frenicilerin becerilerini ve haz\u0131r bulunu\u015fluklar\u0131n\u0131 g\u00fc\u00e7lendirmek amac\u0131yla tasarlanm\u0131\u015ft\u0131r.<\/p><p>Bu alan; a\u015fa\u011f\u0131daki gruplar\u0131 desteklemek i\u00e7in pratik kaynaklar, ara\u00e7lar ve \u00f6\u011frenme materyalleri sunar:<\/p><\/div><div><ul><li>Mesleki e\u011fitim sa\u011flay\u0131c\u0131lar\u0131, \u015firketler (\u00f6zellikle KOB\u0130\u2019ler) ve hareketlilik koordinat\u00f6rleri i\u00e7in:<br \/>\u0130n\u015faat sekt\u00f6r\u00fcnde \u00e7\u0131rakl\u0131k hareketlili\u011finin etkin y\u00f6netimi konusunda E\u011fitim Program\u0131 arac\u0131l\u0131\u011f\u0131yla s\u0131n\u0131r \u00f6tesi hareketlilik deneyimlerinin planlanmas\u0131, y\u00f6netilmesi ve de\u011ferlendirilmesi s\u00fcre\u00e7lerini geli\u015ftirmek.<br \/><br \/><\/li><li>\u00c7\u0131raklar i\u00e7in:<br \/>S\u0131n\u0131r \u00f6tesi hareketlilikte k\u00fclt\u00fcrel fark\u0131ndal\u0131k e\u011fitimi ve dil \u00f6\u011frenimi i\u00e7in harici kaynaklara eri\u015fim sa\u011flamak.<\/li><\/ul><\/div><\/div><\/div><\/div><\/div><\/div><\/div><\/div><\/div>\t\t\t\t\t\t\t\t<\/div>\n\t\t\t\t<\/div>\n\t\t\t\t\t<\/div>\n\t\t\t\t<\/div>\n\t\t<div class=\"elementor-element elementor-element-fb84beb e-flex e-con-boxed wpr-particle-no wpr-jarallax-no wpr-parallax-no wpr-sticky-section-no wpr-equal-height-no e-con e-parent\" data-id=\"fb84beb\" data-element_type=\"container\" data-e-type=\"container\">\n\t\t\t\t\t<div class=\"e-con-inner\">\n\t\t\t\t<div class=\"elementor-element elementor-element-656601f elementor-widget-tablet__width-inherit elementor-widget elementor-widget-text-editor\" data-id=\"656601f\" data-element_type=\"widget\" data-e-type=\"widget\" data-widget_type=\"text-editor.default\">\n\t\t\t\t<div class=\"elementor-widget-container\">\n\t\t\t\t\t\t\t\t\t<div><div><div><div><div><div><div><div><div><p>\u00c7\u0131rakl\u0131k Hareketlili\u011fi Y\u00f6netim Arac\u0131<\/p><\/div><\/div><\/div><\/div><\/div><\/div><\/div><\/div><\/div>\t\t\t\t\t\t\t\t<\/div>\n\t\t\t\t<\/div>\n\t\t\t\t<div class=\"elementor-element elementor-element-d193472 elementor-widget-divider--view-line elementor-widget elementor-widget-divider\" data-id=\"d193472\" data-element_type=\"widget\" data-e-type=\"widget\" data-widget_type=\"divider.default\">\n\t\t\t\t<div class=\"elementor-widget-container\">\n\t\t\t\t\t\t\t<div class=\"elementor-divider\">\n\t\t\t<span class=\"elementor-divider-separator\">\n\t\t\t\t\t\t<\/span>\n\t\t<\/div>\n\t\t\t\t\t\t<\/div>\n\t\t\t\t<\/div>\n\t\t\t\t\t<\/div>\n\t\t\t\t<\/div>\n\t\t<div class=\"elementor-element elementor-element-6f995fc e-flex e-con-boxed wpr-particle-no wpr-jarallax-no wpr-parallax-no wpr-sticky-section-no wpr-equal-height-no e-con e-parent\" data-id=\"6f995fc\" data-element_type=\"container\" data-e-type=\"container\">\n\t\t\t\t\t<div class=\"e-con-inner\">\n\t\t\t\t<div class=\"elementor-element elementor-element-3fa6c2d elementor-widget-tablet__width-inherit elementor-widget elementor-widget-text-editor\" data-id=\"3fa6c2d\" data-element_type=\"widget\" data-e-type=\"widget\" data-widget_type=\"text-editor.default\">\n\t\t\t\t<div class=\"elementor-widget-container\">\n\t\t\t\t\t\t\t\t\t<div><div><div><div><div><div><div><div><div><p>\u00c7\u0131rakl\u0131k Hareketlili\u011fi Y\u00f6netim Arac\u0131, in\u015faat sekt\u00f6r\u00fcndeki s\u0131n\u0131r \u00f6tesi hareketlilik deneyimlerinin t\u00fcm ya\u015fam d\u00f6ng\u00fcs\u00fcn\u00fc destekler.<\/p><p>Bu dijital ara\u00e7, mesleki e\u011fitim sa\u011flay\u0131c\u0131lar\u0131 ve \u015firketlerin hareketlilik s\u00fcrecinin t\u00fcm a\u015famalar\u0131n\u0131 \u2014 ilk planlama ve ortakl\u0131k anla\u015fmalar\u0131ndan belgeleme, lojistik, izleme ve hareketlilik sonras\u0131 de\u011ferlendirmeye kadar \u2014 koordine etmesine yard\u0131mc\u0131 olur. G\u00f6nderen ve ev sahibi kurulu\u015flar aras\u0131ndaki ileti\u015fimi kolayla\u015ft\u0131r\u0131r ve \u00e7\u0131raklar\u0131n yolculuklar\u0131 boyunca tutarl\u0131 destek almas\u0131n\u0131 sa\u011flar.<\/p><p>Avrupa kalite \u00e7er\u00e7eveleriyle uyumlu standart \u015fablonlar, zaman \u00e7izelgeleri ve rehberlik sunarak, kurulu\u015flar\u0131n hareketlilik s\u00fcre\u00e7lerini daha verimli, \u015feffaf ve g\u00fcvenli bi\u00e7imde y\u00f6netmesine olanak tan\u0131r. Bu ara\u00e7, \u00f6zellikle uluslararas\u0131 \u00e7\u0131rakl\u0131k de\u011fi\u015fimlerinde yeni olan veya s\u0131n\u0131rl\u0131 kaynaklarla \u00e7al\u0131\u015fan kurumlar i\u00e7in b\u00fcy\u00fck de\u011fer ta\u015f\u0131r.<\/p><\/div><\/div><\/div><\/div><\/div><\/div><\/div><\/div><\/div>\t\t\t\t\t\t\t\t<\/div>\n\t\t\t\t<\/div>\n\t\t\t\t\t<\/div>\n\t\t\t\t<\/div>\n\t\t<div class=\"elementor-element elementor-element-34028fe e-flex e-con-boxed wpr-particle-no wpr-jarallax-no wpr-parallax-no wpr-sticky-section-no wpr-equal-height-no e-con e-parent\" data-id=\"34028fe\" data-element_type=\"container\" data-e-type=\"container\">\n\t\t\t\t\t<div class=\"e-con-inner\">\n\t\t\t\t<div class=\"elementor-element elementor-element-2b31891 elementor-widget-tablet__width-inherit elementor-widget elementor-widget-text-editor\" data-id=\"2b31891\" data-element_type=\"widget\" data-e-type=\"widget\" data-widget_type=\"text-editor.default\">\n\t\t\t\t<div class=\"elementor-widget-container\">\n\t\t\t\t\t\t\t\t\t<div><div><div><div><div><div><div><div><div><p>Akreditasyon, Do\u011frulama ve Tan\u0131ma Merkezi<\/p><\/div><\/div><\/div><\/div><\/div><\/div><\/div><\/div><\/div>\t\t\t\t\t\t\t\t<\/div>\n\t\t\t\t<\/div>\n\t\t\t\t<div class=\"elementor-element elementor-element-e66e6e0 elementor-widget-divider--view-line elementor-widget elementor-widget-divider\" data-id=\"e66e6e0\" data-element_type=\"widget\" data-e-type=\"widget\" data-widget_type=\"divider.default\">\n\t\t\t\t<div class=\"elementor-widget-container\">\n\t\t\t\t\t\t\t<div class=\"elementor-divider\">\n\t\t\t<span class=\"elementor-divider-separator\">\n\t\t\t\t\t\t<\/span>\n\t\t<\/div>\n\t\t\t\t\t\t<\/div>\n\t\t\t\t<\/div>\n\t\t\t\t\t<\/div>\n\t\t\t\t<\/div>\n\t\t<div class=\"elementor-element elementor-element-429524c e-flex e-con-boxed wpr-particle-no wpr-jarallax-no wpr-parallax-no wpr-sticky-section-no wpr-equal-height-no e-con e-parent\" data-id=\"429524c\" data-element_type=\"container\" data-e-type=\"container\">\n\t\t\t\t\t<div class=\"e-con-inner\">\n\t\t\t\t<div class=\"elementor-element elementor-element-3597c7f elementor-widget-tablet__width-inherit elementor-widget elementor-widget-text-editor\" data-id=\"3597c7f\" data-element_type=\"widget\" data-e-type=\"widget\" data-widget_type=\"text-editor.default\">\n\t\t\t\t<div class=\"elementor-widget-container\">\n\t\t\t\t\t\t\t\t\t<div><div><div><div><div><div><div><div><div><p>Akreditasyon, Do\u011frulama ve Tan\u0131ma Merkezi; mesleki e\u011fitim sa\u011flay\u0131c\u0131lar\u0131n\u0131n ve \u015firketlerin, hareketlilik deneyimleri s\u0131ras\u0131nda elde edilen \u00f6\u011frenme \u00e7\u0131kt\u0131lar\u0131n\u0131n Avrupa \u00e7er\u00e7evelerine (EQF, ECVET miras ilkeleri, EQAVET, ISO 21001) g\u00f6re do\u011fru \u015fekilde belgelenmesini, de\u011ferlendirilmesini ve tan\u0131nmas\u0131n\u0131 sa\u011flamalar\u0131na yard\u0131mc\u0131 olacak ara\u00e7lar ve rehberlik sunar.<\/p><p>Bu merkez \u00fc\u00e7 ana alanda destek sa\u011flar:<\/p><ul><li>Erasmus akreditasyonu deste\u011fi:<br \/>S\u0131n\u0131r \u00f6tesi de\u011fi\u015fim ve i\u015f birli\u011fine a\u00e7\u0131lmak isteyen veya Erasmus+ program\u0131 arac\u0131l\u0131\u011f\u0131yla m\u00fckemmeliyet etiketi ba\u015fvurusu yapmay\u0131 planlayan mesleki e\u011fitim kurumlar\u0131 i\u00e7in.<br \/><br \/><\/li><li>\u00c7\u0131rakl\u0131k \u00e7\u0131kt\u0131lar\u0131n\u0131n do\u011frulanmas\u0131na destek:<br \/>Europass gibi Avrupa ara\u00e7lar\u0131yla b\u00fct\u00fcnle\u015fik bi\u00e7imde.<br \/><br \/><\/li><li>Hareketlilik programlar\u0131n\u0131n resmi tan\u0131nmas\u0131 konusunda rehberlik:<br \/>Farkl\u0131 \u00fclkelerde \u00e7\u0131rakl\u0131k hareketliliklerinin tan\u0131nma s\u00fcre\u00e7lerinde yol g\u00f6sterici destek.<\/li><\/ul><\/div><\/div><\/div><\/div><\/div><\/div><\/div><\/div><\/div>\t\t\t\t\t\t\t\t<\/div>\n\t\t\t\t<\/div>\n\t\t\t\t\t<\/div>\n\t\t\t\t<\/div>\n\t\t<div class=\"elementor-element elementor-element-b258b72 e-flex e-con-boxed wpr-particle-no wpr-jarallax-no wpr-parallax-no wpr-sticky-section-no wpr-equal-height-no e-con e-parent\" data-id=\"b258b72\" data-element_type=\"container\" data-e-type=\"container\">\n\t\t\t\t\t<div class=\"e-con-inner\">\n\t\t\t\t<div class=\"elementor-element elementor-element-1507f7a elementor-widget__width-initial elementor-widget elementor-widget-text-editor\" data-id=\"1507f7a\" data-element_type=\"widget\" data-e-type=\"widget\" data-widget_type=\"text-editor.default\">\n\t\t\t\t<div class=\"elementor-widget-container\">\n\t\t\t\t\t\t\t\t\t<p>A\u011fustos 2026\u2019dan itibaren kullan\u0131ma sunulacakt\u0131r.<\/p>\t\t\t\t\t\t\t\t<\/div>\n\t\t\t\t<\/div>\n\t\t\t\t\t<\/div>\n\t\t\t\t<\/div>\n\t\t\t\t<\/div>\n\t\t","protected":false},"excerpt":{"rendered":"<p>Platformu Bu dijital platform, Avrupa genelinde in\u015faat sekt\u00f6r\u00fcndeki \u00e7\u0131rakl\u0131k hareketlili\u011fi ak\u0131\u015flar\u0131n\u0131 y\u00f6netmek ve bilgi al\u0131\u015fveri\u015fini kolayla\u015ft\u0131rmak i\u00e7in bir referans noktas\u0131 haline gelmek \u00fczere tasarlanm\u0131\u015ft\u0131r. Platform, mesleki e\u011fitim sa\u011flay\u0131c\u0131lar\u0131n\u0131 (VET), i\u015fletmeleri, \u00e7\u0131raklar\u0131 ve kurumsal payda\u015flar\u0131 birbirine ba\u011flayan etkile\u015fimli bir ortam sunar. Hareketlilik deneyimlerinin planlanmas\u0131n\u0131, koordinasyonunu ve kalite g\u00fcvencesini kolayla\u015ft\u0131r\u0131rken; ayn\u0131 zamanda a\u011f olu\u015fturmay\u0131, i\u015f birli\u011fini ve beceri geli\u015fimini te\u015fvik eder. Platform d\u00f6rt temel alandan olu\u015fur: Ortakl\u0131k ve A\u011f Olu\u015fturma Alan\u0131 Ortakl\u0131k ve A\u011f Olu\u015fturma Alan\u0131, \u0130n\u015faat Sekt\u00f6r\u00fcnde \u00c7\u0131rakl\u0131k Hareketlili\u011fi i\u00e7in Avrupa Platformu\u2019nun i\u015f birli\u011fine dayal\u0131 merkezidir. Bu alan, mesleki e\u011fitim sa\u011flay\u0131c\u0131lar\u0131n\u0131n, \u015firketlerin, arac\u0131 kurumlar\u0131n ve di\u011fer payda\u015flar\u0131n ba\u011flant\u0131 kurabilece\u011fi, ilgi alanlar\u0131n\u0131 payla\u015fabilece\u011fi ve in\u015faat sekt\u00f6r\u00fcnde \u00e7\u0131rakl\u0131k hareketlili\u011fine y\u00f6nelik ortakl\u0131klar, konsorsiyumlar ve a\u011flar olu\u015fturabilece\u011fi \u00f6zel bir ortam sunar. Kullan\u0131c\u0131lar, kurumsal profiller olu\u015fturabilir, hareketlilik tekliflerini veya ihtiya\u00e7lar\u0131n\u0131 sergileyebilir ve Avrupa genelinde g\u00fcvenilir ortaklarla potansiyel e\u015fle\u015fmeleri ke\u015ffedebilir. Bu alan, do\u011frudan ileti\u015fimi kolayla\u015ft\u0131r\u0131r ve uzun vadeli i\u015f birliklerini te\u015fvik ederek in\u015faat sekt\u00f6r\u00fcnde s\u00fcrd\u00fcr\u00fclebilir hareketlilik a\u011flar\u0131n\u0131n temellerini atmaya yard\u0131mc\u0131 olur. Kaliteye ve yenili\u011fe ba\u011fl\u0131 kurumlar\u0131 bir araya getirerek bu alan, in\u015faat sekt\u00f6r\u00fcndeki mesleki e\u011fitimin gelece\u011fini \u015fekillendirmeye haz\u0131r g\u00fc\u00e7l\u00fc ve destekleyici bir topluluk olu\u015fturur; sinerjiler yarat\u0131r ve Avrupa \u00c7\u0131rakl\u0131k \u0130ttifak\u0131\u2019ndan faydalan\u0131r. Kapasite Geli\u015ftirme Alan\u0131 Kapasite Geli\u015ftirme Alan\u0131, in\u015faat sekt\u00f6r\u00fcndeki \u00e7\u0131rakl\u0131k hareketlili\u011fine kat\u0131lan kurumlar\u0131n ve \u00f6\u011frenicilerin becerilerini ve haz\u0131r bulunu\u015fluklar\u0131n\u0131 g\u00fc\u00e7lendirmek amac\u0131yla tasarlanm\u0131\u015ft\u0131r. Bu alan; a\u015fa\u011f\u0131daki gruplar\u0131 desteklemek i\u00e7in pratik kaynaklar, ara\u00e7lar ve \u00f6\u011frenme materyalleri sunar: Mesleki e\u011fitim sa\u011flay\u0131c\u0131lar\u0131, \u015firketler (\u00f6zellikle KOB\u0130\u2019ler) ve hareketlilik koordinat\u00f6rleri i\u00e7in:\u0130n\u015faat sekt\u00f6r\u00fcnde \u00e7\u0131rakl\u0131k hareketlili\u011finin etkin y\u00f6netimi konusunda E\u011fitim Program\u0131 arac\u0131l\u0131\u011f\u0131yla s\u0131n\u0131r \u00f6tesi hareketlilik deneyimlerinin planlanmas\u0131, y\u00f6netilmesi ve de\u011ferlendirilmesi s\u00fcre\u00e7lerini geli\u015ftirmek. \u00c7\u0131raklar i\u00e7in:S\u0131n\u0131r \u00f6tesi hareketlilikte k\u00fclt\u00fcrel fark\u0131ndal\u0131k e\u011fitimi ve dil \u00f6\u011frenimi i\u00e7in harici kaynaklara eri\u015fim sa\u011flamak. \u00c7\u0131rakl\u0131k Hareketlili\u011fi Y\u00f6netim Arac\u0131 \u00c7\u0131rakl\u0131k Hareketlili\u011fi Y\u00f6netim Arac\u0131, in\u015faat sekt\u00f6r\u00fcndeki s\u0131n\u0131r \u00f6tesi hareketlilik deneyimlerinin t\u00fcm ya\u015fam d\u00f6ng\u00fcs\u00fcn\u00fc destekler. Bu dijital ara\u00e7, mesleki e\u011fitim sa\u011flay\u0131c\u0131lar\u0131 ve \u015firketlerin hareketlilik s\u00fcrecinin t\u00fcm a\u015famalar\u0131n\u0131 \u2014 ilk planlama ve ortakl\u0131k anla\u015fmalar\u0131ndan belgeleme, lojistik, izleme ve hareketlilik sonras\u0131 de\u011ferlendirmeye kadar \u2014 koordine etmesine yard\u0131mc\u0131 olur. G\u00f6nderen ve ev sahibi kurulu\u015flar aras\u0131ndaki ileti\u015fimi kolayla\u015ft\u0131r\u0131r ve \u00e7\u0131raklar\u0131n yolculuklar\u0131 boyunca tutarl\u0131 destek almas\u0131n\u0131 sa\u011flar. Avrupa kalite \u00e7er\u00e7eveleriyle uyumlu standart \u015fablonlar, zaman \u00e7izelgeleri ve rehberlik sunarak, kurulu\u015flar\u0131n hareketlilik s\u00fcre\u00e7lerini daha verimli, \u015feffaf ve g\u00fcvenli bi\u00e7imde y\u00f6netmesine olanak tan\u0131r. Bu ara\u00e7, \u00f6zellikle uluslararas\u0131 \u00e7\u0131rakl\u0131k de\u011fi\u015fimlerinde yeni olan veya s\u0131n\u0131rl\u0131 kaynaklarla \u00e7al\u0131\u015fan kurumlar i\u00e7in b\u00fcy\u00fck de\u011fer ta\u015f\u0131r. Akreditasyon, Do\u011frulama ve Tan\u0131ma Merkezi Akreditasyon, Do\u011frulama ve Tan\u0131ma Merkezi; mesleki e\u011fitim sa\u011flay\u0131c\u0131lar\u0131n\u0131n ve \u015firketlerin, hareketlilik deneyimleri s\u0131ras\u0131nda elde edilen \u00f6\u011frenme \u00e7\u0131kt\u0131lar\u0131n\u0131n Avrupa \u00e7er\u00e7evelerine (EQF, ECVET miras ilkeleri, EQAVET, ISO 21001) g\u00f6re do\u011fru \u015fekilde belgelenmesini, de\u011ferlendirilmesini ve tan\u0131nmas\u0131n\u0131 sa\u011flamalar\u0131na yard\u0131mc\u0131 olacak ara\u00e7lar ve rehberlik sunar. Bu merkez \u00fc\u00e7 ana alanda destek sa\u011flar: Erasmus akreditasyonu deste\u011fi:S\u0131n\u0131r \u00f6tesi de\u011fi\u015fim ve i\u015f birli\u011fine a\u00e7\u0131lmak isteyen veya Erasmus+ program\u0131 arac\u0131l\u0131\u011f\u0131yla m\u00fckemmeliyet etiketi ba\u015fvurusu yapmay\u0131 planlayan mesleki e\u011fitim kurumlar\u0131 i\u00e7in. \u00c7\u0131rakl\u0131k \u00e7\u0131kt\u0131lar\u0131n\u0131n do\u011frulanmas\u0131na destek:Europass gibi Avrupa ara\u00e7lar\u0131yla b\u00fct\u00fcnle\u015fik bi\u00e7imde. Hareketlilik programlar\u0131n\u0131n resmi tan\u0131nmas\u0131 konusunda rehberlik:Farkl\u0131 \u00fclkelerde \u00e7\u0131rakl\u0131k hareketliliklerinin tan\u0131nma s\u00fcre\u00e7lerinde yol g\u00f6sterici destek. A\u011fustos 2026\u2019dan itibaren kullan\u0131ma sunulacakt\u0131r.<\/p>\n","protected":false},"author":4,"featured_media":0,"parent":0,"menu_order":0,"comment_status":"closed","ping_status":"closed","template":"elementor_header_footer","meta":{"_acf_changed":false,"inline_featured_image":false,"footnotes":""},"class_list":["post-8441","page","type-page","status-publish","hentry"],"acf":[],"_links":{"self":[{"href":"https:\/\/mobuilding.eu\/tr\/wp-json\/wp\/v2\/pages\/8441","targetHints":{"allow":["GET"]}}],"collection":[{"href":"https:\/\/mobuilding.eu\/tr\/wp-json\/wp\/v2\/pages"}],"about":[{"href":"https:\/\/mobuilding.eu\/tr\/wp-json\/wp\/v2\/types\/page"}],"author":[{"embeddable":true,"href":"https:\/\/mobuilding.eu\/tr\/wp-json\/wp\/v2\/users\/4"}],"replies":[{"embeddable":true,"href":"https:\/\/mobuilding.eu\/tr\/wp-json\/wp\/v2\/comments?post=8441"}],"version-history":[{"count":7,"href":"https:\/\/mobuilding.eu\/tr\/wp-json\/wp\/v2\/pages\/8441\/revisions"}],"predecessor-version":[{"id":10380,"href":"https:\/\/mobuilding.eu\/tr\/wp-json\/wp\/v2\/pages\/8441\/revisions\/10380"}],"wp:attachment":[{"href":"https:\/\/mobuilding.eu\/tr\/wp-json\/wp\/v2\/media?parent=8441"}],"curies":[{"name":"wp","href":"https:\/\/api.w.org\/{rel}","templated":true}]}}